{"id":359086,"date":"2026-03-30T18:58:36","date_gmt":"2026-03-30T18:58:36","guid":{"rendered":"https:\/\/pfkeepers.com\/produto\/linha-de-ar-rigida-acrilica-495mm\/"},"modified":"2026-04-10T10:00:50","modified_gmt":"2026-04-10T10:00:50","slug":"linha-de-ar-rigida-acrilica-495mm","status":"publish","type":"product","link":"https:\/\/pfkeepers.com\/english\/product\/linha-de-ar-rigida-acrilica-495mm\/","title":{"rendered":"Linha de ar r\u00edgida acr\u00edlica 495mm"},"content":{"rendered":"<p>Tubo Acr\u00edlico Transparente de 5mm com um comprimento de 495mm, um acess\u00f3rio essencial para aqu\u00e1rios dom\u00e9sticos e muito mais.<br \/>\nFabricado com acr\u00edlico de alta qualidade, este tubo transparente proporciona uma visibilidade cristalina do conte\u00fado, permitindo-lhe admirar a beleza do seu aqu\u00e1rio com clareza e nitidez.<br \/>\nCom um di\u00e2metro de 5mm, este tubo \u00e9 resistente e dur\u00e1vel, garantindo uma longa vida \u00fatil. Al\u00e9m disso, o seu comprimento de 495 mm torna-o adequado para uma variedade de aplica\u00e7\u00f5es, desde sistemas de filtra\u00e7\u00e3o a projetos de decora\u00e7\u00e3o.<br \/>\nEste tubo acr\u00edlico \u00e9 f\u00e1cil de instalar e usar. Basta encaix\u00e1-lo nos conectores apropriados e voc\u00ea estar\u00e1 pronto para desfrutar de um ambiente aqu\u00e1tico espetacular em sua casa. \u00c9 compat\u00edvel com uma vasta gama de acess\u00f3rios e equipamentos para aqu\u00e1rios, oferecendo versatilidade e comodidade.<br \/>\nEste produto \u00e9 projetado para atender \u00e0s necessidades dos entusiastas de aqu\u00e1rios dom\u00e9sticos, garantindo a funcionalidade e a est\u00e9tica desejada. <\/p>","protected":false},"excerpt":{"rendered":"<p>Tubo Acr\u00edlico Transparente de 5mm com um comprimento de 495mm, um acess\u00f3rio essencial para aqu\u00e1rios dom\u00e9sticos e muito mais. Fabricado com acr\u00edlico de alta qualidade, este tubo transparente proporciona uma visibilidade cristalina do conte\u00fado, permitindo-lhe admirar a beleza do seu aqu\u00e1rio com clareza e nitidez. Com um di\u00e2metro de 5mm, este tubo \u00e9 resistente e &hellip;<\/p>\n<p class=\"read-more\"> <a class=\"\" href=\"https:\/\/pfkeepers.com\/english\/product\/linha-de-ar-rigida-acrilica-495mm\/\"> <span class=\"screen-reader-text\">Linha de ar r\u00edgida acr\u00edlica 495mm<\/span> Read More &raquo;<\/a><\/p>","protected":false},"featured_media":359087,"template":"","meta":{"site-sidebar-layout":"default","site-content-layout":"","ast-site-content-layout":"","site-content-style":"default","site-sidebar-style":"default","ast-global-header-display":"","ast-banner-title-visibility":"","ast-main-header-display":"","ast-hfb-above-header-display":"","ast-hfb-below-header-display":"","ast-hfb-mobile-header-display":"","site-post-title":"","ast-breadcrumbs-content":"","ast-featured-img":"","footer-sml-layout":"","theme-transparent-header-meta":"","adv-header-id-meta":"","stick-header-meta":"","header-above-stick-meta":"","header-main-stick-meta":"","header-below-stick-meta":"","astra-migrate-meta-layouts":""},"product_cat":[1446],"product_tag":[],"_links":{"self":[{"href":"https:\/\/pfkeepers.com\/english\/wp-json\/wp\/v2\/product\/359086"}],"collection":[{"href":"https:\/\/pfkeepers.com\/english\/wp-json\/wp\/v2\/product"}],"about":[{"href":"https:\/\/pfkeepers.com\/english\/wp-json\/wp\/v2\/types\/product"}],"wp:featuredmedia":[{"embeddable":true,"href":"https:\/\/pfkeepers.com\/english\/wp-json\/wp\/v2\/media\/359087"}],"wp:attachment":[{"href":"https:\/\/pfkeepers.com\/english\/wp-json\/wp\/v2\/media?parent=359086"}],"wp:term":[{"taxonomy":"product_cat","embeddable":true,"href":"https:\/\/pfkeepers.com\/english\/wp-json\/wp\/v2\/product_cat?post=359086"},{"taxonomy":"product_tag","embeddable":true,"href":"https:\/\/pfkeepers.com\/english\/wp-json\/wp\/v2\/product_tag?post=359086"}],"curies":[{"name":"wp","href":"https:\/\/api.w.org\/{rel}","templated":true}]}}