{"id":359071,"date":"2026-03-16T14:50:37","date_gmt":"2026-03-16T14:50:37","guid":{"rendered":"https:\/\/pfkeepers.com\/produto\/taxiphyllum-barbieri-bogor-moss\/"},"modified":"2026-04-19T01:27:11","modified_gmt":"2026-04-19T01:27:11","slug":"taxiphyllum-barbieri-bogor-moss","status":"publish","type":"product","link":"https:\/\/pfkeepers.com\/english\/product\/taxiphyllum-barbieri-bogor-moss\/","title":{"rendered":"Taxiphyllum barbieri &#8216;Bogor Moss&#8217;"},"content":{"rendered":"<p>Taxiphyllum barbieri &#8216;Bogor Moss&#8217; do sudeste da \u00c1sia \u00e9 uma planta resistente que exige pouca \u00e1gua ou luz. O musgo adquire 3-10 cm de espessura e cresce \u00e0 vontade em qualquer superf\u00edcie, por isso \u00e9 ideal para decorar pedras e ra\u00edzes de \u00e1rvores ou ocultar instala\u00e7\u00f5es no aqu\u00e1rio. Prenda a planta com um peda\u00e7o de linha de pesca ou linha de algod\u00e3o at\u00e9 que ela se fixe na decora\u00e7\u00e3o. Se o seu crescimento se tornar muito abundante, pode ser podado com uma tesoura. Em aqu\u00e1rios de cria\u00e7\u00e3o, Taxiphyllum barbieri \u00e9 um excelente esconderijo para os peixes jovens.<\/p>\n<p>Informa\u00e7\u00e3o da planta<\/p>\n<p>Tipo: musgo<br \/>\nOrigem: Asia<br \/>\nTaxa de crescimento: M\u00e9dia<br \/>\nAltura: 3 &#8211; 10+<br \/>\nDemanda leve: baixa<br \/>\nCO2: Baixo<\/p>","protected":false},"excerpt":{"rendered":"<p>Taxiphyllum barbieri &#8216;Bogor Moss&#8217; do sudeste da \u00c1sia \u00e9 uma planta resistente que exige pouca \u00e1gua ou luz. O musgo adquire 3-10 cm de espessura e cresce \u00e0 vontade em qualquer superf\u00edcie, por isso \u00e9 ideal para decorar pedras e ra\u00edzes de \u00e1rvores ou ocultar instala\u00e7\u00f5es no aqu\u00e1rio. Prenda a planta com um peda\u00e7o de &hellip;<\/p>\n<p class=\"read-more\"> <a class=\"\" href=\"https:\/\/pfkeepers.com\/english\/product\/taxiphyllum-barbieri-bogor-moss\/\"> <span class=\"screen-reader-text\">Taxiphyllum barbieri &#8216;Bogor Moss&#8217;<\/span> Read More &raquo;<\/a><\/p>","protected":false},"featured_media":359072,"template":"","meta":{"site-sidebar-layout":"default","site-content-layout":"","ast-site-content-layout":"","site-content-style":"default","site-sidebar-style":"default","ast-global-header-display":"","ast-banner-title-visibility":"","ast-main-header-display":"","ast-hfb-above-header-display":"","ast-hfb-below-header-display":"","ast-hfb-mobile-header-display":"","site-post-title":"","ast-breadcrumbs-content":"","ast-featured-img":"","footer-sml-layout":"","theme-transparent-header-meta":"","adv-header-id-meta":"","stick-header-meta":"","header-above-stick-meta":"","header-main-stick-meta":"","header-below-stick-meta":"","astra-migrate-meta-layouts":""},"product_cat":[1513],"product_tag":[],"_links":{"self":[{"href":"https:\/\/pfkeepers.com\/english\/wp-json\/wp\/v2\/product\/359071"}],"collection":[{"href":"https:\/\/pfkeepers.com\/english\/wp-json\/wp\/v2\/product"}],"about":[{"href":"https:\/\/pfkeepers.com\/english\/wp-json\/wp\/v2\/types\/product"}],"wp:featuredmedia":[{"embeddable":true,"href":"https:\/\/pfkeepers.com\/english\/wp-json\/wp\/v2\/media\/359072"}],"wp:attachment":[{"href":"https:\/\/pfkeepers.com\/english\/wp-json\/wp\/v2\/media?parent=359071"}],"wp:term":[{"taxonomy":"product_cat","embeddable":true,"href":"https:\/\/pfkeepers.com\/english\/wp-json\/wp\/v2\/product_cat?post=359071"},{"taxonomy":"product_tag","embeddable":true,"href":"https:\/\/pfkeepers.com\/english\/wp-json\/wp\/v2\/product_tag?post=359071"}],"curies":[{"name":"wp","href":"https:\/\/api.w.org\/{rel}","templated":true}]}}