{"id":359069,"date":"2026-03-16T14:50:32","date_gmt":"2026-03-16T14:50:32","guid":{"rendered":"https:\/\/pfkeepers.com\/produto\/taxiphyllum-sp-spiky-moss-porcao\/"},"modified":"2026-04-19T01:27:05","modified_gmt":"2026-04-19T01:27:05","slug":"taxiphyllum-sp-spiky-moss-porcao","status":"publish","type":"product","link":"https:\/\/pfkeepers.com\/english\/product\/taxiphyllum-sp-spiky-moss-porcao\/","title":{"rendered":"Taxiphyllum sp. &#8216;Spiky Moss&#8217; &#8211; (Por\u00e7\u00e3o)"},"content":{"rendered":"<p>\u2018Spiky\u2019 \u00e9 asi\u00e1tico e cresce de 2 a 10 cm de altura. Melhor descrito como o irm\u00e3o mais velho do musgo de Natal, \u00e9 maior e forma muitos brotos verdes profundos e ramificados. O musgo espinhoso se d\u00e1 melhor em superf\u00edcies verticais, onde os brotos ramificados aparecer\u00e3o. Um belo efeito de carpete \u00e9 poss\u00edvel se voc\u00ea plantar pequenos tufos no substrato inferior com um pequeno espa\u00e7o intermedi\u00e1rio. Ele cresce r\u00e1pido e se desenvolve em uma intensidade de luz muito baixa.<\/p>\n<p>Informa\u00e7\u00e3o da planta<\/p>\n<p>Tipo: musgo<br \/>\nOrigem: Asia<br \/>\nTaxa de crescimento: M\u00e9dia<br \/>\nAltura: 3 &#8211; 10+<br \/>\nDemanda leve: baixa<br \/>\nCO2: Baixo<\/p>","protected":false},"excerpt":{"rendered":"<p>\u2018Spiky\u2019 \u00e9 asi\u00e1tico e cresce de 2 a 10 cm de altura. Melhor descrito como o irm\u00e3o mais velho do musgo de Natal, \u00e9 maior e forma muitos brotos verdes profundos e ramificados. O musgo espinhoso se d\u00e1 melhor em superf\u00edcies verticais, onde os brotos ramificados aparecer\u00e3o. Um belo efeito de carpete \u00e9 poss\u00edvel se &hellip;<\/p>\n<p class=\"read-more\"> <a class=\"\" href=\"https:\/\/pfkeepers.com\/english\/product\/taxiphyllum-sp-spiky-moss-porcao\/\"> <span class=\"screen-reader-text\">Taxiphyllum sp. &#8216;Spiky Moss&#8217; &#8211; (Por\u00e7\u00e3o)<\/span> Read More &raquo;<\/a><\/p>","protected":false},"featured_media":359070,"template":"","meta":{"site-sidebar-layout":"default","site-content-layout":"","ast-site-content-layout":"","site-content-style":"default","site-sidebar-style":"default","ast-global-header-display":"","ast-banner-title-visibility":"","ast-main-header-display":"","ast-hfb-above-header-display":"","ast-hfb-below-header-display":"","ast-hfb-mobile-header-display":"","site-post-title":"","ast-breadcrumbs-content":"","ast-featured-img":"","footer-sml-layout":"","theme-transparent-header-meta":"","adv-header-id-meta":"","stick-header-meta":"","header-above-stick-meta":"","header-main-stick-meta":"","header-below-stick-meta":"","astra-migrate-meta-layouts":""},"product_cat":[1513],"product_tag":[],"_links":{"self":[{"href":"https:\/\/pfkeepers.com\/english\/wp-json\/wp\/v2\/product\/359069"}],"collection":[{"href":"https:\/\/pfkeepers.com\/english\/wp-json\/wp\/v2\/product"}],"about":[{"href":"https:\/\/pfkeepers.com\/english\/wp-json\/wp\/v2\/types\/product"}],"wp:featuredmedia":[{"embeddable":true,"href":"https:\/\/pfkeepers.com\/english\/wp-json\/wp\/v2\/media\/359070"}],"wp:attachment":[{"href":"https:\/\/pfkeepers.com\/english\/wp-json\/wp\/v2\/media?parent=359069"}],"wp:term":[{"taxonomy":"product_cat","embeddable":true,"href":"https:\/\/pfkeepers.com\/english\/wp-json\/wp\/v2\/product_cat?post=359069"},{"taxonomy":"product_tag","embeddable":true,"href":"https:\/\/pfkeepers.com\/english\/wp-json\/wp\/v2\/product_tag?post=359069"}],"curies":[{"name":"wp","href":"https:\/\/api.w.org\/{rel}","templated":true}]}}