{"id":359014,"date":"2026-01-12T20:46:45","date_gmt":"2026-01-12T20:46:45","guid":{"rendered":"https:\/\/pfkeepers.com\/produto\/bubble-magus-skimmer-z8\/"},"modified":"2026-04-19T01:21:38","modified_gmt":"2026-04-19T01:21:38","slug":"bubble-magus-skimmer-z8","status":"publish","type":"product","link":"https:\/\/pfkeepers.com\/english\/product\/bubble-magus-skimmer-z8\/","title":{"rendered":"Bubble Magus Skimmer Z8"},"content":{"rendered":"<p>A nova s\u00e9rie Bubble Magus Skimmer Z \u00e9 especialmente desenhada para instala\u00e7\u00e3o em espa\u00e7os confinados, e \u00e9 perfeita para todos os tipos de aqu\u00e1rios.<\/p>\n<p>Bubble Magus Skimmer Z \u00e9 constru\u00eddo em pl\u00e1stico moldado leve, com excep\u00e7\u00e3o da base, o que permite um design radicalmente diferente de outros escumadores.<\/p>\n<p>O corpo c\u00f3nico redondo t\u00edpico d\u00e1 lugar a um corpo retangular na base e triangular na estrutura do Bubble Magus Z, reduzindo muito o espa\u00e7o necess\u00e1rio para executar a mesma fun\u00e7\u00e3o com mais efic\u00e1cia. A coleta de detritos \u00e9 feita usando um copo triangular com uma al\u00e7a engra\u00e7ada para f\u00e1cil manuten\u00e7\u00e3o.<\/p>\n<p>O silenciador de ar embutido e uma placa difusora garantir\u00e3o uma opera\u00e7\u00e3o silenciosa e baixa turbul\u00eancia para uma escuma\u00e7\u00e3o de alto desempenho.<\/p>\n<p>MODELO Z8<br \/>\nO modelo Z5 tem 54 cm de altura e uma pequena base de 20 x 13 cm, essa redu\u00e7\u00e3o de espa\u00e7o deve-se ao mecanismo de cinta preso \u00e0 v\u00e1lvula superior. Este skimmer \u00e9 adequado para aqu\u00e1rios at\u00e9 700L.<\/p>\n<p>Bomba Bubble-Magus Rock DSP1800<br \/>\nDC 24V \/ 15 W (com adaptador)<br \/>\nBase: 20 x 13 cm<br \/>\nAltura: 54 cm<br \/>\nUso para aqu\u00e1rio 500-700L<br \/>\nN\u00edvel de \u00e1gua recomendado 20 cm<\/p>\n<p>2 anos de garantia<\/p>","protected":false},"excerpt":{"rendered":"<p>A nova s\u00e9rie Bubble Magus Skimmer Z \u00e9 especialmente desenhada para instala\u00e7\u00e3o em espa\u00e7os confinados, e \u00e9 perfeita para todos os tipos de aqu\u00e1rios. Bubble Magus Skimmer Z \u00e9 constru\u00eddo em pl\u00e1stico moldado leve, com excep\u00e7\u00e3o da base, o que permite um design radicalmente diferente de outros escumadores. O corpo c\u00f3nico redondo t\u00edpico d\u00e1 lugar &hellip;<\/p>\n<p class=\"read-more\"> <a class=\"\" href=\"https:\/\/pfkeepers.com\/english\/product\/bubble-magus-skimmer-z8\/\"> <span class=\"screen-reader-text\">Bubble Magus Skimmer Z8<\/span> Read More &raquo;<\/a><\/p>","protected":false},"featured_media":359015,"template":"","meta":{"site-sidebar-layout":"default","site-content-layout":"","ast-site-content-layout":"","site-content-style":"default","site-sidebar-style":"default","ast-global-header-display":"","ast-banner-title-visibility":"","ast-main-header-display":"","ast-hfb-above-header-display":"","ast-hfb-below-header-display":"","ast-hfb-mobile-header-display":"","site-post-title":"","ast-breadcrumbs-content":"","ast-featured-img":"","footer-sml-layout":"","theme-transparent-header-meta":"","adv-header-id-meta":"","stick-header-meta":"","header-above-stick-meta":"","header-main-stick-meta":"","header-below-stick-meta":"","astra-migrate-meta-layouts":""},"product_cat":[1510],"product_tag":[],"_links":{"self":[{"href":"https:\/\/pfkeepers.com\/english\/wp-json\/wp\/v2\/product\/359014"}],"collection":[{"href":"https:\/\/pfkeepers.com\/english\/wp-json\/wp\/v2\/product"}],"about":[{"href":"https:\/\/pfkeepers.com\/english\/wp-json\/wp\/v2\/types\/product"}],"wp:featuredmedia":[{"embeddable":true,"href":"https:\/\/pfkeepers.com\/english\/wp-json\/wp\/v2\/media\/359015"}],"wp:attachment":[{"href":"https:\/\/pfkeepers.com\/english\/wp-json\/wp\/v2\/media?parent=359014"}],"wp:term":[{"taxonomy":"product_cat","embeddable":true,"href":"https:\/\/pfkeepers.com\/english\/wp-json\/wp\/v2\/product_cat?post=359014"},{"taxonomy":"product_tag","embeddable":true,"href":"https:\/\/pfkeepers.com\/english\/wp-json\/wp\/v2\/product_tag?post=359014"}],"curies":[{"name":"wp","href":"https:\/\/api.w.org\/{rel}","templated":true}]}}