{"id":358997,"date":"2026-01-02T23:53:08","date_gmt":"2026-01-02T23:53:08","guid":{"rendered":"https:\/\/pfkeepers.com\/produto\/ultimate-return-line-upgrade-kits\/"},"modified":"2026-04-19T01:24:02","modified_gmt":"2026-04-19T01:24:02","slug":"ultimate-return-line-upgrade-kits","status":"publish","type":"product","link":"https:\/\/pfkeepers.com\/english\/product\/ultimate-return-line-upgrade-kits\/","title":{"rendered":"Ultimate Return Line Upgrade Kits"},"content":{"rendered":"<p>O kit inclui:<\/p>\n<p>-Os bicos Random Flow Generator\u00ae patenteados:<br \/>\n2 bicos Random Flow Generator\u00ae da s\u00e9rie Flex de 1\/2 pol. \u2013 RFG050-FLX<br \/>\n-Novos adaptadores da s\u00e9rie Flex:<br \/>\nAdaptador de tubo de 25 mm para 3\/4 pol. e o novo Multidapter\u2122 2530-075<br \/>\n-Loc-line genu\u00edno:<br \/>\nConex\u00e3o em Y de 3\/4 pol. para 1\/2 pol. e 4 sec\u00e7\u00f5es de Loc-Line genu\u00edno de 1\/2 pol.<\/p>\n<p>Compatibilidade m\u00e1xima<br \/>\nO Kit de Atualiza\u00e7\u00e3o da Linha de Retorno Ultimate \u00e9 diretamente compat\u00edvel com uma ampla variedade de marcas e modelos de aqu\u00e1rios, incluindo os aqu\u00e1rios listados abaixo:<br \/>\n-Red Sea Reefer\u2122 (Todos os modelos &#8211; recomendado para o 525 e menores)<br \/>\n-Acess\u00f3rios Loc-Line genu\u00ednos de 3\/4 pol. (isso inclui a maioria dos aqu\u00e1rios personalizados)<br \/>\n-Red Sea MAX (Linha de retorno)<br \/>\n-Aqu\u00e1rio CADE Reef Series<br \/>\n-Tubo m\u00e9trico de 25 mm<br \/>\n-Passagens de 3\/4 pol. com encaixe ou rosca<br \/>\n-Cotovelos e conex\u00f5es de encaixe para tubos de PVC Schl40 de 3\/4 pol.<br \/>\n-Tubo de PVC Schl40 de 1 pol.<br \/>\n-Quaisquer passagens ou encaixes para tubos com di\u00e2metro interno de 25 mm a 30 mm<br \/>\n-MarineCost<\/p>","protected":false},"excerpt":{"rendered":"<p>O kit inclui: -Os bicos Random Flow Generator\u00ae patenteados: 2 bicos Random Flow Generator\u00ae da s\u00e9rie Flex de 1\/2 pol. \u2013 RFG050-FLX -Novos adaptadores da s\u00e9rie Flex: Adaptador de tubo de 25 mm para 3\/4 pol. e o novo Multidapter\u2122 2530-075 -Loc-line genu\u00edno: Conex\u00e3o em Y de 3\/4 pol. para 1\/2 pol. e 4 sec\u00e7\u00f5es &hellip;<\/p>\n<p class=\"read-more\"> <a class=\"\" href=\"https:\/\/pfkeepers.com\/english\/product\/ultimate-return-line-upgrade-kits\/\"> <span class=\"screen-reader-text\">Ultimate Return Line Upgrade Kits<\/span> Read More &raquo;<\/a><\/p>","protected":false},"featured_media":358998,"template":"","meta":{"site-sidebar-layout":"default","site-content-layout":"","ast-site-content-layout":"","site-content-style":"default","site-sidebar-style":"default","ast-global-header-display":"","ast-banner-title-visibility":"","ast-main-header-display":"","ast-hfb-above-header-display":"","ast-hfb-below-header-display":"","ast-hfb-mobile-header-display":"","site-post-title":"","ast-breadcrumbs-content":"","ast-featured-img":"","footer-sml-layout":"","theme-transparent-header-meta":"","adv-header-id-meta":"","stick-header-meta":"","header-above-stick-meta":"","header-main-stick-meta":"","header-below-stick-meta":"","astra-migrate-meta-layouts":""},"product_cat":[1446],"product_tag":[],"_links":{"self":[{"href":"https:\/\/pfkeepers.com\/english\/wp-json\/wp\/v2\/product\/358997"}],"collection":[{"href":"https:\/\/pfkeepers.com\/english\/wp-json\/wp\/v2\/product"}],"about":[{"href":"https:\/\/pfkeepers.com\/english\/wp-json\/wp\/v2\/types\/product"}],"wp:featuredmedia":[{"embeddable":true,"href":"https:\/\/pfkeepers.com\/english\/wp-json\/wp\/v2\/media\/358998"}],"wp:attachment":[{"href":"https:\/\/pfkeepers.com\/english\/wp-json\/wp\/v2\/media?parent=358997"}],"wp:term":[{"taxonomy":"product_cat","embeddable":true,"href":"https:\/\/pfkeepers.com\/english\/wp-json\/wp\/v2\/product_cat?post=358997"},{"taxonomy":"product_tag","embeddable":true,"href":"https:\/\/pfkeepers.com\/english\/wp-json\/wp\/v2\/product_tag?post=358997"}],"curies":[{"name":"wp","href":"https:\/\/api.w.org\/{rel}","templated":true}]}}