{"id":358970,"date":"2025-11-29T23:06:22","date_gmt":"2025-11-29T23:06:22","guid":{"rendered":"https:\/\/pfkeepers.com\/produto\/vesicularia-ferriei-weeping-moss\/"},"modified":"2026-04-19T01:23:16","modified_gmt":"2026-04-19T01:23:16","slug":"vesicularia-ferriei-weeping-moss","status":"publish","type":"product","link":"https:\/\/pfkeepers.com\/english\/product\/vesicularia-ferriei-weeping-moss\/","title":{"rendered":"Vesicularia ferriei &#8220;Weeping Moss&#8221;"},"content":{"rendered":"<p>A Vesicularia ferriei \u2018Weeping Moss\u2019, comumente conhecida como musgo chor\u00e3o, acredita-se que seja origin\u00e1ria da China e tenha sido distribu\u00edda pela Oriental Aquarium Plants. O \u2018Weeping\u2019 \u00e9 um musgo carnudo, com 1 a 3 cm de altura, com rebentos verde brilhante em forma de l\u00e1grima ficando meio desca\u00eddo. Idealmente deve de ser fixo em troncos ou pedras mais distantes, pois ajuda a criar um sentido de profundidade e contraste no aqu\u00e1rio. O \u2018Weeping\u2019, cresce rapidamente e deve ser podado frequentemente.<\/p>\n<p>Informa\u00e7\u00f5es da planta:<\/p>\n<p>Tipo: Musgo<br \/>\nOrigem: \u00c1sia<br \/>\nTaxa de crescimento: R\u00e1pido<br \/>\nAltura: +3\u20135cm<br \/>\nDemanda de luz: M\u00e9dio<\/p>","protected":false},"excerpt":{"rendered":"<p>A Vesicularia ferriei \u2018Weeping Moss\u2019, comumente conhecida como musgo chor\u00e3o, acredita-se que seja origin\u00e1ria da China e tenha sido distribu\u00edda pela Oriental Aquarium Plants. O \u2018Weeping\u2019 \u00e9 um musgo carnudo, com 1 a 3 cm de altura, com rebentos verde brilhante em forma de l\u00e1grima ficando meio desca\u00eddo. Idealmente deve de ser fixo em troncos &hellip;<\/p>\n<p class=\"read-more\"> <a class=\"\" href=\"https:\/\/pfkeepers.com\/english\/product\/vesicularia-ferriei-weeping-moss\/\"> <span class=\"screen-reader-text\">Vesicularia ferriei &#8220;Weeping Moss&#8221;<\/span> Read More &raquo;<\/a><\/p>","protected":false},"featured_media":358971,"template":"","meta":{"site-sidebar-layout":"default","site-content-layout":"","ast-site-content-layout":"","site-content-style":"default","site-sidebar-style":"default","ast-global-header-display":"","ast-banner-title-visibility":"","ast-main-header-display":"","ast-hfb-above-header-display":"","ast-hfb-below-header-display":"","ast-hfb-mobile-header-display":"","site-post-title":"","ast-breadcrumbs-content":"","ast-featured-img":"","footer-sml-layout":"","theme-transparent-header-meta":"","adv-header-id-meta":"","stick-header-meta":"","header-above-stick-meta":"","header-main-stick-meta":"","header-below-stick-meta":"","astra-migrate-meta-layouts":""},"product_cat":[1513],"product_tag":[],"_links":{"self":[{"href":"https:\/\/pfkeepers.com\/english\/wp-json\/wp\/v2\/product\/358970"}],"collection":[{"href":"https:\/\/pfkeepers.com\/english\/wp-json\/wp\/v2\/product"}],"about":[{"href":"https:\/\/pfkeepers.com\/english\/wp-json\/wp\/v2\/types\/product"}],"wp:featuredmedia":[{"embeddable":true,"href":"https:\/\/pfkeepers.com\/english\/wp-json\/wp\/v2\/media\/358971"}],"wp:attachment":[{"href":"https:\/\/pfkeepers.com\/english\/wp-json\/wp\/v2\/media?parent=358970"}],"wp:term":[{"taxonomy":"product_cat","embeddable":true,"href":"https:\/\/pfkeepers.com\/english\/wp-json\/wp\/v2\/product_cat?post=358970"},{"taxonomy":"product_tag","embeddable":true,"href":"https:\/\/pfkeepers.com\/english\/wp-json\/wp\/v2\/product_tag?post=358970"}],"curies":[{"name":"wp","href":"https:\/\/api.w.org\/{rel}","templated":true}]}}