{"id":358955,"date":"2025-11-23T18:05:23","date_gmt":"2025-11-23T18:05:23","guid":{"rendered":"https:\/\/pfkeepers.com\/produto\/gamma-discus-diet-blister-100g\/"},"modified":"2026-04-18T23:51:37","modified_gmt":"2026-04-18T23:51:37","slug":"gamma-discus-diet-blister-100g","status":"publish","type":"product","link":"https:\/\/pfkeepers.com\/english\/product\/gamma-discus-diet-blister-100g\/","title":{"rendered":"Gamma Discus Diet Blister 100g"},"content":{"rendered":"<p>For tropical and discus. The only food used by Tropical Marine Centre at its four fish-holding facilities. Highest quality ingredients, rapidly packed, sealed &amp; frozen. Gamma irradiated. This completely eliminates any risk of introducing harmful parasites or bacteria into your aquarium, and also means that the food is completely safe to store in your freezer. 100% natural products and the wide variety available ensures that individual species of fish receive a balanced, varied and interesting diet. Blister packs are designed to dispense one measured cube of food at a time, leaving the rest of the product sealed within their separate blisters. A quick and convenient way of feeding fish. Colour-coded feeding suitability guide makes it easy to find the right food for your fish!<\/p>","protected":false},"excerpt":{"rendered":"<p>TMC Gamma Congelado Discus Diet \u00e9 feito de 100% de qualidade, produto natural. A comida \u00e9 irradiada gama para matar pat\u00f3genos. Este processo elimina completamente qualquer risco de introdu\u00e7\u00e3o de parasitas nocivos e bact\u00e9rias no aqu\u00e1rio, e tamb\u00e9m significa que o alimento \u00e9 completamente seguro para armazenar em um freezer dom\u00e9stico. Para peixes tropicais, cicl\u00eddeos &hellip;<\/p>\n<p class=\"read-more\"> <a class=\"\" href=\"https:\/\/pfkeepers.com\/english\/product\/gamma-discus-diet-blister-100g\/\"> <span class=\"screen-reader-text\">Gamma Discus Diet Blister 100g<\/span> Read More &raquo;<\/a><\/p>","protected":false},"featured_media":358956,"template":"","meta":{"site-sidebar-layout":"default","site-content-layout":"","ast-site-content-layout":"","site-content-style":"default","site-sidebar-style":"default","ast-global-header-display":"","ast-banner-title-visibility":"","ast-main-header-display":"","ast-hfb-above-header-display":"","ast-hfb-below-header-display":"","ast-hfb-mobile-header-display":"","site-post-title":"","ast-breadcrumbs-content":"","ast-featured-img":"","footer-sml-layout":"","theme-transparent-header-meta":"","adv-header-id-meta":"","stick-header-meta":"","header-above-stick-meta":"","header-main-stick-meta":"","header-below-stick-meta":"","astra-migrate-meta-layouts":""},"product_cat":[1840],"product_tag":[],"_links":{"self":[{"href":"https:\/\/pfkeepers.com\/english\/wp-json\/wp\/v2\/product\/358955"}],"collection":[{"href":"https:\/\/pfkeepers.com\/english\/wp-json\/wp\/v2\/product"}],"about":[{"href":"https:\/\/pfkeepers.com\/english\/wp-json\/wp\/v2\/types\/product"}],"wp:featuredmedia":[{"embeddable":true,"href":"https:\/\/pfkeepers.com\/english\/wp-json\/wp\/v2\/media\/358956"}],"wp:attachment":[{"href":"https:\/\/pfkeepers.com\/english\/wp-json\/wp\/v2\/media?parent=358955"}],"wp:term":[{"taxonomy":"product_cat","embeddable":true,"href":"https:\/\/pfkeepers.com\/english\/wp-json\/wp\/v2\/product_cat?post=358955"},{"taxonomy":"product_tag","embeddable":true,"href":"https:\/\/pfkeepers.com\/english\/wp-json\/wp\/v2\/product_tag?post=358955"}],"curies":[{"name":"wp","href":"https:\/\/api.w.org\/{rel}","templated":true}]}}