{"id":358877,"date":"2025-09-15T19:45:01","date_gmt":"2025-09-15T19:45:01","guid":{"rendered":"https:\/\/pfkeepers.com\/produto\/caracol-sol-clithon-sp\/"},"modified":"2026-04-19T01:20:21","modified_gmt":"2026-04-19T01:20:21","slug":"caracol-sol-clithon-sp","status":"publish","type":"product","link":"https:\/\/pfkeepers.com\/english\/product\/caracol-sol-clithon-sp\/","title":{"rendered":"Caracol Sol &#8211; Clithon sp."},"content":{"rendered":"<p>Tamanho m\u00e1ximo: 1,5 cm<\/p>\n<p>Temperatura: 20 &#8211; 30\u00baC<\/p>\n<p>pH: 7.0 \u2013 8.0<\/p>\n<p>Dieta: herb\u00edvoro, plantas em decomposi\u00e7\u00e3o e algas. N\u00e3o atacam as plantas saud\u00e1veis.<\/p>\n<p>Comportamento: Pac\u00edfico.<\/p>\n<p>Manuten\u00e7\u00e3o em aqu\u00e1rio: Prefere aqu\u00e1rios com elevada quantidade de plantas para que tenha s\u00edtios para se esconder e abrigar.<\/p>","protected":false},"excerpt":{"rendered":"<p>Tamanho m\u00e1ximo: 1,5 cm Temperatura: 20 &#8211; 30\u00baC pH: 7.0 \u2013 8.0 Dieta: herb\u00edvoro, plantas em decomposi\u00e7\u00e3o e algas. N\u00e3o atacam as plantas saud\u00e1veis. Comportamento: Pac\u00edfico. Manuten\u00e7\u00e3o em aqu\u00e1rio: Prefere aqu\u00e1rios com elevada quantidade de plantas para que tenha s\u00edtios para se esconder e abrigar.<\/p>","protected":false},"featured_media":358878,"template":"","meta":{"site-sidebar-layout":"default","site-content-layout":"","ast-site-content-layout":"default","site-content-style":"default","site-sidebar-style":"default","ast-global-header-display":"","ast-banner-title-visibility":"","ast-main-header-display":"","ast-hfb-above-header-display":"","ast-hfb-below-header-display":"","ast-hfb-mobile-header-display":"","site-post-title":"","ast-breadcrumbs-content":"","ast-featured-img":"","footer-sml-layout":"","theme-transparent-header-meta":"default","adv-header-id-meta":"","stick-header-meta":"","header-above-stick-meta":"","header-main-stick-meta":"","header-below-stick-meta":"","astra-migrate-meta-layouts":"set"},"product_cat":[1368],"product_tag":[],"_links":{"self":[{"href":"https:\/\/pfkeepers.com\/english\/wp-json\/wp\/v2\/product\/358877"}],"collection":[{"href":"https:\/\/pfkeepers.com\/english\/wp-json\/wp\/v2\/product"}],"about":[{"href":"https:\/\/pfkeepers.com\/english\/wp-json\/wp\/v2\/types\/product"}],"wp:featuredmedia":[{"embeddable":true,"href":"https:\/\/pfkeepers.com\/english\/wp-json\/wp\/v2\/media\/358878"}],"wp:attachment":[{"href":"https:\/\/pfkeepers.com\/english\/wp-json\/wp\/v2\/media?parent=358877"}],"wp:term":[{"taxonomy":"product_cat","embeddable":true,"href":"https:\/\/pfkeepers.com\/english\/wp-json\/wp\/v2\/product_cat?post=358877"},{"taxonomy":"product_tag","embeddable":true,"href":"https:\/\/pfkeepers.com\/english\/wp-json\/wp\/v2\/product_tag?post=358877"}],"curies":[{"name":"wp","href":"https:\/\/api.w.org\/{rel}","templated":true}]}}