{"id":358846,"date":"2025-08-23T18:35:20","date_gmt":"2025-08-23T18:35:20","guid":{"rendered":"https:\/\/pfkeepers.com\/produto\/red-sea-reefrun-7000-dc-pump-w-o-controller\/"},"modified":"2026-04-19T01:19:46","modified_gmt":"2026-04-19T01:19:46","slug":"red-sea-reefrun-7000-dc-pump-w-o-controller","status":"publish","type":"product","link":"https:\/\/pfkeepers.com\/english\/product\/red-sea-reefrun-7000-dc-pump-w-o-controller\/","title":{"rendered":"Red Sea REEFRUN 7000 DC PUMP (W\/O CONTROLLER)"},"content":{"rendered":"<p>*Requer Controlador ReefRun (vendido em separado)<\/p>\n<p>Fi\u00e1vel, control\u00e1vel e compat\u00edvel com a aplica\u00e7\u00e3o ReefBeat!<\/p>\n<p>Integra-se com a aplica\u00e7\u00e3o ReefBeat da Red Sea<br \/>\nNotifica\u00e7\u00f5es de funcionamento a seco e desconex\u00e3o<br \/>\nModos personalizados de alimenta\u00e7\u00e3o, manuten\u00e7\u00e3o e emerg\u00eancia<br \/>\nSilencioso e com baixo consumo energ\u00e9tico<br \/>\nGarantia de 5 anos<br \/>\nBaseadas na plataforma Sicce, de grande sucesso e fiabilidade, as bombas Red Sea ReefRun apresentam um aspeto e funcionamento familiares, mas com algumas melhorias importantes. Al\u00e9m de poder definir a programa\u00e7\u00e3o do fluxo di\u00e1rio e ativar os modos de alimenta\u00e7\u00e3o, tamb\u00e9m receber\u00e1 notifica\u00e7\u00f5es se a sua bomba estiver a funcionar a seco, desligar ou apresentar algum outro defeito, permitindo-lhe corrigir o problema rapidamente e voltar a colocar tudo em funcionamento sem perder o ritmo.<\/p>\n<p>O Controlador ReefRun (vendido em separado) pode operar duas bombas ReefRun, o que significa que pode operar um sistema de retorno duplo ReefRun ou uma bomba ReefRun + uma bomba skimmer ReefRun sem comprar um segundo controlador.<\/p>\n<p>V\u00e1rios Modos:<\/p>\n<p>Caudal Constante: Perfeito para uma bomba de retorno em que se pretende um caudal constante 24 horas por dia, 7 dias por semana<\/p>\n<p>Modo de Alimenta\u00e7\u00e3o: Desligue a bomba completamente ou reduza o caudal facilmente quando pretende alimentar os habitantes do aqu\u00e1rio<\/p>\n<p>Criador de Ondas: Programe caudais variados ao longo do dia para sistemas de circuito fechado<\/p>\n<p>Personalizado: Crie o seu pr\u00f3prio padr\u00e3o de caudal para melhor se adequar \u00e0s suas necessidades<\/p>\n<p>Especifica\u00e7\u00f5es:<\/p>\n<p>Caudal: 800 &#8211; 1900 GPH<br \/>\nSa\u00edda: Conector ou Espiga Escalonada de 1&#8243; &#8211; 1 1\/4&#8243; para PVC de 3\/4&#8243; ou 1&#8243;<br \/>\nAltura M\u00e1xima da Cabe\u00e7a: 16,5 p\u00e9s<br \/>\nPot\u00eancia: 20-65 W<br \/>\nComprimento do Cabo de Alimenta\u00e7\u00e3o: 3 m<br \/>\nComprimento do Cabo de Liga\u00e7\u00e3o da Bomba: 3,3 p\u00e9s<\/p>\n<p>Conte\u00fado da Caixa<\/p>\n<p>Bomba ReefRun 7000<br \/>\nFonte de Alimenta\u00e7\u00e3o<br \/>\nCabos de Liga\u00e7\u00e3o<br \/>\nLiga\u00e7\u00f5es de Sa\u00edda da Bomba<\/p>","protected":false},"excerpt":{"rendered":"<p>*Requer Controlador ReefRun (vendido em separado) Fi\u00e1vel, control\u00e1vel e compat\u00edvel com a aplica\u00e7\u00e3o ReefBeat! Integra-se com a aplica\u00e7\u00e3o ReefBeat da Red Sea Notifica\u00e7\u00f5es de funcionamento a seco e desconex\u00e3o Modos personalizados de alimenta\u00e7\u00e3o, manuten\u00e7\u00e3o e emerg\u00eancia Silencioso e com baixo consumo energ\u00e9tico Garantia de 5 anos Baseadas na plataforma Sicce, de grande sucesso e fiabilidade, &hellip;<\/p>\n<p class=\"read-more\"> <a class=\"\" href=\"https:\/\/pfkeepers.com\/english\/product\/red-sea-reefrun-7000-dc-pump-w-o-controller\/\"> <span class=\"screen-reader-text\">Red Sea REEFRUN 7000 DC PUMP (W\/O CONTROLLER)<\/span> Read More &raquo;<\/a><\/p>","protected":false},"featured_media":358847,"template":"","meta":{"site-sidebar-layout":"default","site-content-layout":"","ast-site-content-layout":"default","site-content-style":"default","site-sidebar-style":"default","ast-global-header-display":"","ast-banner-title-visibility":"","ast-main-header-display":"","ast-hfb-above-header-display":"","ast-hfb-below-header-display":"","ast-hfb-mobile-header-display":"","site-post-title":"","ast-breadcrumbs-content":"","ast-featured-img":"","footer-sml-layout":"","theme-transparent-header-meta":"default","adv-header-id-meta":"","stick-header-meta":"","header-above-stick-meta":"","header-main-stick-meta":"","header-below-stick-meta":"","astra-migrate-meta-layouts":"set"},"product_cat":[1818],"product_tag":[],"_links":{"self":[{"href":"https:\/\/pfkeepers.com\/english\/wp-json\/wp\/v2\/product\/358846"}],"collection":[{"href":"https:\/\/pfkeepers.com\/english\/wp-json\/wp\/v2\/product"}],"about":[{"href":"https:\/\/pfkeepers.com\/english\/wp-json\/wp\/v2\/types\/product"}],"wp:featuredmedia":[{"embeddable":true,"href":"https:\/\/pfkeepers.com\/english\/wp-json\/wp\/v2\/media\/358847"}],"wp:attachment":[{"href":"https:\/\/pfkeepers.com\/english\/wp-json\/wp\/v2\/media?parent=358846"}],"wp:term":[{"taxonomy":"product_cat","embeddable":true,"href":"https:\/\/pfkeepers.com\/english\/wp-json\/wp\/v2\/product_cat?post=358846"},{"taxonomy":"product_tag","embeddable":true,"href":"https:\/\/pfkeepers.com\/english\/wp-json\/wp\/v2\/product_tag?post=358846"}],"curies":[{"name":"wp","href":"https:\/\/api.w.org\/{rel}","templated":true}]}}