{"id":358832,"date":"2025-08-23T18:34:40","date_gmt":"2025-08-23T18:34:40","guid":{"rendered":"https:\/\/pfkeepers.com\/produto\/tropic-marin-bas-manganese-250ml\/"},"modified":"2026-04-19T01:19:04","modified_gmt":"2026-04-19T01:19:04","slug":"tropic-marin-bas-manganese-250ml","status":"publish","type":"product","link":"https:\/\/pfkeepers.com\/english\/product\/tropic-marin-bas-manganese-250ml\/","title":{"rendered":"Tropic Marin BAS &#8211; Manganese 250ml"},"content":{"rendered":"<p>Melhore a sa\u00fade do seu aqu\u00e1rio de recife com mangan\u00eas! Tropic Marin Components Manganese \u00e9 uma solu\u00e7\u00e3o altamente purificada e estabilizada para compensar com precis\u00e3o as defici\u00eancias de mangan\u00eas na \u00e1gua do mar. Este oligoelemento essencial desempenha um papel fundamental nos processos enzim\u00e1ticos e na troca de oxig\u00eanio. Gra\u00e7as ao seu formato pr\u00e1tico, sua dosagem \u00e9 simplificada para uso manual ou por meio de bomba dosadora . Restaure seu ecossistema marinho \u00e0 sua antiga gl\u00f3ria com este suplemento essencial!<\/p>\n<p>Ingest\u00e3o direcionada: Reequilibra efetivamente os n\u00edveis de mangan\u00eas em caso de defici\u00eancia.<br \/>\nDosagem simplificada: tampa de dosagem e conta-gotas integrados para uso preciso.<br \/>\nCompat\u00edvel: Adequado para dosagem manual e bombas dosadoras.<\/p>","protected":false},"excerpt":{"rendered":"<p>Melhore a sa\u00fade do seu aqu\u00e1rio de recife com mangan\u00eas! Tropic Marin Components Manganese \u00e9 uma solu\u00e7\u00e3o altamente purificada e estabilizada para compensar com precis\u00e3o as defici\u00eancias de mangan\u00eas na \u00e1gua do mar. Este oligoelemento essencial desempenha um papel fundamental nos processos enzim\u00e1ticos e na troca de oxig\u00eanio. Gra\u00e7as ao seu formato pr\u00e1tico, sua dosagem &hellip;<\/p>\n<p class=\"read-more\"> <a class=\"\" href=\"https:\/\/pfkeepers.com\/english\/product\/tropic-marin-bas-manganese-250ml\/\"> <span class=\"screen-reader-text\">Tropic Marin BAS &#8211; Manganese 250ml<\/span> Read More &raquo;<\/a><\/p>","protected":false},"featured_media":358833,"template":"","meta":{"site-sidebar-layout":"default","site-content-layout":"","ast-site-content-layout":"default","site-content-style":"default","site-sidebar-style":"default","ast-global-header-display":"","ast-banner-title-visibility":"","ast-main-header-display":"","ast-hfb-above-header-display":"","ast-hfb-below-header-display":"","ast-hfb-mobile-header-display":"","site-post-title":"","ast-breadcrumbs-content":"","ast-featured-img":"","footer-sml-layout":"","theme-transparent-header-meta":"default","adv-header-id-meta":"","stick-header-meta":"","header-above-stick-meta":"","header-main-stick-meta":"","header-below-stick-meta":"","astra-migrate-meta-layouts":"set"},"product_cat":[1365],"product_tag":[],"_links":{"self":[{"href":"https:\/\/pfkeepers.com\/english\/wp-json\/wp\/v2\/product\/358832"}],"collection":[{"href":"https:\/\/pfkeepers.com\/english\/wp-json\/wp\/v2\/product"}],"about":[{"href":"https:\/\/pfkeepers.com\/english\/wp-json\/wp\/v2\/types\/product"}],"wp:featuredmedia":[{"embeddable":true,"href":"https:\/\/pfkeepers.com\/english\/wp-json\/wp\/v2\/media\/358833"}],"wp:attachment":[{"href":"https:\/\/pfkeepers.com\/english\/wp-json\/wp\/v2\/media?parent=358832"}],"wp:term":[{"taxonomy":"product_cat","embeddable":true,"href":"https:\/\/pfkeepers.com\/english\/wp-json\/wp\/v2\/product_cat?post=358832"},{"taxonomy":"product_tag","embeddable":true,"href":"https:\/\/pfkeepers.com\/english\/wp-json\/wp\/v2\/product_tag?post=358832"}],"curies":[{"name":"wp","href":"https:\/\/api.w.org\/{rel}","templated":true}]}}