{"id":358810,"date":"2025-08-06T19:35:53","date_gmt":"2025-08-06T19:35:53","guid":{"rendered":"https:\/\/pfkeepers.com\/produto\/escalar-bulgarian-seal-point-pterophyllum-scalare\/"},"modified":"2026-04-19T01:18:05","modified_gmt":"2026-04-19T01:18:05","slug":"escalar-bulgarian-seal-point-pterophyllum-scalare","status":"publish","type":"product","link":"https:\/\/pfkeepers.com\/english\/product\/escalar-bulgarian-seal-point-pterophyllum-scalare\/","title":{"rendered":"Escalar Bulgarian Seal Point &#8211;  Pterophyllum scalare"},"content":{"rendered":"<p>Esp\u00e9cie: Pterophyllum scalare (var. Bulgarian Seal Point)<\/p>\n<p>Nome comum: Escalar Bulgarian Seal Point<\/p>\n<p>Tamanho dispon\u00edvel: 5.0 &#8211; 6.0 cm<\/p>\n<p>Tamanho m\u00e1ximo: 12 &#8211; 15 cm<\/p>\n<p>pH: 6.0 &#8211; 7.5<\/p>\n<p>Dureza: 5 &#8211; 15\u00ba \/ 50 &#8211; 167 ppm<\/p>\n<p>Temperatura: 24 &#8211; 30\u00baC<\/p>\n<p>Alimenta\u00e7\u00e3o: Omn\u00edvoro, alimenta-se de pequenos crust\u00e1ceos, insectos e pequenos peixes. Em aqu\u00e1rio alimenta-se facilmente de ra\u00e7\u00e3o seca mas deve ser complementada com comida congelada tal como art\u00e9mia, larva de mosquito vermelho. <\/p>\n<p>Comportamento: Pac\u00edfico mas territorial. Vive bem em cardume mas tem hierarquia de grupo, ap\u00f3s essa hierarquia ficar definida, acalmam as picardias. Quando h\u00e1 forma\u00e7\u00e3o de casal, podem-se tornar bastante territoriais. N\u00e3o devem ser mantidos com pequenos peixes pois podem com\u00ea-los e podem bicar caudas de peixes com barbatanas longas. N\u00e3o juntar escalares de diferentes tamanhos no mesmo aqu\u00e1rio, os maiores podem atacar os mais pequenos. \u00c9 aconselhado colocar v\u00e1rios de uma s\u00f3 vez, desse modo vai evitar que os novos que entrem n\u00e3o sejam atacados por aqueles que j\u00e1 estavam no aqu\u00e1rio.<\/p>\n<p>Dimorfismo sexual: Quando adultos, o macho pode ter uma protuber\u00e2ncia na cabe\u00e7a enquanto que a f\u00eamea \u00e9 mais recta, os raios da barbatana dorsal do macho costumam ser maiores e t\u00eam a mand\u00edbula inferior mais proeminente do que a mand\u00edbula superior, ao contr\u00e1rio das f\u00eameas.<\/p>\n<p>Reprodu\u00e7\u00e3o: Ov\u00edparo. Formado o casal, ir\u00e3o escolher e limpar o local para desova, normalmente algum objeto de superf\u00edcie plana como folhas, pedras, rochas ou mesmo o vidro.<\/p>\n<p>Tamanho m\u00ednimo de aqu\u00e1rio: 200L<\/p>\n<p>Origem: Aquacultura<\/p>","protected":false},"excerpt":{"rendered":"<p>Esp\u00e9cie: Pterophyllum scalare (var. Bulgarian Seal Point) Nome comum: Escalar Bulgarian Seal Point Tamanho dispon\u00edvel: 5.0 &#8211; 6.0 cm Tamanho m\u00e1ximo: 12 &#8211; 15 cm pH: 6.0 &#8211; 7.5 Dureza: 5 &#8211; 15\u00ba \/ 50 &#8211; 167 ppm Temperatura: 24 &#8211; 30\u00baC Alimenta\u00e7\u00e3o: Omn\u00edvoro, alimenta-se de pequenos crust\u00e1ceos, insectos e pequenos peixes. Em aqu\u00e1rio alimenta-se &hellip;<\/p>\n<p class=\"read-more\"> <a class=\"\" href=\"https:\/\/pfkeepers.com\/english\/product\/escalar-bulgarian-seal-point-pterophyllum-scalare\/\"> <span class=\"screen-reader-text\">Escalar Bulgarian Seal Point &#8211;  Pterophyllum scalare<\/span> Read More &raquo;<\/a><\/p>","protected":false},"featured_media":358811,"template":"","meta":{"site-sidebar-layout":"default","site-content-layout":"","ast-site-content-layout":"default","site-content-style":"default","site-sidebar-style":"default","ast-global-header-display":"","ast-banner-title-visibility":"","ast-main-header-display":"","ast-hfb-above-header-display":"","ast-hfb-below-header-display":"","ast-hfb-mobile-header-display":"","site-post-title":"","ast-breadcrumbs-content":"","ast-featured-img":"","footer-sml-layout":"","theme-transparent-header-meta":"default","adv-header-id-meta":"","stick-header-meta":"","header-above-stick-meta":"","header-main-stick-meta":"","header-below-stick-meta":"","astra-migrate-meta-layouts":"set"},"product_cat":[1354],"product_tag":[],"_links":{"self":[{"href":"https:\/\/pfkeepers.com\/english\/wp-json\/wp\/v2\/product\/358810"}],"collection":[{"href":"https:\/\/pfkeepers.com\/english\/wp-json\/wp\/v2\/product"}],"about":[{"href":"https:\/\/pfkeepers.com\/english\/wp-json\/wp\/v2\/types\/product"}],"wp:featuredmedia":[{"embeddable":true,"href":"https:\/\/pfkeepers.com\/english\/wp-json\/wp\/v2\/media\/358811"}],"wp:attachment":[{"href":"https:\/\/pfkeepers.com\/english\/wp-json\/wp\/v2\/media?parent=358810"}],"wp:term":[{"taxonomy":"product_cat","embeddable":true,"href":"https:\/\/pfkeepers.com\/english\/wp-json\/wp\/v2\/product_cat?post=358810"},{"taxonomy":"product_tag","embeddable":true,"href":"https:\/\/pfkeepers.com\/english\/wp-json\/wp\/v2\/product_tag?post=358810"}],"curies":[{"name":"wp","href":"https:\/\/api.w.org\/{rel}","templated":true}]}}