{"id":358776,"date":"2025-07-17T19:33:24","date_gmt":"2025-07-17T19:33:24","guid":{"rendered":"https:\/\/pfkeepers.com\/produto\/tunze-ro-water-controller-8555\/"},"modified":"2026-04-18T04:07:43","modified_gmt":"2026-04-18T04:07:43","slug":"tunze-ro-water-controller-8555","status":"publish","type":"product","link":"https:\/\/pfkeepers.com\/english\/product\/tunze-ro-water-controller-8555\/","title":{"rendered":"Tunze RO Water Controller 8555"},"content":{"rendered":"<p>RO Water Controller<br \/>\nO TUNZE\u00ae RO Water Controller 8555 \u00e9 um regulador autom\u00e1tico de n\u00edvel de \u00e1gua. Este sistema \u00e9 composto por um controlador, dois sensores, uma v\u00e1lvula de solen\u00f3ide, e uma fonte de alimenta\u00e7\u00e3o a partir da rede 12 V.<br \/>\nTrocando a posi\u00e7\u00e3o dos sensores do RO Water Controller, a caixa com tomada e interruptor 3150.110 e uma bomba podem ser utilizadas para esvaziar um recipiente espec\u00edfico de \u00e1gua, ou seja, ele pode ser utilizado para encher e esvaziar recipientes de modo autom\u00e1tico. Com a utiliza\u00e7\u00e3o de dois aparelhos pode-se criar um sistema para trocas de \u00e1gua.<\/p>","protected":false},"excerpt":{"rendered":"<p>RO Water Controller O TUNZE\u00ae RO Water Controller 8555 \u00e9 um regulador autom\u00e1tico de n\u00edvel de \u00e1gua. Este sistema \u00e9 composto por um controlador, dois sensores, uma v\u00e1lvula de solen\u00f3ide, e uma fonte de alimenta\u00e7\u00e3o a partir da rede 12 V. Trocando a posi\u00e7\u00e3o dos sensores do RO Water Controller, a caixa com tomada e &hellip;<\/p>\n<p class=\"read-more\"> <a class=\"\" href=\"https:\/\/pfkeepers.com\/english\/product\/tunze-ro-water-controller-8555\/\"> <span class=\"screen-reader-text\">Tunze RO Water Controller 8555<\/span> Read More &raquo;<\/a><\/p>","protected":false},"featured_media":358777,"template":"","meta":{"site-sidebar-layout":"default","site-content-layout":"","ast-site-content-layout":"default","site-content-style":"default","site-sidebar-style":"default","ast-global-header-display":"","ast-banner-title-visibility":"","ast-main-header-display":"","ast-hfb-above-header-display":"","ast-hfb-below-header-display":"","ast-hfb-mobile-header-display":"","site-post-title":"","ast-breadcrumbs-content":"","ast-featured-img":"","footer-sml-layout":"","theme-transparent-header-meta":"default","adv-header-id-meta":"","stick-header-meta":"","header-above-stick-meta":"","header-main-stick-meta":"","header-below-stick-meta":"","astra-migrate-meta-layouts":"set"},"product_cat":[1509],"product_tag":[],"_links":{"self":[{"href":"https:\/\/pfkeepers.com\/english\/wp-json\/wp\/v2\/product\/358776"}],"collection":[{"href":"https:\/\/pfkeepers.com\/english\/wp-json\/wp\/v2\/product"}],"about":[{"href":"https:\/\/pfkeepers.com\/english\/wp-json\/wp\/v2\/types\/product"}],"wp:featuredmedia":[{"embeddable":true,"href":"https:\/\/pfkeepers.com\/english\/wp-json\/wp\/v2\/media\/358777"}],"wp:attachment":[{"href":"https:\/\/pfkeepers.com\/english\/wp-json\/wp\/v2\/media?parent=358776"}],"wp:term":[{"taxonomy":"product_cat","embeddable":true,"href":"https:\/\/pfkeepers.com\/english\/wp-json\/wp\/v2\/product_cat?post=358776"},{"taxonomy":"product_tag","embeddable":true,"href":"https:\/\/pfkeepers.com\/english\/wp-json\/wp\/v2\/product_tag?post=358776"}],"curies":[{"name":"wp","href":"https:\/\/api.w.org\/{rel}","templated":true}]}}