{"id":358774,"date":"2025-07-11T22:01:14","date_gmt":"2025-07-11T22:01:14","guid":{"rendered":"https:\/\/pfkeepers.com\/produto\/fox-face-red-siganus-magnificus\/"},"modified":"2026-04-19T01:16:43","modified_gmt":"2026-04-19T01:16:43","slug":"fox-face-red-siganus-magnificus","status":"publish","type":"product","link":"https:\/\/pfkeepers.com\/english\/product\/fox-face-red-siganus-magnificus\/","title":{"rendered":"Fox Face Red &#8211; Siganus magnificus"},"content":{"rendered":"<p>Nivel de cuidado: Moderado<\/p>\n<p>Temperamento: Pac\u00edfico<\/p>\n<p>Cor: Preto, Vermelho, Branco, Amarelo<\/p>\n<p>Dieta: Herb\u00edvoro<\/p>\n<p>Compatibilidade com Reef: com precau\u00e7\u00e3o<\/p>\n<p>Condi\u00e7\u00f5es da \u00e1gua: 22-26 \u00b0 C, KH 8-12, pH 8.1-8.4, sal. 1.020-1.026<\/p>\n<p>Tamanho m\u00e1ximo: 23 cm<\/p>\n<p>Origem: Indon\u00e9sia<\/p>\n<p>Familia: Siganidae<\/p>\n<p>O Magnificent Foxface, tamb\u00e9m conhecido como Magnificent Rabbitfish, Andaman Foxface ou o Red Fin Foxface, \u00e9 um peixe de cor \u00fanica. O rosto \u00e9 branco com uma faixa preta distinta. O corpo \u00e9 metade branco e metade castanho escuro a preto e cada barbatana \u00e9 franjada de amarelo ou vermelho. \u00c9 um peixe muito resistente e \u00e9 um \u00f3timo complemento para o aqu\u00e1rio rec\u00e9m-criado.<br \/>\nEle pode residir em um aqu\u00e1rio de 400L ou maior. \u00c9 uma esp\u00e9cie muito pac\u00edfica, exceto quando alojada com outros Rabbitfish. O Magnificent Foxface pode ser alojado com peixes mais agressivos. Os predadores tendem a deix\u00e1-lo sozinho por causa dos seus espinhos dorsais pe\u00e7onhentos. Os Rabbitfish geralmente s\u00e3o seguros para os recifes se forem bem alimentados. Do contr\u00e1rio, eles podem beliscar e consumir algumas esp\u00e9cies de LPS e corais moles.<\/p>\n<p>A dieta do Magnificent Foxface consiste em uma variedade de vegetais frescos e esp\u00e9cies indesej\u00e1veis \u200b\u200bde algas.<\/p>","protected":false},"excerpt":{"rendered":"<p>Nivel de cuidado: Moderado Temperamento: Pac\u00edfico Cor: Preto, Vermelho, Branco, Amarelo Dieta: Herb\u00edvoro Compatibilidade com Reef: com precau\u00e7\u00e3o Condi\u00e7\u00f5es da \u00e1gua: 22-26 \u00b0 C, KH 8-12, pH 8.1-8.4, sal. 1.020-1.026 Tamanho m\u00e1ximo: 23 cm Origem: Indon\u00e9sia Familia: Siganidae O Magnificent Foxface, tamb\u00e9m conhecido como Magnificent Rabbitfish, Andaman Foxface ou o Red Fin Foxface, \u00e9 um &hellip;<\/p>\n<p class=\"read-more\"> <a class=\"\" href=\"https:\/\/pfkeepers.com\/english\/product\/fox-face-red-siganus-magnificus\/\"> <span class=\"screen-reader-text\">Fox Face Red &#8211; Siganus magnificus<\/span> Read More &raquo;<\/a><\/p>","protected":false},"featured_media":358775,"template":"","meta":{"site-sidebar-layout":"default","site-content-layout":"","ast-site-content-layout":"default","site-content-style":"default","site-sidebar-style":"default","ast-global-header-display":"","ast-banner-title-visibility":"","ast-main-header-display":"","ast-hfb-above-header-display":"","ast-hfb-below-header-display":"","ast-hfb-mobile-header-display":"","site-post-title":"","ast-breadcrumbs-content":"","ast-featured-img":"","footer-sml-layout":"","theme-transparent-header-meta":"default","adv-header-id-meta":"","stick-header-meta":"","header-above-stick-meta":"","header-main-stick-meta":"","header-below-stick-meta":"","astra-migrate-meta-layouts":"set"},"product_cat":[1355],"product_tag":[],"_links":{"self":[{"href":"https:\/\/pfkeepers.com\/english\/wp-json\/wp\/v2\/product\/358774"}],"collection":[{"href":"https:\/\/pfkeepers.com\/english\/wp-json\/wp\/v2\/product"}],"about":[{"href":"https:\/\/pfkeepers.com\/english\/wp-json\/wp\/v2\/types\/product"}],"wp:featuredmedia":[{"embeddable":true,"href":"https:\/\/pfkeepers.com\/english\/wp-json\/wp\/v2\/media\/358775"}],"wp:attachment":[{"href":"https:\/\/pfkeepers.com\/english\/wp-json\/wp\/v2\/media?parent=358774"}],"wp:term":[{"taxonomy":"product_cat","embeddable":true,"href":"https:\/\/pfkeepers.com\/english\/wp-json\/wp\/v2\/product_cat?post=358774"},{"taxonomy":"product_tag","embeddable":true,"href":"https:\/\/pfkeepers.com\/english\/wp-json\/wp\/v2\/product_tag?post=358774"}],"curies":[{"name":"wp","href":"https:\/\/api.w.org\/{rel}","templated":true}]}}