{"id":358762,"date":"2025-06-29T12:15:13","date_gmt":"2025-06-29T12:15:13","guid":{"rendered":"https:\/\/pfkeepers.com\/produto\/visual-fish-feeder\/"},"modified":"2026-04-19T01:16:33","modified_gmt":"2026-04-19T01:16:33","slug":"visual-fish-feeder","status":"publish","type":"product","link":"https:\/\/pfkeepers.com\/english\/product\/visual-fish-feeder\/","title":{"rendered":"Visual Fish Feeder"},"content":{"rendered":"<p>Visual Fish Feeder O-1<\/p>\n<p>Alimentador autom\u00e1tico inovador com controle de aplicativo<br \/>\nque inclui uma c\u00e2mera 2,5 HD<\/p>\n<p>Consumo: 2,5w. &#8211; Peso: 750g. &#8211; Medidas: 180x103x172mm.<br \/>\nCapacidade do deposito para o alimento: 230 ml.<\/p>\n<p>Resolu\u00e7\u00e3o da c\u00e2mera: 2560X1920 HD<br \/>\nAdequado para alimentos granulados de 0,3 a 5 mm.<br \/>\nInclui dois tipos de diferentes dispensadores para diferentes granulometrias.<\/p>\n<p>Controle a comida dos seus peixes remotamente com o Visual Fish Feeder!!<\/p>\n<p>Com o Visual Fish Feeder , voc\u00ea pode alimentar seus animais quando quiser e de qualquer lugar do mundo. Al\u00e9m disso, gra\u00e7as \u00e0 sua poderosa c\u00e2mera 2,5K integrada, voc\u00ea desfrutar\u00e1 sempre de uma vis\u00e3o clara e detalhada do interior do seu aqu\u00e1rio.<\/p>","protected":false},"excerpt":{"rendered":"<p>Visual Fish Feeder O-1 Alimentador autom\u00e1tico inovador com controle de aplicativo que inclui uma c\u00e2mera 2,5 HD Consumo: 2,5w. &#8211; Peso: 750g. &#8211; Medidas: 180x103x172mm. Capacidade do deposito para o alimento: 230 ml. Resolu\u00e7\u00e3o da c\u00e2mera: 2560X1920 HD Adequado para alimentos granulados de 0,3 a 5 mm. Inclui dois tipos de diferentes dispensadores para diferentes &hellip;<\/p>\n<p class=\"read-more\"> <a class=\"\" href=\"https:\/\/pfkeepers.com\/english\/product\/visual-fish-feeder\/\"> <span class=\"screen-reader-text\">Visual Fish Feeder<\/span> Read More &raquo;<\/a><\/p>","protected":false},"featured_media":358763,"template":"","meta":{"site-sidebar-layout":"default","site-content-layout":"","ast-site-content-layout":"","site-content-style":"default","site-sidebar-style":"default","ast-global-header-display":"","ast-banner-title-visibility":"","ast-main-header-display":"","ast-hfb-above-header-display":"","ast-hfb-below-header-display":"","ast-hfb-mobile-header-display":"","site-post-title":"","ast-breadcrumbs-content":"","ast-featured-img":"","footer-sml-layout":"","theme-transparent-header-meta":"","adv-header-id-meta":"","stick-header-meta":"","header-above-stick-meta":"","header-main-stick-meta":"","header-below-stick-meta":"","astra-migrate-meta-layouts":""},"product_cat":[1822],"product_tag":[],"_links":{"self":[{"href":"https:\/\/pfkeepers.com\/english\/wp-json\/wp\/v2\/product\/358762"}],"collection":[{"href":"https:\/\/pfkeepers.com\/english\/wp-json\/wp\/v2\/product"}],"about":[{"href":"https:\/\/pfkeepers.com\/english\/wp-json\/wp\/v2\/types\/product"}],"wp:featuredmedia":[{"embeddable":true,"href":"https:\/\/pfkeepers.com\/english\/wp-json\/wp\/v2\/media\/358763"}],"wp:attachment":[{"href":"https:\/\/pfkeepers.com\/english\/wp-json\/wp\/v2\/media?parent=358762"}],"wp:term":[{"taxonomy":"product_cat","embeddable":true,"href":"https:\/\/pfkeepers.com\/english\/wp-json\/wp\/v2\/product_cat?post=358762"},{"taxonomy":"product_tag","embeddable":true,"href":"https:\/\/pfkeepers.com\/english\/wp-json\/wp\/v2\/product_tag?post=358762"}],"curies":[{"name":"wp","href":"https:\/\/api.w.org\/{rel}","templated":true}]}}