{"id":358735,"date":"2025-06-02T18:54:33","date_gmt":"2025-06-02T18:54:33","guid":{"rendered":"https:\/\/pfkeepers.com\/produto\/nannostomus-beckfordi\/"},"modified":"2026-04-19T01:15:23","modified_gmt":"2026-04-19T01:15:23","slug":"nannostomus-beckfordi","status":"publish","type":"product","link":"https:\/\/pfkeepers.com\/english\/product\/nannostomus-beckfordi\/","title":{"rendered":"Nannostomus beckfordi"},"content":{"rendered":"<p>Nome Cient\u00edfico: Nannostomus beckfordi<\/p>\n<p>Origem: America do sul<\/p>\n<p>Ph Min.: 5.5<\/p>\n<p>Ph Max.: 8<\/p>\n<p>Gh Min.: 12<\/p>\n<p>Gh Max.: 22<\/p>\n<p>Temp. Min.: 22<\/p>\n<p>Temp. Max.: 28<\/p>\n<p>Tamanho: 3,5cm-5cm<\/p>\n<p>O Peixe L\u00e1pis tem cor amarelada brilhante com listras pretas ao longo do corpo, atingindo 5 cm.<\/p>\n<p>Dimorfismo sexual: Machos s\u00e3o mais coloridos e t\u00eam a barbatana anal avermelhada.<br \/>\nComportamento: Pac\u00edfico, mas territorial entre machos, ideal em cardumes de pelo menos 6 indiv\u00edduos.<br \/>\nPrefer\u00eancias alimentares: On\u00edvoro. Alimenta-se de pequenos invertebrados, larvas e ra\u00e7\u00e3o fina.<br \/>\nCuriosidade: Nada inclinado para cima \u00e9 uma caracter\u00edstica marcante.<br \/>\nRecomendado para aqu\u00e1rios de no m\u00ednimo: 50 litros.<\/p>","protected":false},"excerpt":{"rendered":"<p>Nome Cient\u00edfico: Nannostomus beckfordi Origem: America do sul Ph Min.: 5.5 Ph Max.: 8 Gh Min.: 12 Gh Max.: 22 Temp. Min.: 22 Temp. Max.: 28 Tamanho: 3,5cm-5cm O Peixe L\u00e1pis tem cor amarelada brilhante com listras pretas ao longo do corpo, atingindo 5 cm. Dimorfismo sexual: Machos s\u00e3o mais coloridos e t\u00eam a barbatana &hellip;<\/p>\n<p class=\"read-more\"> <a class=\"\" href=\"https:\/\/pfkeepers.com\/english\/product\/nannostomus-beckfordi\/\"> <span class=\"screen-reader-text\">Nannostomus beckfordi<\/span> Read More &raquo;<\/a><\/p>","protected":false},"featured_media":358736,"template":"","meta":{"site-sidebar-layout":"default","site-content-layout":"","ast-site-content-layout":"default","site-content-style":"default","site-sidebar-style":"default","ast-global-header-display":"","ast-banner-title-visibility":"","ast-main-header-display":"","ast-hfb-above-header-display":"","ast-hfb-below-header-display":"","ast-hfb-mobile-header-display":"","site-post-title":"","ast-breadcrumbs-content":"","ast-featured-img":"","footer-sml-layout":"","theme-transparent-header-meta":"default","adv-header-id-meta":"","stick-header-meta":"","header-above-stick-meta":"","header-main-stick-meta":"","header-below-stick-meta":"","astra-migrate-meta-layouts":"set"},"product_cat":[1354],"product_tag":[],"_links":{"self":[{"href":"https:\/\/pfkeepers.com\/english\/wp-json\/wp\/v2\/product\/358735"}],"collection":[{"href":"https:\/\/pfkeepers.com\/english\/wp-json\/wp\/v2\/product"}],"about":[{"href":"https:\/\/pfkeepers.com\/english\/wp-json\/wp\/v2\/types\/product"}],"wp:featuredmedia":[{"embeddable":true,"href":"https:\/\/pfkeepers.com\/english\/wp-json\/wp\/v2\/media\/358736"}],"wp:attachment":[{"href":"https:\/\/pfkeepers.com\/english\/wp-json\/wp\/v2\/media?parent=358735"}],"wp:term":[{"taxonomy":"product_cat","embeddable":true,"href":"https:\/\/pfkeepers.com\/english\/wp-json\/wp\/v2\/product_cat?post=358735"},{"taxonomy":"product_tag","embeddable":true,"href":"https:\/\/pfkeepers.com\/english\/wp-json\/wp\/v2\/product_tag?post=358735"}],"curies":[{"name":"wp","href":"https:\/\/api.w.org\/{rel}","templated":true}]}}