{"id":358670,"date":"2025-05-12T17:23:10","date_gmt":"2025-05-12T17:23:10","guid":{"rendered":"https:\/\/pfkeepers.com\/produto\/hikari-betta-bio-gold-2-5g\/"},"modified":"2026-04-19T00:02:11","modified_gmt":"2026-04-19T00:02:11","slug":"hikari-betta-bio-gold-2-5g","status":"publish","type":"product","link":"https:\/\/pfkeepers.com\/english\/product\/hikari-betta-bio-gold-2-5g\/","title":{"rendered":"Hikari Betta Bio-Gold 2.5g"},"content":{"rendered":"<p>O Betta Bio-Gold da Hikari foi desenvolvido ap\u00f3s uma extensa pesquisa sobre os h\u00e1bitos alimentares e os requisitos nutricionais dos bettas. \u00c9 o alimento di\u00e1rio ideal para bettas.<\/p>\n<p>Flutuabilidade: Flutua<\/p>","protected":false},"excerpt":{"rendered":"<p>O Betta Bio-Gold da Hikari foi desenvolvido ap\u00f3s uma extensa pesquisa sobre os h\u00e1bitos alimentares e os requisitos nutricionais dos bettas. \u00c9 o alimento di\u00e1rio ideal para bettas. Flutuabilidade: Flutua<\/p>","protected":false},"featured_media":358671,"template":"","meta":{"site-sidebar-layout":"default","site-content-layout":"","ast-site-content-layout":"","site-content-style":"default","site-sidebar-style":"default","ast-global-header-display":"","ast-banner-title-visibility":"","ast-main-header-display":"","ast-hfb-above-header-display":"","ast-hfb-below-header-display":"","ast-hfb-mobile-header-display":"","site-post-title":"","ast-breadcrumbs-content":"","ast-featured-img":"","footer-sml-layout":"","theme-transparent-header-meta":"","adv-header-id-meta":"","stick-header-meta":"","header-above-stick-meta":"","header-main-stick-meta":"","header-below-stick-meta":"","astra-migrate-meta-layouts":""},"product_cat":[1479],"product_tag":[],"_links":{"self":[{"href":"https:\/\/pfkeepers.com\/english\/wp-json\/wp\/v2\/product\/358670"}],"collection":[{"href":"https:\/\/pfkeepers.com\/english\/wp-json\/wp\/v2\/product"}],"about":[{"href":"https:\/\/pfkeepers.com\/english\/wp-json\/wp\/v2\/types\/product"}],"wp:featuredmedia":[{"embeddable":true,"href":"https:\/\/pfkeepers.com\/english\/wp-json\/wp\/v2\/media\/358671"}],"wp:attachment":[{"href":"https:\/\/pfkeepers.com\/english\/wp-json\/wp\/v2\/media?parent=358670"}],"wp:term":[{"taxonomy":"product_cat","embeddable":true,"href":"https:\/\/pfkeepers.com\/english\/wp-json\/wp\/v2\/product_cat?post=358670"},{"taxonomy":"product_tag","embeddable":true,"href":"https:\/\/pfkeepers.com\/english\/wp-json\/wp\/v2\/product_tag?post=358670"}],"curies":[{"name":"wp","href":"https:\/\/api.w.org\/{rel}","templated":true}]}}