{"id":358655,"date":"2025-05-10T17:59:10","date_gmt":"2025-05-10T17:59:10","guid":{"rendered":"https:\/\/pfkeepers.com\/produto\/yokuchi-sosei-caps-80-uni\/"},"modified":"2026-04-18T04:03:08","modified_gmt":"2026-04-18T04:03:08","slug":"yokuchi-sosei-caps-80-uni","status":"publish","type":"product","link":"https:\/\/pfkeepers.com\/english\/product\/yokuchi-sosei-caps-80-uni\/","title":{"rendered":"Yokuchi Sosei Caps 80 pcs"},"content":{"rendered":"<p>Sosei caps\u00a0\u00e9 um fertilizante para substrato em forma de c\u00e1psulas que combina duas fun\u00e7\u00f5es. A primeira e ao mesmo tempo principal tarefa \u00e9 fornecer nutrientes \u00e0s proximidades das ra\u00edzes. A segunda fun\u00e7\u00e3o das Sosei Caps \u00e9 influenciar positivamente a preserva\u00e7\u00e3o das propriedades de troca i\u00f4nica do substrato. As c\u00e1psulas cont\u00eam um complexo de minerais e subst\u00e2ncias org\u00e2nicas que atuam como bioestimulantes. Gra\u00e7as \u00e0 aplica\u00e7\u00e3o regular, o substrato mant\u00e9m a sua fertilidade e favorece a preserva\u00e7\u00e3o de arranjos de plantas est\u00e1veis \u200b\u200bdurante um longo per\u00edodo de tempo.<br \/>\nDosagem: Aplicar as c\u00e1psulas com pin\u00e7a ou aplicador a cada 10-15 cm pr\u00f3ximo \u00e0s ra\u00edzes das plantas, com profundidade n\u00e3o inferior a 4 cm. A aplica\u00e7\u00e3o deve ser repetida a cada 3-4 semanas.<\/p>","protected":false},"excerpt":{"rendered":"<p>Sosei caps\u00a0\u00e9 um fertilizante para substrato em forma de c\u00e1psulas que combina duas fun\u00e7\u00f5es. A primeira e ao mesmo tempo principal tarefa \u00e9 fornecer nutrientes \u00e0s proximidades das ra\u00edzes. A segunda fun\u00e7\u00e3o das Sosei Caps \u00e9 influenciar positivamente a preserva\u00e7\u00e3o das propriedades de troca i\u00f4nica do substrato. As c\u00e1psulas cont\u00eam um complexo de minerais e &hellip;<\/p>\n<p class=\"read-more\"> <a class=\"\" href=\"https:\/\/pfkeepers.com\/english\/product\/yokuchi-sosei-caps-80-uni\/\"> <span class=\"screen-reader-text\">Yokuchi Sosei Caps 80 pcs<\/span> Read More &raquo;<\/a><\/p>","protected":false},"featured_media":358709,"template":"","meta":{"site-sidebar-layout":"default","site-content-layout":"","ast-site-content-layout":"default","site-content-style":"default","site-sidebar-style":"default","ast-global-header-display":"","ast-banner-title-visibility":"","ast-main-header-display":"","ast-hfb-above-header-display":"","ast-hfb-below-header-display":"","ast-hfb-mobile-header-display":"","site-post-title":"","ast-breadcrumbs-content":"","ast-featured-img":"","footer-sml-layout":"","theme-transparent-header-meta":"default","adv-header-id-meta":"","stick-header-meta":"","header-above-stick-meta":"","header-main-stick-meta":"","header-below-stick-meta":"","astra-migrate-meta-layouts":"set"},"product_cat":[1395],"product_tag":[],"_links":{"self":[{"href":"https:\/\/pfkeepers.com\/english\/wp-json\/wp\/v2\/product\/358655"}],"collection":[{"href":"https:\/\/pfkeepers.com\/english\/wp-json\/wp\/v2\/product"}],"about":[{"href":"https:\/\/pfkeepers.com\/english\/wp-json\/wp\/v2\/types\/product"}],"wp:featuredmedia":[{"embeddable":true,"href":"https:\/\/pfkeepers.com\/english\/wp-json\/wp\/v2\/media\/358709"}],"wp:attachment":[{"href":"https:\/\/pfkeepers.com\/english\/wp-json\/wp\/v2\/media?parent=358655"}],"wp:term":[{"taxonomy":"product_cat","embeddable":true,"href":"https:\/\/pfkeepers.com\/english\/wp-json\/wp\/v2\/product_cat?post=358655"},{"taxonomy":"product_tag","embeddable":true,"href":"https:\/\/pfkeepers.com\/english\/wp-json\/wp\/v2\/product_tag?post=358655"}],"curies":[{"name":"wp","href":"https:\/\/api.w.org\/{rel}","templated":true}]}}