{"id":358652,"date":"2025-05-10T17:59:07","date_gmt":"2025-05-10T17:59:07","guid":{"rendered":"https:\/\/pfkeepers.com\/produto\/yokuchi-haisui-power-base-2l\/"},"modified":"2026-04-19T01:12:36","modified_gmt":"2026-04-19T01:12:36","slug":"yokuchi-haisui-power-base-2l","status":"publish","type":"product","link":"https:\/\/pfkeepers.com\/english\/product\/yokuchi-haisui-power-base-2l\/","title":{"rendered":"Yokuchi Haisui Power Base 2L"},"content":{"rendered":"<p>Uma mistura mineral cuidadosamente selecionada e de textura porosa destinada ao cultivo de plantas ex\u00f3ticas, em terr\u00e1rios. Garante uma drenagem adequada das ra\u00edzes das plantas e otimiza o transporte e armazenamento de \u00e1gua no substrato. A capacidade de absor\u00e7\u00e3o dos materiais chega a 20% das terras cultivadas. O substrato garante acesso constante aos microelementos respons\u00e1veis \u200b\u200bpelo crescimento saud\u00e1vel e colora\u00e7\u00e3o das plantas.<br \/>\nModo de usar: Despeje a base Haisui (aproximadamente 4-5 cm) no fundo do recipiente. Depois, cubra com uma camada de terra Junguru, prepare os arranjos, plante as plantas e regue.<\/p>","protected":false},"excerpt":{"rendered":"<p>Uma mistura mineral cuidadosamente selecionada e de textura porosa destinada ao cultivo de plantas ex\u00f3ticas, em terr\u00e1rios. Garante uma drenagem adequada das ra\u00edzes das plantas e otimiza o transporte e armazenamento de \u00e1gua no substrato. A capacidade de absor\u00e7\u00e3o dos materiais chega a 20% das terras cultivadas. O substrato garante acesso constante aos microelementos respons\u00e1veis &hellip;<\/p>\n<p class=\"read-more\"> <a class=\"\" href=\"https:\/\/pfkeepers.com\/english\/product\/yokuchi-haisui-power-base-2l\/\"> <span class=\"screen-reader-text\">Yokuchi Haisui Power Base 2L<\/span> Read More &raquo;<\/a><\/p>","protected":false},"featured_media":358712,"template":"","meta":{"site-sidebar-layout":"default","site-content-layout":"","ast-site-content-layout":"default","site-content-style":"default","site-sidebar-style":"default","ast-global-header-display":"","ast-banner-title-visibility":"","ast-main-header-display":"","ast-hfb-above-header-display":"","ast-hfb-below-header-display":"","ast-hfb-mobile-header-display":"","site-post-title":"","ast-breadcrumbs-content":"","ast-featured-img":"","footer-sml-layout":"","theme-transparent-header-meta":"default","adv-header-id-meta":"","stick-header-meta":"","header-above-stick-meta":"","header-main-stick-meta":"","header-below-stick-meta":"","astra-migrate-meta-layouts":"set"},"product_cat":[1463],"product_tag":[],"_links":{"self":[{"href":"https:\/\/pfkeepers.com\/english\/wp-json\/wp\/v2\/product\/358652"}],"collection":[{"href":"https:\/\/pfkeepers.com\/english\/wp-json\/wp\/v2\/product"}],"about":[{"href":"https:\/\/pfkeepers.com\/english\/wp-json\/wp\/v2\/types\/product"}],"wp:featuredmedia":[{"embeddable":true,"href":"https:\/\/pfkeepers.com\/english\/wp-json\/wp\/v2\/media\/358712"}],"wp:attachment":[{"href":"https:\/\/pfkeepers.com\/english\/wp-json\/wp\/v2\/media?parent=358652"}],"wp:term":[{"taxonomy":"product_cat","embeddable":true,"href":"https:\/\/pfkeepers.com\/english\/wp-json\/wp\/v2\/product_cat?post=358652"},{"taxonomy":"product_tag","embeddable":true,"href":"https:\/\/pfkeepers.com\/english\/wp-json\/wp\/v2\/product_tag?post=358652"}],"curies":[{"name":"wp","href":"https:\/\/api.w.org\/{rel}","templated":true}]}}