{"id":358635,"date":"2025-05-10T17:58:41","date_gmt":"2025-05-10T17:58:41","guid":{"rendered":"https:\/\/pfkeepers.com\/produto\/seachem-clarity-30-bonus-325ml\/"},"modified":"2026-04-19T01:11:26","modified_gmt":"2026-04-19T01:11:26","slug":"seachem-clarity-30-bonus-325ml","status":"publish","type":"product","link":"https:\/\/pfkeepers.com\/english\/product\/seachem-clarity-30-bonus-325ml\/","title":{"rendered":"Seachem Clarity + 30% Bonus 325ml"},"content":{"rendered":"<p>Clarity\u2122 \u00e9 um clarificante para \u00e1gua doce e salgada. Ele emprega um agente de flocula\u00e7\u00e3o polim\u00e9rico avan\u00e7ado que \u00e9 ao mesmo tempo seguro para corais e plantas. Clarity \u2122 \u00e9 o \u00fanico clarificante no mercado que faz tudo! Clarity \u2122 ir\u00e1 limpar todos os tipos de turva\u00e7\u00e3o.<\/p>\n<p>Muitas empresas fabricam v\u00e1rios produtos para limpar cada tipo de nebulosidade em cada ambiente diferente (por exemplo, \u00e1gua doce, marinho, recife, etc.). Algumas empresas t\u00eam desenvolvido kits que v\u00e3o limpar a maioria dos tipos de turbidez, mas a sua aplica\u00e7\u00e3o requer uma combina\u00e7\u00e3o de dois ou mais produtos. Clarity \u2122 cont\u00e9m compostos que ir\u00e3o limpar todos os tipos de nebulosidade em todos os ambientes. Clarity \u2122 cont\u00e9m tanto agentes de precipita\u00e7\u00e3o como agentes de flocula\u00e7\u00e3o no mesmo produto, permitindo que todos os tipos de turbidez sejam removidos com somente uma dose.<\/p>\n<p>Ap\u00f3s adicionar Clarity \u2122 ao aqu\u00e1rio, voc\u00ea vai ver uma n\u00e9voa come\u00e7ar a se formar. Isso \u00e9 normal e significa que Clarity \u2122 est\u00e1 come\u00e7ando a trabalhar. Come\u00e7am a aparecer pequenos peda\u00e7os de mat\u00e9ria flutuante que n\u00e3o eram vis\u00edveis a olho nu. Clarity \u2122 faz com que esses peda\u00e7os de mat\u00e9ria comecem a aglutinar. Como eles se agregam, formam grandes peda\u00e7os de mat\u00e9ria que s\u00e3o agora vis\u00edveis, da\u00ed a nebulosidade. Uma vez que a sujeira fica aglutinada, \u00e9 uma simples quest\u00e3o de filtragem mec\u00e2nica para remover os res\u00edduos. A mat\u00e9ria que j\u00e1 foi muito pequena para ser filtrada, est\u00e1 agora em grandes aglomera\u00e7\u00f5es suficientes para ser removida.<\/p>\n<p>Para que Clarity \u2122 possa trabalhar de forma eficaz, voc\u00ea deve ter um filtro com filtragem mec\u00e2nica (por exemplo, canister, filtro externo, sump) conectado ao seu aqu\u00e1rio.<\/p>\n<p>Instru\u00e7\u00f5es<\/p>\n<p>Utilize 1 tampinha (5 ml) para cada 80 L (20 gal\u00f5es americanos). Em algumas situa\u00e7\u00f5es, a nebulosidade pode aumentar depois de adicionar Clarity \u2122, no entanto, isso \u00e9 normal e \u00e9 um sinal de que Clarity \u2122 est\u00e1 trabalhando ativamente.A clarifica\u00e7\u00e3o acontecer\u00e1 entre 1-2 horas ap\u00f3s a aplica\u00e7\u00e3o do produto. Limpe o filtro ap\u00f3s o tempo de a\u00e7\u00e3o do produto, para retirar as part\u00edculas aglutinadas.<\/p>","protected":false},"excerpt":{"rendered":"<p>Clarity\u2122 \u00e9 um clarificante para \u00e1gua doce e salgada. Ele emprega um agente de flocula\u00e7\u00e3o polim\u00e9rico avan\u00e7ado que \u00e9 ao mesmo tempo seguro para corais e plantas. Clarity \u2122 \u00e9 o \u00fanico clarificante no mercado que faz tudo! Clarity \u2122 ir\u00e1 limpar todos os tipos de turva\u00e7\u00e3o. Muitas empresas fabricam v\u00e1rios produtos para limpar cada &hellip;<\/p>\n<p class=\"read-more\"> <a class=\"\" href=\"https:\/\/pfkeepers.com\/english\/product\/seachem-clarity-30-bonus-325ml\/\"> <span class=\"screen-reader-text\">Seachem Clarity + 30% Bonus 325ml<\/span> Read More &raquo;<\/a><\/p>","protected":false},"featured_media":358636,"template":"","meta":{"site-sidebar-layout":"default","site-content-layout":"","ast-site-content-layout":"","site-content-style":"default","site-sidebar-style":"default","ast-global-header-display":"","ast-banner-title-visibility":"","ast-main-header-display":"","ast-hfb-above-header-display":"","ast-hfb-below-header-display":"","ast-hfb-mobile-header-display":"","site-post-title":"","ast-breadcrumbs-content":"","ast-featured-img":"","footer-sml-layout":"","theme-transparent-header-meta":"","adv-header-id-meta":"","stick-header-meta":"","header-above-stick-meta":"","header-main-stick-meta":"","header-below-stick-meta":"","astra-migrate-meta-layouts":""},"product_cat":[1489],"product_tag":[],"_links":{"self":[{"href":"https:\/\/pfkeepers.com\/english\/wp-json\/wp\/v2\/product\/358635"}],"collection":[{"href":"https:\/\/pfkeepers.com\/english\/wp-json\/wp\/v2\/product"}],"about":[{"href":"https:\/\/pfkeepers.com\/english\/wp-json\/wp\/v2\/types\/product"}],"wp:featuredmedia":[{"embeddable":true,"href":"https:\/\/pfkeepers.com\/english\/wp-json\/wp\/v2\/media\/358636"}],"wp:attachment":[{"href":"https:\/\/pfkeepers.com\/english\/wp-json\/wp\/v2\/media?parent=358635"}],"wp:term":[{"taxonomy":"product_cat","embeddable":true,"href":"https:\/\/pfkeepers.com\/english\/wp-json\/wp\/v2\/product_cat?post=358635"},{"taxonomy":"product_tag","embeddable":true,"href":"https:\/\/pfkeepers.com\/english\/wp-json\/wp\/v2\/product_tag?post=358635"}],"curies":[{"name":"wp","href":"https:\/\/api.w.org\/{rel}","templated":true}]}}