{"id":358633,"date":"2025-05-10T17:58:36","date_gmt":"2025-05-10T17:58:36","guid":{"rendered":"https:\/\/pfkeepers.com\/produto\/seachem-flourish-trace-250ml\/"},"modified":"2026-04-19T01:11:20","modified_gmt":"2026-04-19T01:11:20","slug":"seachem-flourish-trace-250ml","status":"publish","type":"product","link":"https:\/\/pfkeepers.com\/english\/product\/seachem-flourish-trace-250ml\/","title":{"rendered":"Seachem Flourish Trace 250mL"},"content":{"rendered":"<p>Flourish Trace\u2122 fornece uma vasta gama de oligoelementos demonstrados como sendo necess\u00e1rios para o devido crescimento e sa\u00fade das plantas (ver abaixo os sinais de defici\u00eancia). Oligoelementos s\u00e3o normalmente esgotados pela oxida\u00e7\u00e3o e precipita\u00e7\u00e3o. Os dois \u00faltimos procedimentos ocorrem mais rapidamente do que com outros micronutrientes. Isto faz com que seja importante restaurar os oligoelementos \u00e1 sua base. Flourish Trace\u2122 deve ser usado sozinho ou em conjunto com Flourish\u00ae. Ser\u00e3o obtidos melhores resultados quando usado em conjunto. Flourish Trace\u2122 \u00e9 seguro para usar com invertebrados, tais como camar\u00f5es.<\/p>\n<p>Sinais de defici\u00eancia de oligoelementos<\/p>\n<p>Boro: morte do meristema, do caule e raiz, folhas torcidas, tecido jovem mais afetado.<\/p>\n<p>Cobalto: usado para fixa\u00e7\u00e3o de nitrog\u00e9nio, tal como os sinais de defici\u00eancia de nitrog\u00e9nio.<\/p>\n<p>Cobre: Folhas jovens verde-escuras, torcidas, murchas, pontas permanecem vivas.<\/p>\n<p>Mangan\u00eas: Clorose das folhas jovens, com pequenas veias permanecendo verdes, necrose no meio das veias.<\/p>\n<p>Molibd\u00e9nio: Clorose, tor\u00e7\u00e3o, morte das folhas jovens.<\/p>\n<p>Zinco: Redu\u00e7\u00e3o do tamanho das folhas, encurtamento dos entren\u00f3s, Clorose, pintas nas folhas, folhas mais velhas mais afetadas.<\/p>\n<p>N\u00edquel: Falta de germina\u00e7\u00e3o ou forma\u00e7\u00e3o de sementes., requerimento para absor\u00e7\u00e3o do ferro.<\/p>\n<p>Indica\u00e7\u00f5es<\/p>\n<p>Usar 1 tampa cheia (5ml) para cada 80L duas vezes por semana. Quando usado em conjunto com Flourish\u00ae, dosear alternadamente.<\/p>\n<p>An\u00e1lise garantida<\/p>\n<p>Boro (B) &#8211; 0.0028%<\/p>\n<p>Cobalto (Co) &#8211; 0.00003%<\/p>\n<p>Cobre (Cu) &#8211; 0.0032%<\/p>\n<p>Mangan\u00eas (Mn) &#8211; 0.0085%<\/p>\n<p>Molibd\u00e9nio (Mo) &#8211; 0.0003%<\/p>\n<p>Zinco (Zn) &#8211; 0.0169%<\/p>\n<p>Rub\u00eddio (Rb) &#8211; 0.000008%<\/p>\n<p>N\u00edquel (Ni) &#8211; 0.000003%<\/p>\n<p>Van\u00e1dio (V) &#8211; 0.000002%<\/p>\n<p>Derivado do: sulfato do cobre, sulfato de cobalto, sulfato de mangan\u00e9sio, acido b\u00f3rico, molibdato de s\u00f3dio, sulfato de zinco, rub\u00eddio de clorose, clorose de n\u00edquel, sulfato de van\u00e1dio.<\/p>","protected":false},"excerpt":{"rendered":"<p>Flourish Trace\u2122 fornece uma vasta gama de oligoelementos demonstrados como sendo necess\u00e1rios para o devido crescimento e sa\u00fade das plantas (ver abaixo os sinais de defici\u00eancia). Oligoelementos s\u00e3o normalmente esgotados pela oxida\u00e7\u00e3o e precipita\u00e7\u00e3o. Os dois \u00faltimos procedimentos ocorrem mais rapidamente do que com outros micronutrientes. Isto faz com que seja importante restaurar os oligoelementos &hellip;<\/p>\n<p class=\"read-more\"> <a class=\"\" href=\"https:\/\/pfkeepers.com\/english\/product\/seachem-flourish-trace-250ml\/\"> <span class=\"screen-reader-text\">Seachem Flourish Trace 250mL<\/span> Read More &raquo;<\/a><\/p>","protected":false},"featured_media":358634,"template":"","meta":{"site-sidebar-layout":"default","site-content-layout":"","ast-site-content-layout":"","site-content-style":"default","site-sidebar-style":"default","ast-global-header-display":"","ast-banner-title-visibility":"","ast-main-header-display":"","ast-hfb-above-header-display":"","ast-hfb-below-header-display":"","ast-hfb-mobile-header-display":"","site-post-title":"","ast-breadcrumbs-content":"","ast-featured-img":"","footer-sml-layout":"","theme-transparent-header-meta":"","adv-header-id-meta":"","stick-header-meta":"","header-above-stick-meta":"","header-main-stick-meta":"","header-below-stick-meta":"","astra-migrate-meta-layouts":""},"product_cat":[1489],"product_tag":[],"_links":{"self":[{"href":"https:\/\/pfkeepers.com\/english\/wp-json\/wp\/v2\/product\/358633"}],"collection":[{"href":"https:\/\/pfkeepers.com\/english\/wp-json\/wp\/v2\/product"}],"about":[{"href":"https:\/\/pfkeepers.com\/english\/wp-json\/wp\/v2\/types\/product"}],"wp:featuredmedia":[{"embeddable":true,"href":"https:\/\/pfkeepers.com\/english\/wp-json\/wp\/v2\/media\/358634"}],"wp:attachment":[{"href":"https:\/\/pfkeepers.com\/english\/wp-json\/wp\/v2\/media?parent=358633"}],"wp:term":[{"taxonomy":"product_cat","embeddable":true,"href":"https:\/\/pfkeepers.com\/english\/wp-json\/wp\/v2\/product_cat?post=358633"},{"taxonomy":"product_tag","embeddable":true,"href":"https:\/\/pfkeepers.com\/english\/wp-json\/wp\/v2\/product_tag?post=358633"}],"curies":[{"name":"wp","href":"https:\/\/api.w.org\/{rel}","templated":true}]}}