{"id":358623,"date":"2025-05-03T10:01:45","date_gmt":"2025-05-03T10:01:45","guid":{"rendered":"https:\/\/pfkeepers.com\/produto\/bsp-musgo-taiphyllum-sp-flame-in-vitro\/"},"modified":"2026-04-19T01:10:57","modified_gmt":"2026-04-19T01:10:57","slug":"bsp-musgo-taiphyllum-sp-flame-in-vitro","status":"publish","type":"product","link":"https:\/\/pfkeepers.com\/english\/product\/bsp-musgo-taiphyllum-sp-flame-in-vitro\/","title":{"rendered":"BSP Musgo Taiphyllum sp Flame in vitro"},"content":{"rendered":"<p>Esp\u00e9cie: Taxiphyllum sp. (var. Flame)<\/p>\n<p>Crescimento: Lento<\/p>\n<p>Tamanho m\u00e1ximo: 3-10 cm<\/p>\n<p>Car\u00eancia de Luz: Baixa<\/p>\n<p>Car\u00eancia de CO2: Baixa (6 a 14mg\/L); Para acelerar o crescimento (15-25mg\/L).<\/p>\n<p>Dificuldade: Baixa<\/p>\n<p>Caracter\u00edsticas: \u00c9 uma esp\u00e9cie ainda n\u00e3o totalmente identificada do g\u00eanero Taxiphyllum. Tem um crescimento incomum que a torna inconfund\u00edvel, submersa os caules esparsamente ramificados crescem na vertical, parecendo chamas. <\/p>","protected":false},"excerpt":{"rendered":"<p>Esp\u00e9cie: Taxiphyllum sp. (var. Flame) Crescimento: Lento Tamanho m\u00e1ximo: 3-10 cm Car\u00eancia de Luz: Baixa Car\u00eancia de CO2: Baixa (6 a 14mg\/L); Para acelerar o crescimento (15-25mg\/L). Dificuldade: Baixa Caracter\u00edsticas: \u00c9 uma esp\u00e9cie ainda n\u00e3o totalmente identificada do g\u00eanero Taxiphyllum. Tem um crescimento incomum que a torna inconfund\u00edvel, submersa os caules esparsamente ramificados crescem na &hellip;<\/p>\n<p class=\"read-more\"> <a class=\"\" href=\"https:\/\/pfkeepers.com\/english\/product\/bsp-musgo-taiphyllum-sp-flame-in-vitro\/\"> <span class=\"screen-reader-text\">BSP Musgo Taiphyllum sp Flame in vitro<\/span> Read More &raquo;<\/a><\/p>","protected":false},"featured_media":358624,"template":"","meta":{"site-sidebar-layout":"default","site-content-layout":"","ast-site-content-layout":"","site-content-style":"default","site-sidebar-style":"default","ast-global-header-display":"","ast-banner-title-visibility":"","ast-main-header-display":"","ast-hfb-above-header-display":"","ast-hfb-below-header-display":"","ast-hfb-mobile-header-display":"","site-post-title":"","ast-breadcrumbs-content":"","ast-featured-img":"","footer-sml-layout":"","theme-transparent-header-meta":"","adv-header-id-meta":"","stick-header-meta":"","header-above-stick-meta":"","header-main-stick-meta":"","header-below-stick-meta":"","astra-migrate-meta-layouts":""},"product_cat":[1513],"product_tag":[],"_links":{"self":[{"href":"https:\/\/pfkeepers.com\/english\/wp-json\/wp\/v2\/product\/358623"}],"collection":[{"href":"https:\/\/pfkeepers.com\/english\/wp-json\/wp\/v2\/product"}],"about":[{"href":"https:\/\/pfkeepers.com\/english\/wp-json\/wp\/v2\/types\/product"}],"wp:featuredmedia":[{"embeddable":true,"href":"https:\/\/pfkeepers.com\/english\/wp-json\/wp\/v2\/media\/358624"}],"wp:attachment":[{"href":"https:\/\/pfkeepers.com\/english\/wp-json\/wp\/v2\/media?parent=358623"}],"wp:term":[{"taxonomy":"product_cat","embeddable":true,"href":"https:\/\/pfkeepers.com\/english\/wp-json\/wp\/v2\/product_cat?post=358623"},{"taxonomy":"product_tag","embeddable":true,"href":"https:\/\/pfkeepers.com\/english\/wp-json\/wp\/v2\/product_tag?post=358623"}],"curies":[{"name":"wp","href":"https:\/\/api.w.org\/{rel}","templated":true}]}}