{"id":358617,"date":"2025-05-02T10:37:04","date_gmt":"2025-05-02T10:37:04","guid":{"rendered":"https:\/\/pfkeepers.com\/produto\/micranthemum-monte-carlo-carpete16-x-11-cm\/"},"modified":"2026-04-19T01:10:42","modified_gmt":"2026-04-19T01:10:42","slug":"micranthemum-monte-carlo-carpete16-x-11-cm","status":"publish","type":"product","link":"https:\/\/pfkeepers.com\/english\/product\/micranthemum-monte-carlo-carpete16-x-11-cm\/","title":{"rendered":"Micranthemum Monte Carlo (Carpet 16 x 11 cm)"},"content":{"rendered":"<p>Micranthemum &#8216;Monte Carlo&#8217; \u00e9 origon\u00e1ria da Europa e leste da \u00c1sia. \u00c9 uma planta de tapete com folhas pequenas redondas e compactas. A planta pode crescer em condi\u00e7\u00f5es de pouca luz e sem Co2, mas \u00e9 mais compacta com luz intensa e injec\u00e7\u00e3o de Co2.<\/p>\n<p>Placas de tapete 16x11cm<\/p>","protected":false},"excerpt":{"rendered":"<p>Micranthemum &#8216;Monte Carlo&#8217; \u00e9 origon\u00e1ria da Europa e leste da \u00c1sia. \u00c9 uma planta de tapete com folhas pequenas redondas e compactas. A planta pode crescer em condi\u00e7\u00f5es de pouca luz e sem Co2, mas \u00e9 mais compacta com luz intensa e injec\u00e7\u00e3o de Co2. Placas de tapete 16x11cm<\/p>","protected":false},"featured_media":358618,"template":"","meta":{"site-sidebar-layout":"default","site-content-layout":"","ast-site-content-layout":"","site-content-style":"default","site-sidebar-style":"default","ast-global-header-display":"","ast-banner-title-visibility":"","ast-main-header-display":"","ast-hfb-above-header-display":"","ast-hfb-below-header-display":"","ast-hfb-mobile-header-display":"","site-post-title":"","ast-breadcrumbs-content":"","ast-featured-img":"","footer-sml-layout":"","theme-transparent-header-meta":"","adv-header-id-meta":"","stick-header-meta":"","header-above-stick-meta":"","header-main-stick-meta":"","header-below-stick-meta":"","astra-migrate-meta-layouts":""},"product_cat":[1517],"product_tag":[],"_links":{"self":[{"href":"https:\/\/pfkeepers.com\/english\/wp-json\/wp\/v2\/product\/358617"}],"collection":[{"href":"https:\/\/pfkeepers.com\/english\/wp-json\/wp\/v2\/product"}],"about":[{"href":"https:\/\/pfkeepers.com\/english\/wp-json\/wp\/v2\/types\/product"}],"wp:featuredmedia":[{"embeddable":true,"href":"https:\/\/pfkeepers.com\/english\/wp-json\/wp\/v2\/media\/358618"}],"wp:attachment":[{"href":"https:\/\/pfkeepers.com\/english\/wp-json\/wp\/v2\/media?parent=358617"}],"wp:term":[{"taxonomy":"product_cat","embeddable":true,"href":"https:\/\/pfkeepers.com\/english\/wp-json\/wp\/v2\/product_cat?post=358617"},{"taxonomy":"product_tag","embeddable":true,"href":"https:\/\/pfkeepers.com\/english\/wp-json\/wp\/v2\/product_tag?post=358617"}],"curies":[{"name":"wp","href":"https:\/\/api.w.org\/{rel}","templated":true}]}}