{"id":358613,"date":"2025-05-02T10:36:50","date_gmt":"2025-05-02T10:36:50","guid":{"rendered":"https:\/\/pfkeepers.com\/produto\/rotala-rotundifolia\/"},"modified":"2026-04-19T01:10:30","modified_gmt":"2026-04-19T01:10:30","slug":"rotala-rotundifolia","status":"publish","type":"product","link":"https:\/\/pfkeepers.com\/english\/product\/rotala-rotundifolia\/","title":{"rendered":"Rotala rotundifolia"},"content":{"rendered":"<p>Categorias Plantas Aqu\u00e1ticas Plantas em Vaso Rotala Rotundifolia<br \/>\nRotala rotundifolia<br \/>\n     (1)<br \/>\nDispon\u00edvel<\/p>\n<p>4,80 \u20ac \/ unidade(s)<br \/>\n1<br \/>\nunidade(s)+\u2013 Adicionar ao carrinho<br \/>\nRecomendar<br \/>\nColocar quest\u00e3o<br \/>\nRotala rotundifolia<\/p>\n<p>Descri\u00e7\u00e3oAvalia\u00e7\u00f5es (1)<br \/>\nO nome latino significa &#8220;a planta com as folhas redondas&#8221;, mas isso s\u00f3 se aplica \u00e0 variedade do p\u00e2ntano, que tem folhas circulares. Rotala rotundifolia do Sudeste Asi\u00e1tico tem hastes de 15 a 30 longas (2-3 cm de largura) e folhas longas e estreitas. Ao contr\u00e1rio de outras esp\u00e9cies rotala \u00e9 relativamente pouco exigente, embora precise de boa luz para produzir folhas vermelhas.<br \/>\nEle forma tiros laterais voluntariamente, tornando-se compacto e espesso. Isso tamb\u00e9m significa que \u00e9 dif\u00edcil para a luz chegar \u00e0s folhas inferiores, por isso a planta deve ser podada com frequ\u00eancia. Tamb\u00e9m conhecido como Rotala indica.<\/p>","protected":false},"excerpt":{"rendered":"<p>Categorias Plantas Aqu\u00e1ticas Plantas em Vaso Rotala Rotundifolia Rotala Rotundifolia (1) Dispon\u00edvel 4,80 \u20ac \/ unidade(s) 1 unidade(s)+\u2013 Adicionar ao carrinho Recomendar Colocar quest\u00e3o Rotala Rotundifolia Descri\u00e7\u00e3oAvalia\u00e7\u00f5es (1) O nome latino significa &#8220;a planta com as folhas redondas&#8221;, mas isso s\u00f3 se aplica \u00e0 variedade do p\u00e2ntano, que tem folhas circulares. Rotala rotundifolia do Sudeste &hellip;<\/p>\n<p class=\"read-more\"> <a class=\"\" href=\"https:\/\/pfkeepers.com\/english\/product\/rotala-rotundifolia\/\"> <span class=\"screen-reader-text\">Rotala rotundifolia<\/span> Read More &raquo;<\/a><\/p>","protected":false},"featured_media":358614,"template":"","meta":{"site-sidebar-layout":"default","site-content-layout":"","ast-site-content-layout":"","site-content-style":"default","site-sidebar-style":"default","ast-global-header-display":"","ast-banner-title-visibility":"","ast-main-header-display":"","ast-hfb-above-header-display":"","ast-hfb-below-header-display":"","ast-hfb-mobile-header-display":"","site-post-title":"","ast-breadcrumbs-content":"","ast-featured-img":"","footer-sml-layout":"","theme-transparent-header-meta":"","adv-header-id-meta":"","stick-header-meta":"","header-above-stick-meta":"","header-main-stick-meta":"","header-below-stick-meta":"","astra-migrate-meta-layouts":""},"product_cat":[1511],"product_tag":[],"_links":{"self":[{"href":"https:\/\/pfkeepers.com\/english\/wp-json\/wp\/v2\/product\/358613"}],"collection":[{"href":"https:\/\/pfkeepers.com\/english\/wp-json\/wp\/v2\/product"}],"about":[{"href":"https:\/\/pfkeepers.com\/english\/wp-json\/wp\/v2\/types\/product"}],"wp:featuredmedia":[{"embeddable":true,"href":"https:\/\/pfkeepers.com\/english\/wp-json\/wp\/v2\/media\/358614"}],"wp:attachment":[{"href":"https:\/\/pfkeepers.com\/english\/wp-json\/wp\/v2\/media?parent=358613"}],"wp:term":[{"taxonomy":"product_cat","embeddable":true,"href":"https:\/\/pfkeepers.com\/english\/wp-json\/wp\/v2\/product_cat?post=358613"},{"taxonomy":"product_tag","embeddable":true,"href":"https:\/\/pfkeepers.com\/english\/wp-json\/wp\/v2\/product_tag?post=358613"}],"curies":[{"name":"wp","href":"https:\/\/api.w.org\/{rel}","templated":true}]}}