{"id":358607,"date":"2025-05-02T10:36:36","date_gmt":"2025-05-02T10:36:36","guid":{"rendered":"https:\/\/pfkeepers.com\/produto\/ceratopteris-thalictroides-fina\/"},"modified":"2026-04-19T01:10:12","modified_gmt":"2026-04-19T01:10:12","slug":"ceratopteris-thalictroides-fina","status":"publish","type":"product","link":"https:\/\/pfkeepers.com\/english\/product\/ceratopteris-thalictroides-fina\/","title":{"rendered":"Ceratopteris thalictroides"},"content":{"rendered":"<p>Ceratopteris thalictroides \u00e9 um feto pantropical, com 15-30 cm de altura e 10-20 cm de largura.<br \/>\nEsta planta normalmente cresce r\u00e1pido, mas a adi\u00e7\u00e3o de CO2 pode ser necess\u00e1ria para promover o crescimento. <\/p>\n<p>Em aqu\u00e1rios pequenos e abertos, pode crescer fora do tanque e formar lindas folhas na superf\u00edcie. As folhas finamente ramificadas s\u00e3o muito decorativas e proporcionam um bom contraste com outras formas de folha.<\/p>\n<p> Com boa luz, Ceratopteris thalictroides cresce r\u00e1pido e ajuda a prevenir as algas ao consumir grandes quantidades de nutrientes.<\/p>\n<p> Isso a torna uma boa planta inicial em aqu\u00e1rios pequenos.<\/p>\n<p>Tipo: Rosulate<br \/>\nOrigem: \u00c1sia<br \/>\nTaxa de crescimento: Alto<br \/>\nAltura: 15 &#8211; 30+<br \/>\nDemanda leve: M\u00e9dio<br \/>\nCO2: Baixo<\/p>","protected":false},"excerpt":{"rendered":"<p>Ceratopteris thalictroides \u00e9 um feto pantropical, com 15-30 cm de altura e 10-20 cm de largura. Esta planta normalmente cresce r\u00e1pido, mas a adi\u00e7\u00e3o de CO2 pode ser necess\u00e1ria para promover o crescimento. Em aqu\u00e1rios pequenos e abertos, pode crescer fora do tanque e formar lindas folhas na superf\u00edcie. As folhas finamente ramificadas s\u00e3o muito &hellip;<\/p>\n<p class=\"read-more\"> <a class=\"\" href=\"https:\/\/pfkeepers.com\/english\/product\/ceratopteris-thalictroides-fina\/\"> <span class=\"screen-reader-text\">Ceratopteris thalictroides<\/span> Read More &raquo;<\/a><\/p>","protected":false},"featured_media":358608,"template":"","meta":{"site-sidebar-layout":"default","site-content-layout":"","ast-site-content-layout":"","site-content-style":"default","site-sidebar-style":"default","ast-global-header-display":"","ast-banner-title-visibility":"","ast-main-header-display":"","ast-hfb-above-header-display":"","ast-hfb-below-header-display":"","ast-hfb-mobile-header-display":"","site-post-title":"","ast-breadcrumbs-content":"","ast-featured-img":"","footer-sml-layout":"","theme-transparent-header-meta":"","adv-header-id-meta":"","stick-header-meta":"","header-above-stick-meta":"","header-main-stick-meta":"","header-below-stick-meta":"","astra-migrate-meta-layouts":""},"product_cat":[1511],"product_tag":[],"_links":{"self":[{"href":"https:\/\/pfkeepers.com\/english\/wp-json\/wp\/v2\/product\/358607"}],"collection":[{"href":"https:\/\/pfkeepers.com\/english\/wp-json\/wp\/v2\/product"}],"about":[{"href":"https:\/\/pfkeepers.com\/english\/wp-json\/wp\/v2\/types\/product"}],"wp:featuredmedia":[{"embeddable":true,"href":"https:\/\/pfkeepers.com\/english\/wp-json\/wp\/v2\/media\/358608"}],"wp:attachment":[{"href":"https:\/\/pfkeepers.com\/english\/wp-json\/wp\/v2\/media?parent=358607"}],"wp:term":[{"taxonomy":"product_cat","embeddable":true,"href":"https:\/\/pfkeepers.com\/english\/wp-json\/wp\/v2\/product_cat?post=358607"},{"taxonomy":"product_tag","embeddable":true,"href":"https:\/\/pfkeepers.com\/english\/wp-json\/wp\/v2\/product_tag?post=358607"}],"curies":[{"name":"wp","href":"https:\/\/api.w.org\/{rel}","templated":true}]}}