{"id":358599,"date":"2025-04-24T10:38:38","date_gmt":"2025-04-24T10:38:38","guid":{"rendered":"https:\/\/pfkeepers.com\/produto\/red-bells-urchin-salmacis-belli\/"},"modified":"2026-04-19T01:09:49","modified_gmt":"2026-04-19T01:09:49","slug":"red-bells-urchin-salmacis-belli","status":"publish","type":"product","link":"https:\/\/pfkeepers.com\/english\/product\/red-bells-urchin-salmacis-belli\/","title":{"rendered":"Red Bell&#8217;s Urchin &#8211; Salmacis belli"},"content":{"rendered":"<p>N\u00edvel de Cuidados: Iniciante<\/p>\n<p>Temperamento: Pac\u00edfico<\/p>\n<p>Colora\u00e7\u00e3o: Vermelho, Amarelo, Azul<\/p>\n<p>Dieta: Herb\u00edvoro<\/p>\n<p>Compat\u00edvel com Corais: Com Precau\u00e7\u00e3o<\/p>\n<p>Par\u00e2metros: 1.023-1-025sg 22-28\u00baC 8-12dKH 8.0-8.4<\/p>\n<p>Tamanho M\u00e1ximo: 7cm<\/p>","protected":false},"excerpt":{"rendered":"<p>N\u00edvel de Cuidados: Iniciante Temperamento: Pac\u00edfico Colora\u00e7\u00e3o: Vermelho, Amarelo, Azul Dieta: Herb\u00edvoro Compat\u00edvel com Corais: Com Precau\u00e7\u00e3o Par\u00e2metros: 1.023-1-025sg 22-28\u00baC 8-12dKH 8.0-8.4 Tamanho M\u00e1ximo: 7cm<\/p>","protected":false},"featured_media":358600,"template":"","meta":{"site-sidebar-layout":"default","site-content-layout":"","ast-site-content-layout":"","site-content-style":"default","site-sidebar-style":"default","ast-global-header-display":"","ast-banner-title-visibility":"","ast-main-header-display":"","ast-hfb-above-header-display":"","ast-hfb-below-header-display":"","ast-hfb-mobile-header-display":"","site-post-title":"","ast-breadcrumbs-content":"","ast-featured-img":"","footer-sml-layout":"","theme-transparent-header-meta":"","adv-header-id-meta":"","stick-header-meta":"","header-above-stick-meta":"","header-main-stick-meta":"","header-below-stick-meta":"","astra-migrate-meta-layouts":""},"product_cat":[1356],"product_tag":[],"_links":{"self":[{"href":"https:\/\/pfkeepers.com\/english\/wp-json\/wp\/v2\/product\/358599"}],"collection":[{"href":"https:\/\/pfkeepers.com\/english\/wp-json\/wp\/v2\/product"}],"about":[{"href":"https:\/\/pfkeepers.com\/english\/wp-json\/wp\/v2\/types\/product"}],"wp:featuredmedia":[{"embeddable":true,"href":"https:\/\/pfkeepers.com\/english\/wp-json\/wp\/v2\/media\/358600"}],"wp:attachment":[{"href":"https:\/\/pfkeepers.com\/english\/wp-json\/wp\/v2\/media?parent=358599"}],"wp:term":[{"taxonomy":"product_cat","embeddable":true,"href":"https:\/\/pfkeepers.com\/english\/wp-json\/wp\/v2\/product_cat?post=358599"},{"taxonomy":"product_tag","embeddable":true,"href":"https:\/\/pfkeepers.com\/english\/wp-json\/wp\/v2\/product_tag?post=358599"}],"curies":[{"name":"wp","href":"https:\/\/api.w.org\/{rel}","templated":true}]}}