{"id":358579,"date":"2025-04-22T18:46:44","date_gmt":"2025-04-22T18:46:44","guid":{"rendered":"https:\/\/pfkeepers.com\/produto\/streambiz-artemia-paste-70g\/"},"modified":"2026-04-19T01:08:51","modified_gmt":"2026-04-19T01:08:51","slug":"streambiz-artemia-paste-70g","status":"publish","type":"product","link":"https:\/\/pfkeepers.com\/english\/product\/streambiz-artemia-paste-70g\/","title":{"rendered":"StreamBiz Artemia Paste 70g"},"content":{"rendered":"<p>Pasta alimentar com art\u00eamia de f\u00e1cil digest\u00e3o e extremamente produtiva. Adequado como alimento completo para peixes ornamentais tropicais.<\/p>\n<p>Com a pasta, os animais alimentares podem ser armazenados da maneira mais f\u00e1cil, sem geladeira ou freezer. Os nutrientes s\u00e3o completamente retidos.<\/p>\n<p>Para a alimenta\u00e7\u00e3o, a pasta \u00e9 formada em pequenas bolas do tamanho de uma ervilha que grudam em vidros e pedras.<br \/>\nEste alimento \u00e9 particularmente adequado para a cria\u00e7\u00e3o de alevinos, pois a pasta \u00e9 constitu\u00edda por pequenas part\u00edculas e as bolas formadas dissolvem-se lentamente.<\/p>\n<p>Composi\u00e7\u00e3o:<br \/>\nPeixes e subprodutos de peixe, gr\u00e3os, vegetais, moluscos e crust\u00e1ceos (6%), \u00f3leos e gorduras, leveduras.<\/p>\n<p>An\u00e1lise:<br \/>\nProte\u00edna bruta 36%, gordura bruta 9%, fibra bruta 0,3%, cinza bruta 5%<\/p>\n<p>Aditivos por kg:<br \/>\nVitamina D3 (E671) 450 UI, oligoelementos: sulfato de ferro monohidratado (E1) 26 mg, iodato de c\u00e1lcio anidro (E2) 1 mg, sulfato de cobre pentahidratado (E4) 5 mg, sulfato de mangan\u00eas monohidratado (E5) 10 mg , sulfato de zinco monohidratado (E6) 66 mg, selenito de s\u00f3dio (E8) 0,03 mg<\/p>\n<p>Antioxidantes:  35 mg<\/p>\n<p>Instru\u00e7\u00f5es de alimenta\u00e7\u00e3o:<br \/>\nO alimento pode ser utilizado como alimento adicional ou completo.<br \/>\nAlimente este alimento em pequenas por\u00e7\u00f5es diariamente.<\/p>\n<p>As pastas alimentares de f\u00e1cil digest\u00e3o e extremamente produtivas garantem boa sa\u00fade e cores vivas aos seus peixes. Mat\u00e9rias-primas selecionadas, combinadas numa composi\u00e7\u00e3o bem pensada e processadas com cuidado, garantem f\u00e1cil absor\u00e7\u00e3o e alta digestibilidade. As baixas temperaturas garantem a preserva\u00e7\u00e3o de ingredientes valiosos. A divis\u00e3o de mol\u00e9culas de cadeia longa usando um processo de alta press\u00e3o significa que menos alimento \u00e9 necess\u00e1rio para um crescimento ideal e menos polui\u00e7\u00e3o da \u00e1gua.<\/p>","protected":false},"excerpt":{"rendered":"<p>Pasta alimentar com art\u00eamia de f\u00e1cil digest\u00e3o e extremamente produtiva. Adequado como alimento completo para peixes ornamentais tropicais. Com a pasta, os animais alimentares podem ser armazenados da maneira mais f\u00e1cil, sem geladeira ou freezer. Os nutrientes s\u00e3o completamente retidos. Para a alimenta\u00e7\u00e3o, a pasta \u00e9 formada em pequenas bolas do tamanho de uma ervilha &hellip;<\/p>\n<p class=\"read-more\"> <a class=\"\" href=\"https:\/\/pfkeepers.com\/english\/product\/streambiz-artemia-paste-70g\/\"> <span class=\"screen-reader-text\">StreamBiz Artemia Paste 70g<\/span> Read More &raquo;<\/a><\/p>","protected":false},"featured_media":358580,"template":"","meta":{"site-sidebar-layout":"default","site-content-layout":"","ast-site-content-layout":"","site-content-style":"default","site-sidebar-style":"default","ast-global-header-display":"","ast-banner-title-visibility":"","ast-main-header-display":"","ast-hfb-above-header-display":"","ast-hfb-below-header-display":"","ast-hfb-mobile-header-display":"","site-post-title":"","ast-breadcrumbs-content":"","ast-featured-img":"","footer-sml-layout":"","theme-transparent-header-meta":"","adv-header-id-meta":"","stick-header-meta":"","header-above-stick-meta":"","header-main-stick-meta":"","header-below-stick-meta":"","astra-migrate-meta-layouts":""},"product_cat":[1479],"product_tag":[],"_links":{"self":[{"href":"https:\/\/pfkeepers.com\/english\/wp-json\/wp\/v2\/product\/358579"}],"collection":[{"href":"https:\/\/pfkeepers.com\/english\/wp-json\/wp\/v2\/product"}],"about":[{"href":"https:\/\/pfkeepers.com\/english\/wp-json\/wp\/v2\/types\/product"}],"wp:featuredmedia":[{"embeddable":true,"href":"https:\/\/pfkeepers.com\/english\/wp-json\/wp\/v2\/media\/358580"}],"wp:attachment":[{"href":"https:\/\/pfkeepers.com\/english\/wp-json\/wp\/v2\/media?parent=358579"}],"wp:term":[{"taxonomy":"product_cat","embeddable":true,"href":"https:\/\/pfkeepers.com\/english\/wp-json\/wp\/v2\/product_cat?post=358579"},{"taxonomy":"product_tag","embeddable":true,"href":"https:\/\/pfkeepers.com\/english\/wp-json\/wp\/v2\/product_tag?post=358579"}],"curies":[{"name":"wp","href":"https:\/\/api.w.org\/{rel}","templated":true}]}}