{"id":358577,"date":"2025-04-22T18:46:40","date_gmt":"2025-04-22T18:46:40","guid":{"rendered":"https:\/\/pfkeepers.com\/produto\/twinstar-light-iv-1200ea\/"},"modified":"2026-04-19T01:08:45","modified_gmt":"2026-04-19T01:08:45","slug":"twinstar-light-iv-1200ea","status":"publish","type":"product","link":"https:\/\/pfkeepers.com\/english\/product\/twinstar-light-iv-1200ea\/","title":{"rendered":"Twinstar Light IV 1200EA"},"content":{"rendered":"<p>Este \u00e9 um novo LED personalizado da TWINSTAR para criar um espectro ideal para o crescimento das plantas e melhorar a visibilidade.<br \/>\nIncorpora n\u00e3o s\u00f3 duas cores, azul (464 nm ~ 480 nm) e vermelho (617 nm ~ 630 nm), mas toda a luz necess\u00e1ria para o crescimento das plantas num \u00fanico pacote, elaborando uma combina\u00e7\u00e3o de f\u00f3sforos.<br \/>\nComo verificar? Isso \u00e9 simples.<br \/>\nUma vez instaladas, as plantas responder\u00e3o instantaneamente e poder\u00e1 observar a fotoss\u00edntese para o crescimento das plantas.<\/p>\n<p>Procedimentos de instala\u00e7\u00e3o recomendados:<br \/>\n-&gt; Aqu\u00e1rio e aqu\u00e1rio plantado f\u00e1cil\/m\u00e9dio \u2013 1 unidade<br \/>\n-&gt; Tanque plantado alto \u2013 2 unid.<\/p>\n<p>ESPECIFICA\u00c7\u00d5ES<\/p>\n<p>Temperatura de cor: 8300K<br \/>\nFonte LED: Espectro completo profundo 380-780 nm (patente pendente)<br \/>\nQuantidade de LED: 56 LED laranja + 100 RGB<br \/>\nTens\u00e3o\/corrente de funcionamento: DC 24 V@3,5 A<br \/>\nFonte de alimenta\u00e7\u00e3o: 230V 50-60Hz<br \/>\nPot\u00eancia: 74W<br \/>\nBrilho: 3700lm<br \/>\nTemperatura de funcionamento: 0~35\u00baC<br \/>\nPer\u00edodo de garantia: 2 anos<br \/>\nCertifica\u00e7\u00e3o: KC, CE<br \/>\nINCLUI<\/p>\n<p>Luz LED<br \/>\nUnidade de fonte de alimenta\u00e7\u00e3o<br \/>\nColchetes<br \/>\nControlador Twinstar em linha \u2013 Ligar\/Desligar, Nascer\/P\u00f4r do Sol, Dimmer de 7 passos e Temporizador<\/p>","protected":false},"excerpt":{"rendered":"<p>Este \u00e9 um novo LED personalizado da TWINSTAR para criar um espectro ideal para o crescimento das plantas e melhorar a visibilidade. Incorpora n\u00e3o s\u00f3 duas cores, azul (464 nm ~ 480 nm) e vermelho (617 nm ~ 630 nm), mas toda a luz necess\u00e1ria para o crescimento das plantas num \u00fanico pacote, elaborando uma &hellip;<\/p>\n<p class=\"read-more\"> <a class=\"\" href=\"https:\/\/pfkeepers.com\/english\/product\/twinstar-light-iv-1200ea\/\"> <span class=\"screen-reader-text\">Twinstar Light IV 1200EA<\/span> Read More &raquo;<\/a><\/p>","protected":false},"featured_media":358578,"template":"","meta":{"site-sidebar-layout":"default","site-content-layout":"","ast-site-content-layout":"","site-content-style":"default","site-sidebar-style":"default","ast-global-header-display":"","ast-banner-title-visibility":"","ast-main-header-display":"","ast-hfb-above-header-display":"","ast-hfb-below-header-display":"","ast-hfb-mobile-header-display":"","site-post-title":"","ast-breadcrumbs-content":"","ast-featured-img":"","footer-sml-layout":"","theme-transparent-header-meta":"","adv-header-id-meta":"","stick-header-meta":"","header-above-stick-meta":"","header-main-stick-meta":"","header-below-stick-meta":"","astra-migrate-meta-layouts":""},"product_cat":[1677],"product_tag":[],"_links":{"self":[{"href":"https:\/\/pfkeepers.com\/english\/wp-json\/wp\/v2\/product\/358577"}],"collection":[{"href":"https:\/\/pfkeepers.com\/english\/wp-json\/wp\/v2\/product"}],"about":[{"href":"https:\/\/pfkeepers.com\/english\/wp-json\/wp\/v2\/types\/product"}],"wp:featuredmedia":[{"embeddable":true,"href":"https:\/\/pfkeepers.com\/english\/wp-json\/wp\/v2\/media\/358578"}],"wp:attachment":[{"href":"https:\/\/pfkeepers.com\/english\/wp-json\/wp\/v2\/media?parent=358577"}],"wp:term":[{"taxonomy":"product_cat","embeddable":true,"href":"https:\/\/pfkeepers.com\/english\/wp-json\/wp\/v2\/product_cat?post=358577"},{"taxonomy":"product_tag","embeddable":true,"href":"https:\/\/pfkeepers.com\/english\/wp-json\/wp\/v2\/product_tag?post=358577"}],"curies":[{"name":"wp","href":"https:\/\/api.w.org\/{rel}","templated":true}]}}