{"id":358450,"date":"2025-04-02T19:05:45","date_gmt":"2025-04-02T19:05:45","guid":{"rendered":"https:\/\/pfkeepers.com\/produto\/tropic-marin-all-for-reef-powder-1600g\/"},"modified":"2026-04-19T01:06:49","modified_gmt":"2026-04-19T01:06:49","slug":"tropic-marin-all-for-reef-powder-1600g","status":"publish","type":"product","link":"https:\/\/pfkeepers.com\/english\/product\/tropic-marin-all-for-reef-powder-1600g\/","title":{"rendered":"Tropic Marin All For Reef Powder 1600g"},"content":{"rendered":"<p>Suprimento geral de minerais para aqu\u00e1rios de recife<br \/>\nTropic Marin\u00ae ALL-FOR-REEF \u00e9 uma solu\u00e7\u00e3o f\u00e1cil de usar e altamente concentrada para o suprimento de TODOS os minerais essenciais e oligoelementos em aqu\u00e1rios de recife novos ou moderadamente abast.<br \/>\nOs minerais s\u00e3o consumidos atrav\u00e9s do crescimento de organismos e outros processos no aqu\u00e1rio e devem ser suplementados regularmente. Esses minerais incluem os elementos base: c\u00e1lcio, magn\u00e9sio, estr\u00f4ncio e elementos de dureza de carbonato para o crescimento dos esqueletos calc\u00e1rios de corais rochosos, algas vermelhas coralinas e outros organismos de recife.ALL-FOR-REEF cont\u00e9m todos esses componentes em forma altamente concentrada e tamb\u00e9m cont\u00e9m os oligoelementos mais importantes: Iodo, bromo e fl\u00faor para o crescimento e estabiliza\u00e7\u00e3o dos esqueletos de chifres de corais, esponjas e crust\u00e1ceos; sel\u00eanio para eliminar os radicais livres; molibd\u00eanio e van\u00e1dio para o estabelecimento de importantes elementos enzim\u00e1ticos.<br \/>\nCom a propor\u00e7\u00e3o ideal de certos componentes, ALL-FOR-REEF cria um ambiente ideal com apenas uma solu\u00e7\u00e3o. Nenhum composto adicional \u00e9 criado (por exemplo, cloreto de s\u00f3dio) que altera a salinidade ou o equil\u00edbrio i\u00f4nico.<br \/>\nBenef\u00edcios<br \/>\n&#8211; Fornecimento mineral completo em apenas uma solu\u00e7\u00e3o.<br \/>\n&#8211; Os oligoelementos mais importantes j\u00e1 est\u00e3o inclu\u00eddos (todos os elementos do Tropic Marin\u00ae PRO-CORAL A-ELEMENTS).<br \/>\n&#8211; Sem forma\u00e7\u00e3o de subprodutos (por exemplo, cloreto de s\u00f3dio); a salinidade e o equil\u00edbrio i\u00f4nico n\u00e3o s\u00e3o alterados.<br \/>\n&#8211; Sem forma\u00e7\u00e3o de excesso de di\u00f3xido de carbono.<br \/>\n&#8211; Adequado para um aqu\u00e1rio abastecido com corais moles, LPS, SPS, other alimentadores de filtro e \/ ou crust\u00e1ceos.<br \/>\n&#8211; F\u00e1cil de aplicar &#8211; tanto adequado para dosagem manual como para bombas doseadoras.<br \/>\nIngredientes<br \/>\nTropic Marin\u00ae ALL-FOR-REEF cont\u00e9m sais org\u00e2nicos de c\u00e1lcio, sais de magn\u00e9sio, estr\u00f4ncio e oligoelementos.<br \/>\n500 ml de ALL-FOR-REEF definido 20.000 mg de c\u00e1lcio, 950 mg de magn\u00e9sio, 390 mg de estr\u00f4ncio, dureza de 2.800 \u00b0 carbonato e 17 mg de iodo.<br \/>\nAplica\u00e7\u00e3o e dosagem<br \/>\nComece com uma dose di\u00e1ria de 5 ml de ALL-FOR-REEF por 100 litros (26 US-gal) de volume do sistema de aqu\u00e1rio. Aumente a dosagem di\u00e1ria &#8211; por monitoramento cont\u00ednuo da alcalinidade &#8211; semanalmente em 2,5 ml por 100 litros (26 US-gal) de volume do sistema do aqu\u00e1rio, at\u00e9 que uma dureza carbon\u00e1tica constante de 7 a 9 \u00b0 dH seja alcan\u00e7ada.<br \/>\nN\u00e3o exceda a dose di\u00e1ria m\u00e1xima de 25 ml de ALL-FOR-REEF por 100 litros (26 US-gal) de volume do sistema de aqu\u00e1rio.<\/p>\n<p>All-For-Reef Powder &#8211; P\u00f3 cristalino ultraconcentrado para prepara\u00e7\u00e3o de uma solu\u00e7\u00e3o completa que fornece todos os minerais e oligoelementos necess\u00e1rios a aqu\u00e1rios de recifes renovados e com um n\u00edvel de ocupa\u00e7\u00e3o m\u00e9dio.<\/p>\n<p>A embalagem de 1600 g \u00e9 adequada para uma solu\u00e7\u00e3o de dosagem de 10 litros.<\/p>\n<p>Para preparar a mistura de minerais l\u00edquida, dissolvem-se 6 colheres de medi\u00e7\u00e3o rasas (aprox. 160 g) de All-For-Reef Pulver em 1 litro de \u00e1gua sujeita a osmose inversa. Esta solu\u00e7\u00e3o conserva-se por muito tempo e cont\u00e9m aprox. 43.000 mg de c\u00e1lcio, 6.000\u00b0 de dureza de carbonatos, 1.900 mg de magn\u00e9sio, 780 mg de estr\u00f4ncio, e 34 mg de iodo, assim como todos os outros oligoelementos importantes.<\/p>\n<p>Inicie o processo com uma dosagem di\u00e1ria de 5 ml da solu\u00e7\u00e3o de minerais por cada 100 l do volume do aqu\u00e1rio. Aumente a dosagem di\u00e1ria \u2013 sob controlo da dureza de carbonatos \u2013 semanalmente de 2,5 ml por cada 100 l do volume do aqu\u00e1rio at\u00e9 que ela atinja uma dureza de carbonatos constante de 7 at\u00e9 9\u00b0 dH.<\/p>\n<p>Dosagem m\u00e1xima: 25 ml de solu\u00e7\u00e3o por cada 100 l de volume do aqu\u00e1rio diariamente.<\/p>","protected":false},"excerpt":{"rendered":"<p>Suprimento geral de minerais para aqu\u00e1rios de recife Tropic Marin\u00ae ALL-FOR-REEF \u00e9 uma solu\u00e7\u00e3o f\u00e1cil de usar e altamente concentrada para o suprimento de TODOS os minerais essenciais e oligoelementos em aqu\u00e1rios de recife novos ou moderadamente abast. Os minerais s\u00e3o consumidos atrav\u00e9s do crescimento de organismos e outros processos no aqu\u00e1rio e devem ser &hellip;<\/p>\n<p class=\"read-more\"> <a class=\"\" href=\"https:\/\/pfkeepers.com\/english\/product\/tropic-marin-all-for-reef-powder-1600g\/\"> <span class=\"screen-reader-text\">Tropic Marin All For Reef Powder 1600g<\/span> Read More &raquo;<\/a><\/p>","protected":false},"featured_media":358451,"template":"","meta":{"site-sidebar-layout":"default","site-content-layout":"","ast-site-content-layout":"","site-content-style":"default","site-sidebar-style":"default","ast-global-header-display":"","ast-banner-title-visibility":"","ast-main-header-display":"","ast-hfb-above-header-display":"","ast-hfb-below-header-display":"","ast-hfb-mobile-header-display":"","site-post-title":"","ast-breadcrumbs-content":"","ast-featured-img":"","footer-sml-layout":"","theme-transparent-header-meta":"","adv-header-id-meta":"","stick-header-meta":"","header-above-stick-meta":"","header-main-stick-meta":"","header-below-stick-meta":"","astra-migrate-meta-layouts":""},"product_cat":[1485],"product_tag":[],"_links":{"self":[{"href":"https:\/\/pfkeepers.com\/english\/wp-json\/wp\/v2\/product\/358450"}],"collection":[{"href":"https:\/\/pfkeepers.com\/english\/wp-json\/wp\/v2\/product"}],"about":[{"href":"https:\/\/pfkeepers.com\/english\/wp-json\/wp\/v2\/types\/product"}],"wp:featuredmedia":[{"embeddable":true,"href":"https:\/\/pfkeepers.com\/english\/wp-json\/wp\/v2\/media\/358451"}],"wp:attachment":[{"href":"https:\/\/pfkeepers.com\/english\/wp-json\/wp\/v2\/media?parent=358450"}],"wp:term":[{"taxonomy":"product_cat","embeddable":true,"href":"https:\/\/pfkeepers.com\/english\/wp-json\/wp\/v2\/product_cat?post=358450"},{"taxonomy":"product_tag","embeddable":true,"href":"https:\/\/pfkeepers.com\/english\/wp-json\/wp\/v2\/product_tag?post=358450"}],"curies":[{"name":"wp","href":"https:\/\/api.w.org\/{rel}","templated":true}]}}