{"id":358378,"date":"2025-03-29T19:16:01","date_gmt":"2025-03-29T19:16:01","guid":{"rendered":"https:\/\/pfkeepers.com\/produto\/aqua-medic-dc-runner-400\/"},"modified":"2026-04-19T01:06:37","modified_gmt":"2026-04-19T01:06:37","slug":"aqua-medic-dc-runner-400","status":"publish","type":"product","link":"https:\/\/pfkeepers.com\/english\/product\/aqua-medic-dc-runner-400\/","title":{"rendered":"Aqua Medic  DC Runner 400"},"content":{"rendered":"<p>Bomba universal para aqu\u00e1rios<\/p>\n<p>&#8211; \u201cultra silencioso\u201d gra\u00e7as \u00e0 eletr\u00f4nica de controle otimizada<br \/>\n&#8211; Para uso como bomba de agita\u00e7\u00e3o ou bomba de alimenta\u00e7\u00e3o em aqu\u00e1rios de \u00e1gua doce ou salgada<br \/>\n&#8211; Corpo robusto da bomba<br \/>\n&#8211; Motor de 24 V DC com economia de energia e alta efici\u00eancia<br \/>\n&#8211; Rolamentos polidos e eixos cer\u00e2micos para opera\u00e7\u00e3o silenciosa e sem problemas<br \/>\nmanuten\u00e7\u00e3o por muitos anos<br \/>\n&#8211; Possibilidade de utiliza\u00e7\u00e3o apenas debaixo de \u00e1gua<br \/>\n&#8211; Com transformador de 24 V<\/p>","protected":false},"excerpt":{"rendered":"<p>Bomba universal para aqu\u00e1rios &#8211; \u201cultra silencioso\u201d gra\u00e7as \u00e0 eletr\u00f4nica de controle otimizada &#8211; Para uso como bomba de agita\u00e7\u00e3o ou bomba de alimenta\u00e7\u00e3o em aqu\u00e1rios de \u00e1gua doce ou salgada &#8211; Corpo robusto da bomba &#8211; Motor de 24 V DC com economia de energia e alta efici\u00eancia &#8211; Rolamentos polidos e eixos cer\u00e2micos &hellip;<\/p>\n<p class=\"read-more\"> <a class=\"\" href=\"https:\/\/pfkeepers.com\/english\/product\/aqua-medic-dc-runner-400\/\"> <span class=\"screen-reader-text\">Aqua Medic  DC Runner 400<\/span> Read More &raquo;<\/a><\/p>","protected":false},"featured_media":358379,"template":"","meta":{"site-sidebar-layout":"default","site-content-layout":"","ast-site-content-layout":"default","site-content-style":"default","site-sidebar-style":"default","ast-global-header-display":"","ast-banner-title-visibility":"","ast-main-header-display":"","ast-hfb-above-header-display":"","ast-hfb-below-header-display":"","ast-hfb-mobile-header-display":"","site-post-title":"","ast-breadcrumbs-content":"","ast-featured-img":"","footer-sml-layout":"","theme-transparent-header-meta":"default","adv-header-id-meta":"","stick-header-meta":"","header-above-stick-meta":"","header-main-stick-meta":"","header-below-stick-meta":"","astra-migrate-meta-layouts":"set"},"product_cat":[1462],"product_tag":[762],"_links":{"self":[{"href":"https:\/\/pfkeepers.com\/english\/wp-json\/wp\/v2\/product\/358378"}],"collection":[{"href":"https:\/\/pfkeepers.com\/english\/wp-json\/wp\/v2\/product"}],"about":[{"href":"https:\/\/pfkeepers.com\/english\/wp-json\/wp\/v2\/types\/product"}],"wp:featuredmedia":[{"embeddable":true,"href":"https:\/\/pfkeepers.com\/english\/wp-json\/wp\/v2\/media\/358379"}],"wp:attachment":[{"href":"https:\/\/pfkeepers.com\/english\/wp-json\/wp\/v2\/media?parent=358378"}],"wp:term":[{"taxonomy":"product_cat","embeddable":true,"href":"https:\/\/pfkeepers.com\/english\/wp-json\/wp\/v2\/product_cat?post=358378"},{"taxonomy":"product_tag","embeddable":true,"href":"https:\/\/pfkeepers.com\/english\/wp-json\/wp\/v2\/product_tag?post=358378"}],"curies":[{"name":"wp","href":"https:\/\/api.w.org\/{rel}","templated":true}]}}