{"id":358326,"date":"2025-03-24T19:36:58","date_gmt":"2025-03-24T19:36:58","guid":{"rendered":"https:\/\/pfkeepers.com\/produto\/loc-line-1-2-flare-nozzle-32-mm\/"},"modified":"2026-04-19T00:26:23","modified_gmt":"2026-04-19T00:26:23","slug":"loc-line-1-2-flare-nozzle-32-mm","status":"publish","type":"product","link":"https:\/\/pfkeepers.com\/english\/product\/loc-line-1-2-flare-nozzle-32-mm\/","title":{"rendered":"Loc-Line 1\/2&#8243; Flare Nozzle &#8211; 32 mm"},"content":{"rendered":"<p>Bocal Flare de 1\/2 \u2033 Loc-Line 32 mm<\/p>\n<p>LOC-LINE\u00ae \u00e9 o sistema de tubula\u00e7\u00e3o modular original.<\/p>\n<p>Quatro di\u00e2metros diferentes, uma ampla escolha de bicos, conex\u00f5es e acess\u00f3rios tornam a Loc-Line a solu\u00e7\u00e3o ideal para uma ampla gama de aplica\u00e7\u00f5es industriais e comerciais. Em aqu\u00e1rios, LOC-LINE\u00ae oferece possibilidades infinitas para sistemas de tubula\u00e7\u00e3o exclusivos. Por exemplo, LOC-LINE\u00ae pode ser usado no tubo de eleva\u00e7\u00e3o e em sistemas de malha fechada, onde \u00e9 importante direcionar o fluxo em uma dire\u00e7\u00e3o espec\u00edfica.<\/p>\n<p>1\/4 &#8220;sistema 30-50 PSI 950 litros por hora<br \/>\n1\/2 &#8220;sistema 20-30 PSI 1.810 litros por hora<br \/>\n3\/4 &#8220;sistema 10-20 PSI 4.315 litros por hora<\/p>","protected":false},"excerpt":{"rendered":"<p>Bocal Flare de 1\/2 \u2033 Loc-Line 32 mm LOC-LINE\u00ae \u00e9 o sistema de tubula\u00e7\u00e3o modular original. Quatro di\u00e2metros diferentes, uma ampla escolha de bicos, conex\u00f5es e acess\u00f3rios tornam a Loc-Line a solu\u00e7\u00e3o ideal para uma ampla gama de aplica\u00e7\u00f5es industriais e comerciais. Em aqu\u00e1rios, LOC-LINE\u00ae oferece possibilidades infinitas para sistemas de tubula\u00e7\u00e3o exclusivos. Por exemplo, &hellip;<\/p>\n<p class=\"read-more\"> <a class=\"\" href=\"https:\/\/pfkeepers.com\/english\/product\/loc-line-1-2-flare-nozzle-32-mm\/\"> <span class=\"screen-reader-text\">Loc-Line 1\/2&#8243; Flare Nozzle &#8211; 32 mm<\/span> Read More &raquo;<\/a><\/p>","protected":false},"featured_media":358327,"template":"","meta":{"site-sidebar-layout":"default","site-content-layout":"","ast-site-content-layout":"","site-content-style":"default","site-sidebar-style":"default","ast-global-header-display":"","ast-banner-title-visibility":"","ast-main-header-display":"","ast-hfb-above-header-display":"","ast-hfb-below-header-display":"","ast-hfb-mobile-header-display":"","site-post-title":"","ast-breadcrumbs-content":"","ast-featured-img":"","footer-sml-layout":"","theme-transparent-header-meta":"","adv-header-id-meta":"","stick-header-meta":"","header-above-stick-meta":"","header-main-stick-meta":"","header-below-stick-meta":"","astra-migrate-meta-layouts":""},"product_cat":[1797],"product_tag":[932],"_links":{"self":[{"href":"https:\/\/pfkeepers.com\/english\/wp-json\/wp\/v2\/product\/358326"}],"collection":[{"href":"https:\/\/pfkeepers.com\/english\/wp-json\/wp\/v2\/product"}],"about":[{"href":"https:\/\/pfkeepers.com\/english\/wp-json\/wp\/v2\/types\/product"}],"wp:featuredmedia":[{"embeddable":true,"href":"https:\/\/pfkeepers.com\/english\/wp-json\/wp\/v2\/media\/358327"}],"wp:attachment":[{"href":"https:\/\/pfkeepers.com\/english\/wp-json\/wp\/v2\/media?parent=358326"}],"wp:term":[{"taxonomy":"product_cat","embeddable":true,"href":"https:\/\/pfkeepers.com\/english\/wp-json\/wp\/v2\/product_cat?post=358326"},{"taxonomy":"product_tag","embeddable":true,"href":"https:\/\/pfkeepers.com\/english\/wp-json\/wp\/v2\/product_tag?post=358326"}],"curies":[{"name":"wp","href":"https:\/\/api.w.org\/{rel}","templated":true}]}}