{"id":358117,"date":"2025-03-07T19:17:25","date_gmt":"2025-03-07T19:17:25","guid":{"rendered":"https:\/\/pfkeepers.com\/produto\/sera-rock-asian-pagoda-xxl-apx-6kg\/"},"modified":"2026-04-19T01:03:09","modified_gmt":"2026-04-19T01:03:09","slug":"sera-rock-asian-pagoda-xxl-apx-6kg","status":"publish","type":"product","link":"https:\/\/pfkeepers.com\/english\/product\/sera-rock-asian-pagoda-xxl-apx-6kg\/","title":{"rendered":"Sera Rock Asian Pagoda XXL apx 6kg"},"content":{"rendered":"<p>Pedra natural em bege-cinzento com fascinantes veios<\/p>\n<p>A sera Rock Asian Pagoda \u00e9 uma pedra, geralmente, multicolor, cobrindo uma grande gama de tons, desde o cinzento claro ao escuro, assim como bege a castanho-escuro. Por\u00e9m, n\u00e3o \u00e9 apenas este padr\u00e3o que se revela, por vezes, com largos veios coloridos, que torna esta pedra numa atra\u00e7\u00e3o no aqu\u00e1rio. Al\u00e9m disso, ela \u00e9 recortada, dispondo, por vezes, de pequenas sali\u00eancias que a tornam especialmente atraente para dispor as plantas ep\u00edfitas, prendendo a aten\u00e7\u00e3o.<\/p>\n<p>A sera Rock Asian Pagoda encontra-se dispon\u00edvel em tr\u00eas dimens\u00f5es S\/M, L e XXL. A variante XXL \u00e9 tamb\u00e9m designada de Mainstone e pode ser uma verdadeira atra\u00e7\u00e3o no aqu\u00e1rio.<\/p>\n<p>sera Rock Asian Pagoda S\/M: 0,6 \u2013 1,4 kg<br \/>\nsera Rock Asian Pagoda L: 2 \u2013 3 kg<br \/>\nsera Rock Asian Pagoda XXL: aprox. 6 kg<br \/>\nA pedra \u00e9 ligeiramente calc\u00e1ria, podendo endurecer a \u00e1gua. Isto significa que a dureza de carbonatos (KH) aumenta de n\u00edvel. Por isso, aconselha-se fazer o controlo da dureza de carbonatos com uma medi\u00e7\u00e3o semanal e, se necess\u00e1rio, regular o n\u00edvel recorrendo a uma mudan\u00e7a parcial da \u00e1gua.  <\/p>\n<p>Por se tratar de um produto natural, este pode ter poss\u00edveis varia\u00e7\u00f5es em rela\u00e7\u00e3o \u00e0 imagem.<\/p>","protected":false},"excerpt":{"rendered":"<p>Pedra natural em bege-cinzento com fascinantes veios A sera Rock Asian Pagoda \u00e9 uma pedra, geralmente, multicolor, cobrindo uma grande gama de tons, desde o cinzento claro ao escuro, assim como bege a castanho-escuro. Por\u00e9m, n\u00e3o \u00e9 apenas este padr\u00e3o que se revela, por vezes, com largos veios coloridos, que torna esta pedra numa atra\u00e7\u00e3o &hellip;<\/p>\n<p class=\"read-more\"> <a class=\"\" href=\"https:\/\/pfkeepers.com\/english\/product\/sera-rock-asian-pagoda-xxl-apx-6kg\/\"> <span class=\"screen-reader-text\">Sera Rock Asian Pagoda XXL apx 6kg<\/span> Read More &raquo;<\/a><\/p>","protected":false},"featured_media":358118,"template":"","meta":{"site-sidebar-layout":"default","site-content-layout":"","ast-site-content-layout":"","site-content-style":"default","site-sidebar-style":"default","ast-global-header-display":"","ast-banner-title-visibility":"","ast-main-header-display":"","ast-hfb-above-header-display":"","ast-hfb-below-header-display":"","ast-hfb-mobile-header-display":"","site-post-title":"","ast-breadcrumbs-content":"","ast-featured-img":"","footer-sml-layout":"","theme-transparent-header-meta":"","adv-header-id-meta":"","stick-header-meta":"","header-above-stick-meta":"","header-main-stick-meta":"","header-below-stick-meta":"","astra-migrate-meta-layouts":""},"product_cat":[1465],"product_tag":[1038],"_links":{"self":[{"href":"https:\/\/pfkeepers.com\/english\/wp-json\/wp\/v2\/product\/358117"}],"collection":[{"href":"https:\/\/pfkeepers.com\/english\/wp-json\/wp\/v2\/product"}],"about":[{"href":"https:\/\/pfkeepers.com\/english\/wp-json\/wp\/v2\/types\/product"}],"wp:featuredmedia":[{"embeddable":true,"href":"https:\/\/pfkeepers.com\/english\/wp-json\/wp\/v2\/media\/358118"}],"wp:attachment":[{"href":"https:\/\/pfkeepers.com\/english\/wp-json\/wp\/v2\/media?parent=358117"}],"wp:term":[{"taxonomy":"product_cat","embeddable":true,"href":"https:\/\/pfkeepers.com\/english\/wp-json\/wp\/v2\/product_cat?post=358117"},{"taxonomy":"product_tag","embeddable":true,"href":"https:\/\/pfkeepers.com\/english\/wp-json\/wp\/v2\/product_tag?post=358117"}],"curies":[{"name":"wp","href":"https:\/\/api.w.org\/{rel}","templated":true}]}}