{"id":358093,"date":"2025-03-07T19:16:01","date_gmt":"2025-03-07T19:16:01","guid":{"rendered":"https:\/\/pfkeepers.com\/produto\/sera-rock-grey-mountain-s-m-0-6-1-4kg\/"},"modified":"2026-04-19T01:01:53","modified_gmt":"2026-04-19T01:01:53","slug":"sera-rock-grey-mountain-s-m-0-6-1-4kg","status":"publish","type":"product","link":"https:\/\/pfkeepers.com\/english\/product\/sera-rock-grey-mountain-s-m-0-6-1-4kg\/","title":{"rendered":"Sera Rock Grey Mountain S\/M 0.6-1.4kg"},"content":{"rendered":"<p>**********LEVANTAMENTO EM LOJA ACIMA DE 5KG**************<\/p>\n<p>                                 OU<\/p>\n<p>O custo de envio poder\u00e1 ter de ser ajustado pois trata-se de um item tem Peso Alto<\/p>\n<p>Pedra natural cinzenta com superf\u00edcie fissurada<\/p>\n<p>A sera Rock Gray Mountain \u00e9 uma pedra natural cinzenta que se caracteriza pela sua superf\u00edcie em parte lisa e em parte \u00e1spera, com muitas arestas e cantos. \u00c9 especialmente indicada para Hardscapes que se orientam nos relevos montanhosos. Nas pequenas fissuras e buracos pode ser colocado musgo, por exemplo.<\/p>\n<p>A sera Rock Gray Mountain encontra-se dispon\u00edvel em tr\u00eas dimens\u00f5es S\/M, L e XXL. A variante XXL \u00e9 tamb\u00e9m designada de Mainstone e pode ser uma verdadeira atra\u00e7\u00e3o no aqu\u00e1rio.<\/p>\n<p>sera Rock Gray Mountain S\/M: 0,6 \u2013 1,4 kg<br \/>\nsera Rock Gray Mountain L: 2 \u2013 3 kg<br \/>\nsera Rock Gray Mountain XXL: aprox. 6 kg<br \/>\nA pedra \u00e9 ligeiramente calc\u00e1ria, podendo endurecer a \u00e1gua. Isto significa que a dureza de carbonatos (KH) aumenta de n\u00edvel. Por isso, aconselha-se fazer o controlo da dureza de carbonatos com uma medi\u00e7\u00e3o semanal e, se necess\u00e1rio, regular o n\u00edvel recorrendo a uma mudan\u00e7a parcial da \u00e1gua.<\/p>\n<p>Por se tratar de um produto natural, este pode ter poss\u00edveis varia\u00e7\u00f5es em rela\u00e7\u00e3o \u00e0 imagem.<\/p>","protected":false},"excerpt":{"rendered":"<p>**********LEVANTAMENTO EM LOJA ACIMA DE 5KG************** OU O custo de envio poder\u00e1 ter de ser ajustado pois trata-se de um item tem Peso Alto Pedra natural cinzenta com superf\u00edcie fissurada A sera Rock Gray Mountain \u00e9 uma pedra natural cinzenta que se caracteriza pela sua superf\u00edcie em parte lisa e em parte \u00e1spera, com muitas &hellip;<\/p>\n<p class=\"read-more\"> <a class=\"\" href=\"https:\/\/pfkeepers.com\/english\/product\/sera-rock-grey-mountain-s-m-0-6-1-4kg\/\"> <span class=\"screen-reader-text\">Sera Rock Grey Mountain S\/M 0.6-1.4kg<\/span> Read More &raquo;<\/a><\/p>","protected":false},"featured_media":358094,"template":"","meta":{"site-sidebar-layout":"default","site-content-layout":"","ast-site-content-layout":"","site-content-style":"default","site-sidebar-style":"default","ast-global-header-display":"","ast-banner-title-visibility":"","ast-main-header-display":"","ast-hfb-above-header-display":"","ast-hfb-below-header-display":"","ast-hfb-mobile-header-display":"","site-post-title":"","ast-breadcrumbs-content":"","ast-featured-img":"","footer-sml-layout":"","theme-transparent-header-meta":"","adv-header-id-meta":"","stick-header-meta":"","header-above-stick-meta":"","header-main-stick-meta":"","header-below-stick-meta":"","astra-migrate-meta-layouts":""},"product_cat":[1465],"product_tag":[1038],"_links":{"self":[{"href":"https:\/\/pfkeepers.com\/english\/wp-json\/wp\/v2\/product\/358093"}],"collection":[{"href":"https:\/\/pfkeepers.com\/english\/wp-json\/wp\/v2\/product"}],"about":[{"href":"https:\/\/pfkeepers.com\/english\/wp-json\/wp\/v2\/types\/product"}],"wp:featuredmedia":[{"embeddable":true,"href":"https:\/\/pfkeepers.com\/english\/wp-json\/wp\/v2\/media\/358094"}],"wp:attachment":[{"href":"https:\/\/pfkeepers.com\/english\/wp-json\/wp\/v2\/media?parent=358093"}],"wp:term":[{"taxonomy":"product_cat","embeddable":true,"href":"https:\/\/pfkeepers.com\/english\/wp-json\/wp\/v2\/product_cat?post=358093"},{"taxonomy":"product_tag","embeddable":true,"href":"https:\/\/pfkeepers.com\/english\/wp-json\/wp\/v2\/product_tag?post=358093"}],"curies":[{"name":"wp","href":"https:\/\/api.w.org\/{rel}","templated":true}]}}