{"id":358071,"date":"2025-03-07T19:15:21","date_gmt":"2025-03-07T19:15:21","guid":{"rendered":"https:\/\/pfkeepers.com\/produto\/sera-glass-cleaner-100ml\/"},"modified":"2026-04-19T01:00:43","modified_gmt":"2026-04-19T01:00:43","slug":"sera-glass-cleaner-100ml","status":"publish","type":"product","link":"https:\/\/pfkeepers.com\/english\/product\/sera-glass-cleaner-100ml\/","title":{"rendered":"Sera Glass Cleaner 100ml"},"content":{"rendered":"<p>Removedor de calc\u00e1rio para todas as superf\u00edcies de vidro<\/p>\n<p>remove dep\u00f3sitos de calc\u00e1rio em vidros e objetos de forma f\u00e1cil e eficaz<br \/>\nseguro para todos os animais do aqu\u00e1rio, tais como peixes e invertebrados<br \/>\ndosagem f\u00e1cil e aplica\u00e7\u00e3o precisa gra\u00e7as ao pulverizador<br \/>\nbiodegrad\u00e1vel gra\u00e7as \u00e0 sua f\u00f3rmula especial, sem corantes, conservantes nem perfume<br \/>\nadequado para utiliza\u00e7\u00e3o em material acr\u00edlico<\/p>\n<p>Os dep\u00f3sitos ou manchas de calc\u00e1rio aparecem com frequ\u00eancia. Sempre surgem dep\u00f3sitos de calc\u00e1rio na borda do aqu\u00e1rio, tanto no interior como no exterior, que s\u00e3o dif\u00edceis de remover sem produtos de limpeza. Seja nos vidros, mas tamb\u00e9m na tampa, no arm\u00e1rio ou no filtro. O Glass Cleaner \u00e9 uma solu\u00e7\u00e3o f\u00e1cil e eficaz para a remo\u00e7\u00e3o de dep\u00f3sitos de calc\u00e1rio e \u00e9 seguro para todos os animais do aqu\u00e1rio. Gra\u00e7as \u00e0 dosagem f\u00e1cil e \u00e0 aplica\u00e7\u00e3o precisa com o pulverizador, \u00e9 particularmente pr\u00e1tico para o utilizador. Al\u00e9m disso, \u00e9 biodegrad\u00e1vel, n\u00e3o cont\u00e9m corantes, conservantes nem perfume e \u00e9 adequado para aqu\u00e1rios e objetos em acr\u00edlico.<\/p>\n<p>Produtos de manuten\u00e7\u00e3o e de limpeza para o aqu\u00e1rio<\/p>\n<p>A gama de produtos de manuten\u00e7\u00e3o e de limpeza de sera inclui uma grande variedade de produtos que facilitam a manuten\u00e7\u00e3o dentro e fora do aqu\u00e1rio. Os limpa-vidros est\u00e3o dispon\u00edveis em diferentes tamanhos e modelos para aqu\u00e1rios pequenos e grandes, para a limpeza do interior e do exterior do aqu\u00e1rio. Al\u00e9m disso, os aquari\u00f3filos tamb\u00e9m encontrar\u00e3o na gama escovas para todos os fins, por exemplo, para a limpeza de mangueiras, equipamento t\u00e9cnico ou mesmo elementos de decora\u00e7\u00e3o. Os sera limpadores de are\u00e3o tamb\u00e9m est\u00e3o dispon\u00edveis em diferentes modelos e s\u00e3o perfeitamente adequados para o uso pretendido. Pr\u00e1ticos utens\u00edlios, tais como o dispositivo de aspira\u00e7\u00e3o de \u00e1gua ou as toalhas, v\u00eam completar a gama.<\/p>","protected":false},"excerpt":{"rendered":"<p>Removedor de calc\u00e1rio para todas as superf\u00edcies de vidro remove dep\u00f3sitos de calc\u00e1rio em vidros e objetos de forma f\u00e1cil e eficaz seguro para todos os animais do aqu\u00e1rio, tais como peixes e invertebrados dosagem f\u00e1cil e aplica\u00e7\u00e3o precisa gra\u00e7as ao pulverizador biodegrad\u00e1vel gra\u00e7as \u00e0 sua f\u00f3rmula especial, sem corantes, conservantes nem perfume adequado para &hellip;<\/p>\n<p class=\"read-more\"> <a class=\"\" href=\"https:\/\/pfkeepers.com\/english\/product\/sera-glass-cleaner-100ml\/\"> <span class=\"screen-reader-text\">Sera Glass Cleaner 100ml<\/span> Read More &raquo;<\/a><\/p>","protected":false},"featured_media":358072,"template":"","meta":{"site-sidebar-layout":"default","site-content-layout":"","ast-site-content-layout":"default","site-content-style":"default","site-sidebar-style":"default","ast-global-header-display":"","ast-banner-title-visibility":"","ast-main-header-display":"","ast-hfb-above-header-display":"","ast-hfb-below-header-display":"","ast-hfb-mobile-header-display":"","site-post-title":"","ast-breadcrumbs-content":"","ast-featured-img":"","footer-sml-layout":"","theme-transparent-header-meta":"default","adv-header-id-meta":"","stick-header-meta":"","header-above-stick-meta":"","header-main-stick-meta":"","header-below-stick-meta":"","astra-migrate-meta-layouts":"set"},"product_cat":[1569],"product_tag":[1038],"_links":{"self":[{"href":"https:\/\/pfkeepers.com\/english\/wp-json\/wp\/v2\/product\/358071"}],"collection":[{"href":"https:\/\/pfkeepers.com\/english\/wp-json\/wp\/v2\/product"}],"about":[{"href":"https:\/\/pfkeepers.com\/english\/wp-json\/wp\/v2\/types\/product"}],"wp:featuredmedia":[{"embeddable":true,"href":"https:\/\/pfkeepers.com\/english\/wp-json\/wp\/v2\/media\/358072"}],"wp:attachment":[{"href":"https:\/\/pfkeepers.com\/english\/wp-json\/wp\/v2\/media?parent=358071"}],"wp:term":[{"taxonomy":"product_cat","embeddable":true,"href":"https:\/\/pfkeepers.com\/english\/wp-json\/wp\/v2\/product_cat?post=358071"},{"taxonomy":"product_tag","embeddable":true,"href":"https:\/\/pfkeepers.com\/english\/wp-json\/wp\/v2\/product_tag?post=358071"}],"curies":[{"name":"wp","href":"https:\/\/api.w.org\/{rel}","templated":true}]}}