{"id":358067,"date":"2025-03-07T19:15:14","date_gmt":"2025-03-07T19:15:14","guid":{"rendered":"https:\/\/pfkeepers.com\/produto\/sera-vipan-baby-nature-50ml-30g\/"},"modified":"2026-04-19T01:00:31","modified_gmt":"2026-04-19T01:00:31","slug":"sera-vipan-baby-nature-50ml-30g","status":"publish","type":"product","link":"https:\/\/pfkeepers.com\/english\/product\/sera-vipan-baby-nature-50ml-30g\/","title":{"rendered":"Sera Vipan Baby Nature 50ml (30g)"},"content":{"rendered":"<p>Microflocos para animais jovens<\/p>\n<p>sera Vipan Baby Nature \u00e9 o alimento de crescimento sem corantes nem conservantes, composto por microflocos cuidadosamente processados, para todos os peixes jovens que se alimentam na superf\u00edcie da \u00e1gua.<\/p>\n<p>A f\u00f3rmula equilibrada, de f\u00e1cil digest\u00e3o, que cont\u00e9m prote\u00ednas facilmente assimil\u00e1veis (farinha de insetos e de peixe sustent\u00e1vel, entre outras), \u00e1cidos gordos \u00f3mega, algas ricas em carotenoides e oligoelementos e mananoligossacar\u00eddeos de efeito prebi\u00f3tico, promove um crescimento saud\u00e1vel, um sistema imunit\u00e1rio forte, assim como um desenvolvimento e uma colora\u00e7\u00e3o \u00f3timos.<\/p>\n<p>Visto que os saborosos microflocos, que mant\u00eam a sua forma, flutuam durante muito tempo, s\u00e3o consumidos por completo e n\u00e3o poluem a \u00e1gua.<\/p>\n<p>Alimenta\u00e7\u00e3o natural dos peixes ornamentais<\/p>\n<p>Este produto pertence \u00e0 linha de produtos \u201csera Nature\u201d, que n\u00e3o requer qualquer corante ou conservante. Uma alimenta\u00e7\u00e3o variada com ingredientes naturais \u00e9 a melhor prote\u00e7\u00e3o contra defici\u00eancias e suporta a sa\u00fade e vitalidade dos peixes. Por esta raz\u00e3o, os alimentos Nature cont\u00eam ingredientes naturais, como spirulina, krill ou farinha de insetos sustent\u00e1vel da larva da mosca soldado (Hermetia). Os r\u00f3tulos na frente da embalagem indicam esses ingredientes e sua contribui\u00e7\u00e3o na alimenta\u00e7\u00e3o.<\/p>\n<p>Alimento completo para todos os peixes ornamentais<br \/>\nInstru\u00e7\u00f5es para utiliza\u00e7\u00e3o<br \/>\nDistribuir v\u00e1rias vezes ao dia, em pequenas quantidades que os animais possam comer no prazo de pouco tempo.<br \/>\nComposi\u00e7\u00e3o: farinha de peixe, farinha de trigo, levedura de cerveja, caseinato de c\u00e1lcio, Hermetia (4 %), gammarus, Spirulina, ovo inteiro em p\u00f3, algas marinhas, mananoligossacar\u00eddeos, \u00f3leo de f\u00edgado de bacalhau (do qual 34 % de \u00e1cidos gordos \u00f3mega), ervas, alfalfa, urtigas, salsa, pimento, mexilh\u00e3o de concha verde, espinafres, cenouras, algas Haematococcus, alho.<br \/>\nConstituintes anal\u00edticos: Prote\u00edna bruta 48,8 %, Gordura bruta 8,0 %, Fibra bruta 2,9 %, Humidade 5,0 %, Cinza bruta 10,7 %.<br \/>\nAditivos: Vitaminas e provitaminas: Vit. A 37.000 UI\/kg, Vit. D3 1.800 UI\/kg, Vit. E (D, L-\u03b1-tocopheryl acetate) 120 mg\/kg, Vit. B1 35 mg\/kg, Vit. B2 90 mg\/kg, Vit. C estab. (L-ascorbyl monophosphate) 550 mg\/kg.<\/p>","protected":false},"excerpt":{"rendered":"<p>Microflocos para animais jovens sera Vipan Baby Nature \u00e9 o alimento de crescimento sem corantes nem conservantes, composto por microflocos cuidadosamente processados, para todos os peixes jovens que se alimentam na superf\u00edcie da \u00e1gua. A f\u00f3rmula equilibrada, de f\u00e1cil digest\u00e3o, que cont\u00e9m prote\u00ednas facilmente assimil\u00e1veis (farinha de insetos e de peixe sustent\u00e1vel, entre outras), \u00e1cidos &hellip;<\/p>\n<p class=\"read-more\"> <a class=\"\" href=\"https:\/\/pfkeepers.com\/english\/product\/sera-vipan-baby-nature-50ml-30g\/\"> <span class=\"screen-reader-text\">Sera Vipan Baby Nature 50ml (30g)<\/span> Read More &raquo;<\/a><\/p>","protected":false},"featured_media":358068,"template":"","meta":{"site-sidebar-layout":"default","site-content-layout":"","ast-site-content-layout":"default","site-content-style":"default","site-sidebar-style":"default","ast-global-header-display":"","ast-banner-title-visibility":"","ast-main-header-display":"","ast-hfb-above-header-display":"","ast-hfb-below-header-display":"","ast-hfb-mobile-header-display":"","site-post-title":"","ast-breadcrumbs-content":"","ast-featured-img":"","footer-sml-layout":"","theme-transparent-header-meta":"default","adv-header-id-meta":"","stick-header-meta":"","header-above-stick-meta":"","header-main-stick-meta":"","header-below-stick-meta":"","astra-migrate-meta-layouts":"set"},"product_cat":[1479],"product_tag":[1038],"_links":{"self":[{"href":"https:\/\/pfkeepers.com\/english\/wp-json\/wp\/v2\/product\/358067"}],"collection":[{"href":"https:\/\/pfkeepers.com\/english\/wp-json\/wp\/v2\/product"}],"about":[{"href":"https:\/\/pfkeepers.com\/english\/wp-json\/wp\/v2\/types\/product"}],"wp:featuredmedia":[{"embeddable":true,"href":"https:\/\/pfkeepers.com\/english\/wp-json\/wp\/v2\/media\/358068"}],"wp:attachment":[{"href":"https:\/\/pfkeepers.com\/english\/wp-json\/wp\/v2\/media?parent=358067"}],"wp:term":[{"taxonomy":"product_cat","embeddable":true,"href":"https:\/\/pfkeepers.com\/english\/wp-json\/wp\/v2\/product_cat?post=358067"},{"taxonomy":"product_tag","embeddable":true,"href":"https:\/\/pfkeepers.com\/english\/wp-json\/wp\/v2\/product_tag?post=358067"}],"curies":[{"name":"wp","href":"https:\/\/api.w.org\/{rel}","templated":true}]}}