{"id":358065,"date":"2025-03-07T19:15:10","date_gmt":"2025-03-07T19:15:10","guid":{"rendered":"https:\/\/pfkeepers.com\/produto\/sera-shrimp-nature-100ml-55g\/"},"modified":"2026-04-19T01:00:25","modified_gmt":"2026-04-19T01:00:25","slug":"sera-shrimp-nature-100ml-55g","status":"publish","type":"product","link":"https:\/\/pfkeepers.com\/english\/product\/sera-shrimp-nature-100ml-55g\/","title":{"rendered":"Sera Shrimp Granules Nature 100ml (55g)"},"content":{"rendered":"<p>Alimento para camar\u00f5es com Spirulina e pau de amieiro<br \/>\nSERA Shrimps Nature \u00e9 o alimento base, composto por granulado cuidadosamente processado, sem corantes e conservantes, indicado para camar\u00f5es de \u00e1gua doce e salgada.<\/p>\n<p>A f\u00f3rmula equilibrada, com ingredientes naturais, tais como Spirulina e pau de amieiro, fornece tudo aquilo que os camar\u00f5es necessitam para um crescimento saud\u00e1vel e uma ecdise segura. Fortalece, de forma espec\u00edfica, a fertilidade, a colora\u00e7\u00e3o e o sistema imunit\u00e1rio.<\/p>\n<p>Estes pequenos granulados, ao afundar, mant\u00eam a sua forma durante muito tempo, de modo que os camar\u00f5es \u2013 de acordo com os seus h\u00e1bitos alimentares naturais \u2013 os podem apanhar facilmente, transport\u00e1-los e com\u00ea-los, sem poluir a \u00e1gua.<\/p>\n<p>Alimenta\u00e7\u00e3o natural dos peixes ornamentais<br \/>\nEste produto pertence \u00e0 linha de produtos &#8220;sera Nature&#8221;, que n\u00e3o requer qualquer corante ou conservante. Uma alimenta\u00e7\u00e3o variada com ingredientes naturais \u00e9 a melhor prote\u00e7\u00e3o contra defici\u00eancias e suporta a sa\u00fade e vitalidade dos peixes. Por esta raz\u00e3o, os alimentos Nature cont\u00eam ingredientes naturais, como spirulina, krill ou farinha de insetos sustent\u00e1vel da larva da mosca soldado (Hermetia). Os r\u00f3tulos na frente da embalagem indicam esses ingredientes e sua contribui\u00e7\u00e3o na alimenta\u00e7\u00e3o.<\/p>","protected":false},"excerpt":{"rendered":"<p>Alimento para camar\u00f5es com Spirulina e pau de amieiro SERA Shrimps Nature \u00e9 o alimento base, composto por granulado cuidadosamente processado, sem corantes e conservantes, indicado para camar\u00f5es de \u00e1gua doce e salgada. A f\u00f3rmula equilibrada, com ingredientes naturais, tais como Spirulina e pau de amieiro, fornece tudo aquilo que os camar\u00f5es necessitam para um &hellip;<\/p>\n<p class=\"read-more\"> <a class=\"\" href=\"https:\/\/pfkeepers.com\/english\/product\/sera-shrimp-nature-100ml-55g\/\"> <span class=\"screen-reader-text\">Sera Shrimp Granules Nature 100ml (55g)<\/span> Read More &raquo;<\/a><\/p>","protected":false},"featured_media":358066,"template":"","meta":{"site-sidebar-layout":"default","site-content-layout":"","ast-site-content-layout":"default","site-content-style":"default","site-sidebar-style":"default","ast-global-header-display":"","ast-banner-title-visibility":"","ast-main-header-display":"","ast-hfb-above-header-display":"","ast-hfb-below-header-display":"","ast-hfb-mobile-header-display":"","site-post-title":"","ast-breadcrumbs-content":"","ast-featured-img":"","footer-sml-layout":"","theme-transparent-header-meta":"default","adv-header-id-meta":"","stick-header-meta":"","header-above-stick-meta":"","header-main-stick-meta":"","header-below-stick-meta":"","astra-migrate-meta-layouts":"set"},"product_cat":[1486],"product_tag":[1038],"_links":{"self":[{"href":"https:\/\/pfkeepers.com\/english\/wp-json\/wp\/v2\/product\/358065"}],"collection":[{"href":"https:\/\/pfkeepers.com\/english\/wp-json\/wp\/v2\/product"}],"about":[{"href":"https:\/\/pfkeepers.com\/english\/wp-json\/wp\/v2\/types\/product"}],"wp:featuredmedia":[{"embeddable":true,"href":"https:\/\/pfkeepers.com\/english\/wp-json\/wp\/v2\/media\/358066"}],"wp:attachment":[{"href":"https:\/\/pfkeepers.com\/english\/wp-json\/wp\/v2\/media?parent=358065"}],"wp:term":[{"taxonomy":"product_cat","embeddable":true,"href":"https:\/\/pfkeepers.com\/english\/wp-json\/wp\/v2\/product_cat?post=358065"},{"taxonomy":"product_tag","embeddable":true,"href":"https:\/\/pfkeepers.com\/english\/wp-json\/wp\/v2\/product_tag?post=358065"}],"curies":[{"name":"wp","href":"https:\/\/api.w.org\/{rel}","templated":true}]}}