{"id":358063,"date":"2025-03-07T19:15:07","date_gmt":"2025-03-07T19:15:07","guid":{"rendered":"https:\/\/pfkeepers.com\/produto\/sera-koi-color-medium-1000ml-350g\/"},"modified":"2026-04-19T01:00:19","modified_gmt":"2026-04-19T01:00:19","slug":"sera-koi-color-medium-1000ml-350g","status":"publish","type":"product","link":"https:\/\/pfkeepers.com\/english\/product\/sera-koi-color-medium-1000ml-350g\/","title":{"rendered":"Sera Koi Color Medium 1000ml (350g)"},"content":{"rendered":"<p>Alimento natural que real\u00e7a as cores, para Kois brilhantes de 12 a 25 cm<\/p>\n<p>sera Koi Color Nature Medium (4 mm) \u00e9 o alimento que real\u00e7a as cores, composto por granulado cuidadosamente processado, sem corantes nem conservantes.<\/p>\n<p>A f\u00f3rmula equilibrada, de alta qualidade, com 10 % de Spirulina e um elevado teor de gammarus e krill, \u00e9 rica em valiosos carotenoides, oligoelementos, \u00e1cidos gordos \u00f3mega e prote\u00ednas facilmente assimil\u00e1veis. Promove uma colora\u00e7\u00e3o \u00f3tima das Kois, favorece o desenvolvimento e a vitalidade.<\/p>\n<p>Este alimento de f\u00e1cil digest\u00e3o \u00e9 adequado para uma alimenta\u00e7\u00e3o completa durante todo o ano. O granulado flutuante mant\u00e9m a sua forma durante muito tempo e n\u00e3o polui a \u00e1gua.<\/p>","protected":false},"excerpt":{"rendered":"<p>Alimento natural que real\u00e7a as cores, para Kois brilhantes de 12 a 25 cm sera Koi Color Nature Medium (4 mm) \u00e9 o alimento que real\u00e7a as cores, composto por granulado cuidadosamente processado, sem corantes nem conservantes. A f\u00f3rmula equilibrada, de alta qualidade, com 10 % de Spirulina e um elevado teor de gammarus e &hellip;<\/p>\n<p class=\"read-more\"> <a class=\"\" href=\"https:\/\/pfkeepers.com\/english\/product\/sera-koi-color-medium-1000ml-350g\/\"> <span class=\"screen-reader-text\">Sera Koi Color Medium 1000ml (350g)<\/span> Read More &raquo;<\/a><\/p>","protected":false},"featured_media":358064,"template":"","meta":{"site-sidebar-layout":"default","site-content-layout":"","ast-site-content-layout":"default","site-content-style":"default","site-sidebar-style":"default","ast-global-header-display":"","ast-banner-title-visibility":"","ast-main-header-display":"","ast-hfb-above-header-display":"","ast-hfb-below-header-display":"","ast-hfb-mobile-header-display":"","site-post-title":"","ast-breadcrumbs-content":"","ast-featured-img":"","footer-sml-layout":"","theme-transparent-header-meta":"default","adv-header-id-meta":"","stick-header-meta":"","header-above-stick-meta":"","header-main-stick-meta":"","header-below-stick-meta":"","astra-migrate-meta-layouts":"set"},"product_cat":[1479],"product_tag":[1038],"_links":{"self":[{"href":"https:\/\/pfkeepers.com\/english\/wp-json\/wp\/v2\/product\/358063"}],"collection":[{"href":"https:\/\/pfkeepers.com\/english\/wp-json\/wp\/v2\/product"}],"about":[{"href":"https:\/\/pfkeepers.com\/english\/wp-json\/wp\/v2\/types\/product"}],"wp:featuredmedia":[{"embeddable":true,"href":"https:\/\/pfkeepers.com\/english\/wp-json\/wp\/v2\/media\/358064"}],"wp:attachment":[{"href":"https:\/\/pfkeepers.com\/english\/wp-json\/wp\/v2\/media?parent=358063"}],"wp:term":[{"taxonomy":"product_cat","embeddable":true,"href":"https:\/\/pfkeepers.com\/english\/wp-json\/wp\/v2\/product_cat?post=358063"},{"taxonomy":"product_tag","embeddable":true,"href":"https:\/\/pfkeepers.com\/english\/wp-json\/wp\/v2\/product_tag?post=358063"}],"curies":[{"name":"wp","href":"https:\/\/api.w.org\/{rel}","templated":true}]}}