{"id":358031,"date":"2025-02-28T20:02:49","date_gmt":"2025-02-28T20:02:49","guid":{"rendered":"https:\/\/pfkeepers.com\/produto\/hygrophilia-pinnatifida-pot-tropica\/"},"modified":"2026-04-19T00:59:55","modified_gmt":"2026-04-19T00:59:55","slug":"hygrophilia-pinnatifida-pot-tropica","status":"publish","type":"product","link":"https:\/\/pfkeepers.com\/english\/product\/hygrophilia-pinnatifida-pot-tropica\/","title":{"rendered":"Hygrophilia pinnatifida pot Tropica"},"content":{"rendered":"<p>Hygrophila pinnatifida \u00e9 origin\u00e1ria da \u00cdndia. Obt\u00e9m folhas marrons e remendadas na superf\u00edcie com uma cor borgonha distinta por baixo. Ele forma v\u00e1rias filmagens horizontais se os tiros superiores forem apertados. Isso manter\u00e1 um crescimento compacto e atraente. O lado horizontal dispara facilmente ligado \u00e0 madeira e \u00e0s rochas. O crescimento \u00e9 moderado, tem 15-40 cm de altura e 10-20 cm de largura, e a cor \u00e9 atraente quando plantada em pequenos grupos com fundo simples. A ilumina\u00e7\u00e3o intensa garante um crescimento compacto devido \u00e0 lenta e m\u00e9dia taxa de crescimento da usina.<\/p>\n<p>Informa\u00e7\u00f5es da planta:<\/p>\n<p>Tipo: Caule<br \/>\nOrigem: \u00c1sia<br \/>\nTaxa de crescimento: M\u00e9dia<br \/>\nAltura: 15 &#8211; 30+<br \/>\nDemanda leve: M\u00e9dia<br \/>\nCO2 : M\u00e9dia <\/p>","protected":false},"excerpt":{"rendered":"<p>Hygrophila pinnatifida \u00e9 origin\u00e1ria da \u00cdndia. Obt\u00e9m folhas marrons e remendadas na superf\u00edcie com uma cor borgonha distinta por baixo. Ele forma v\u00e1rias filmagens horizontais se os tiros superiores forem apertados. Isso manter\u00e1 um crescimento compacto e atraente. O lado horizontal dispara facilmente ligado \u00e0 madeira e \u00e0s rochas. O crescimento \u00e9 moderado, tem 15-40 &hellip;<\/p>\n<p class=\"read-more\"> <a class=\"\" href=\"https:\/\/pfkeepers.com\/english\/product\/hygrophilia-pinnatifida-pot-tropica\/\"> <span class=\"screen-reader-text\">Hygrophilia pinnatifida pot Tropica<\/span> Read More &raquo;<\/a><\/p>","protected":false},"featured_media":358032,"template":"","meta":{"site-sidebar-layout":"default","site-content-layout":"","ast-site-content-layout":"default","site-content-style":"default","site-sidebar-style":"default","ast-global-header-display":"","ast-banner-title-visibility":"","ast-main-header-display":"","ast-hfb-above-header-display":"","ast-hfb-below-header-display":"","ast-hfb-mobile-header-display":"","site-post-title":"","ast-breadcrumbs-content":"","ast-featured-img":"","footer-sml-layout":"","theme-transparent-header-meta":"default","adv-header-id-meta":"","stick-header-meta":"","header-above-stick-meta":"","header-main-stick-meta":"","header-below-stick-meta":"","astra-migrate-meta-layouts":"set"},"product_cat":[1511],"product_tag":[1064],"_links":{"self":[{"href":"https:\/\/pfkeepers.com\/english\/wp-json\/wp\/v2\/product\/358031"}],"collection":[{"href":"https:\/\/pfkeepers.com\/english\/wp-json\/wp\/v2\/product"}],"about":[{"href":"https:\/\/pfkeepers.com\/english\/wp-json\/wp\/v2\/types\/product"}],"wp:featuredmedia":[{"embeddable":true,"href":"https:\/\/pfkeepers.com\/english\/wp-json\/wp\/v2\/media\/358032"}],"wp:attachment":[{"href":"https:\/\/pfkeepers.com\/english\/wp-json\/wp\/v2\/media?parent=358031"}],"wp:term":[{"taxonomy":"product_cat","embeddable":true,"href":"https:\/\/pfkeepers.com\/english\/wp-json\/wp\/v2\/product_cat?post=358031"},{"taxonomy":"product_tag","embeddable":true,"href":"https:\/\/pfkeepers.com\/english\/wp-json\/wp\/v2\/product_tag?post=358031"}],"curies":[{"name":"wp","href":"https:\/\/api.w.org\/{rel}","templated":true}]}}