{"id":358029,"date":"2025-02-28T20:02:45","date_gmt":"2025-02-28T20:02:45","guid":{"rendered":"https:\/\/pfkeepers.com\/produto\/hygrophila-corymbosa-stricta-pot-tropica\/"},"modified":"2026-04-19T00:59:32","modified_gmt":"2026-04-19T00:59:32","slug":"hygrophila-corymbosa-stricta-pot-tropica","status":"publish","type":"product","link":"https:\/\/pfkeepers.com\/english\/product\/hygrophila-corymbosa-stricta-pot-tropica\/","title":{"rendered":"Hygrophila corymbosa Stricta pot Tropica"},"content":{"rendered":"<p>A Hygrophila Stricta, tamb\u00e9m conhecida como Hygrophila Compact, \u00e9 uma planta de grande porte que cresce bem de baixa luz em aqu\u00e1rios de baixa manuten\u00e7\u00e3o. Se a planta for colocada sob destaque, as folhas ter\u00e3o uma cor avermelhada, como visto na foto. Como com muitas plantas aqu\u00e1ticas, quanto mais forte a luz mais forte, mais curtas as plantas permanecer\u00e3o. Em aqu\u00e1rios com pouca luz, as plantas aqu\u00e1ticas tendem a crescer em dire\u00e7\u00e3o \u00e0 luz, produzindo plantas mais altas.<\/p>\n<p>Resist\u00eancia: F\u00e1cil<br \/>\nNecessidades de Luz: Baixa<br \/>\nFam\u00edlia: Acanthaceae<br \/>\nG\u00e9nero: Hygrophila<br \/>\nRegi\u00e3o: \u00c1sia<br \/>\nLocaliza\u00e7\u00e3o: Sudeste Asi\u00e1tico<br \/>\nTamanho: largura do caule 15 cm (6 polegadas)<br \/>\nTaxa de crescimento: lenta a moderada<\/p>","protected":false},"excerpt":{"rendered":"<p>A Hygrophila Stricta, tamb\u00e9m conhecida como Hygrophila Compact, \u00e9 uma planta de grande porte que cresce bem de baixa luz em aqu\u00e1rios de baixa manuten\u00e7\u00e3o. Se a planta for colocada sob destaque, as folhas ter\u00e3o uma cor avermelhada, como visto na foto. Como com muitas plantas aqu\u00e1ticas, quanto mais forte a luz mais forte, mais &hellip;<\/p>\n<p class=\"read-more\"> <a class=\"\" href=\"https:\/\/pfkeepers.com\/english\/product\/hygrophila-corymbosa-stricta-pot-tropica\/\"> <span class=\"screen-reader-text\">Hygrophila corymbosa Stricta pot Tropica<\/span> Read More &raquo;<\/a><\/p>","protected":false},"featured_media":358030,"template":"","meta":{"site-sidebar-layout":"default","site-content-layout":"","ast-site-content-layout":"default","site-content-style":"default","site-sidebar-style":"default","ast-global-header-display":"","ast-banner-title-visibility":"","ast-main-header-display":"","ast-hfb-above-header-display":"","ast-hfb-below-header-display":"","ast-hfb-mobile-header-display":"","site-post-title":"","ast-breadcrumbs-content":"","ast-featured-img":"","footer-sml-layout":"","theme-transparent-header-meta":"default","adv-header-id-meta":"","stick-header-meta":"","header-above-stick-meta":"","header-main-stick-meta":"","header-below-stick-meta":"","astra-migrate-meta-layouts":"set"},"product_cat":[1511],"product_tag":[1064],"_links":{"self":[{"href":"https:\/\/pfkeepers.com\/english\/wp-json\/wp\/v2\/product\/358029"}],"collection":[{"href":"https:\/\/pfkeepers.com\/english\/wp-json\/wp\/v2\/product"}],"about":[{"href":"https:\/\/pfkeepers.com\/english\/wp-json\/wp\/v2\/types\/product"}],"wp:featuredmedia":[{"embeddable":true,"href":"https:\/\/pfkeepers.com\/english\/wp-json\/wp\/v2\/media\/358030"}],"wp:attachment":[{"href":"https:\/\/pfkeepers.com\/english\/wp-json\/wp\/v2\/media?parent=358029"}],"wp:term":[{"taxonomy":"product_cat","embeddable":true,"href":"https:\/\/pfkeepers.com\/english\/wp-json\/wp\/v2\/product_cat?post=358029"},{"taxonomy":"product_tag","embeddable":true,"href":"https:\/\/pfkeepers.com\/english\/wp-json\/wp\/v2\/product_tag?post=358029"}],"curies":[{"name":"wp","href":"https:\/\/api.w.org\/{rel}","templated":true}]}}