{"id":357848,"date":"2025-02-11T20:29:13","date_gmt":"2025-02-11T20:29:13","guid":{"rendered":"https:\/\/pfkeepers.com\/produto\/hemitaurichthys-polylepsis\/"},"modified":"2026-04-19T00:17:16","modified_gmt":"2026-04-19T00:17:16","slug":"hemitaurichthys-polylepsis","status":"publish","type":"product","link":"https:\/\/pfkeepers.com\/english\/product\/hemitaurichthys-polylepsis\/","title":{"rendered":"Hemitaurichthys polylepsis"},"content":{"rendered":"<p>N\u00edvel de cuidados: F\u00e1cil<\/p>\n<p>Temperamento: Pac\u00edfico<\/p>\n<p>Forma de cor: Preto, Branco, Amarelo<\/p>\n<p>Dieta: Omn\u00edvoro<\/p>\n<p>Compat\u00edvel com Reef: Sim<\/p>\n<p>Condi\u00e7\u00f5es da \u00e1gua: sg 1,020-1,025, 72-78\u00b0 F, dKH 8-12, pH 8,1-8,4<\/p>\n<p>Fam\u00edlia: Chaetodontidae<\/p>\n<p>O peixe-borboleta pir\u00e2mide amarela \u00e9 tamb\u00e9m conhecido como peixe-borboleta zoster amarelo e ocorre em grande n\u00famero nos recifes do Oceano \u00cdndico. As barbatanas s\u00e3o amarelas e o corpo \u00e9 quase todo branco. A colora\u00e7\u00e3o branca forma um tri\u00e2ngulo com as barbatanas amarelas, o que lhe d\u00e1 o nome comum. A zona da cabe\u00e7a \u00e9 preta, ajudando estes peixes a camuflarem-se na natureza. A borboleta pir\u00e2mide alimenta-se de pl\u00e2ncton na natureza e \u00e9 segura para aqu\u00e1rios de recife.<\/p>\n<p>O peixe-borboleta pir\u00e2mide amarela \u00e9 bastante t\u00edmido no in\u00edcio e deve ter v\u00e1rios esconderijos dispon\u00edveis. O aqu\u00e1rio ideal ter\u00e1 pelo menos 450 litros e conter\u00e1 muitas rochas vivas que servir\u00e3o de esconderijos e de fonte suplementar de alimento. Podem ser mantidos sozinhos, em pares ou em pequenos n\u00fameros. Se for subalimentada, a borboleta-pir\u00e2mide-amarela pode ocasionalmente debicar Xenia ou outros corais moles. Recomenda-se alimentar v\u00e1rias vezes ao dia<\/p>\n<p>A dieta do peixe-borboleta Yellow Pyramid deve consistir em alimentos congelados e liofilizados que contenham algas, que s\u00e3o bons substitutos, e podem ser suplementados com algas secas e salmoura enriquecida com vitaminas e camar\u00e3o mysis.<\/p>","protected":false},"excerpt":{"rendered":"<p>N\u00edvel de cuidados: F\u00e1cil Temperamento: Pac\u00edfico Forma de cor: Preto, Branco, Amarelo Dieta: Omn\u00edvoro Compat\u00edvel com Reef: Sim Condi\u00e7\u00f5es da \u00e1gua: sg 1,020-1,025, 72-78\u00b0 F, dKH 8-12, pH 8,1-8,4 Fam\u00edlia: Chaetodontidae O peixe-borboleta pir\u00e2mide amarela \u00e9 tamb\u00e9m conhecido como peixe-borboleta zoster amarelo e ocorre em grande n\u00famero nos recifes do Oceano \u00cdndico. As barbatanas s\u00e3o &hellip;<\/p>\n<p class=\"read-more\"> <a class=\"\" href=\"https:\/\/pfkeepers.com\/english\/product\/hemitaurichthys-polylepsis\/\"> <span class=\"screen-reader-text\">Hemitaurichthys polylepsis<\/span> Read More &raquo;<\/a><\/p>","protected":false},"featured_media":357849,"template":"","meta":{"site-sidebar-layout":"default","site-content-layout":"","ast-site-content-layout":"default","site-content-style":"default","site-sidebar-style":"default","ast-global-header-display":"","ast-banner-title-visibility":"","ast-main-header-display":"","ast-hfb-above-header-display":"","ast-hfb-below-header-display":"","ast-hfb-mobile-header-display":"","site-post-title":"","ast-breadcrumbs-content":"","ast-featured-img":"","footer-sml-layout":"","theme-transparent-header-meta":"default","adv-header-id-meta":"","stick-header-meta":"","header-above-stick-meta":"","header-main-stick-meta":"","header-below-stick-meta":"","astra-migrate-meta-layouts":"set"},"product_cat":[1355],"product_tag":[],"_links":{"self":[{"href":"https:\/\/pfkeepers.com\/english\/wp-json\/wp\/v2\/product\/357848"}],"collection":[{"href":"https:\/\/pfkeepers.com\/english\/wp-json\/wp\/v2\/product"}],"about":[{"href":"https:\/\/pfkeepers.com\/english\/wp-json\/wp\/v2\/types\/product"}],"wp:featuredmedia":[{"embeddable":true,"href":"https:\/\/pfkeepers.com\/english\/wp-json\/wp\/v2\/media\/357849"}],"wp:attachment":[{"href":"https:\/\/pfkeepers.com\/english\/wp-json\/wp\/v2\/media?parent=357848"}],"wp:term":[{"taxonomy":"product_cat","embeddable":true,"href":"https:\/\/pfkeepers.com\/english\/wp-json\/wp\/v2\/product_cat?post=357848"},{"taxonomy":"product_tag","embeddable":true,"href":"https:\/\/pfkeepers.com\/english\/wp-json\/wp\/v2\/product_tag?post=357848"}],"curies":[{"name":"wp","href":"https:\/\/api.w.org\/{rel}","templated":true}]}}