{"id":357225,"date":"2025-01-15T20:34:56","date_gmt":"2025-01-15T20:34:56","guid":{"rendered":"https:\/\/pfkeepers.com\/produto\/pogostemon-deccanensis-1-2-grow-tropica\/"},"modified":"2026-04-19T00:59:01","modified_gmt":"2026-04-19T00:59:01","slug":"pogostemon-deccanensis-1-2-grow-tropica","status":"publish","type":"product","link":"https:\/\/pfkeepers.com\/english\/product\/pogostemon-deccanensis-1-2-grow-tropica\/","title":{"rendered":"Pogostemon deccanensis 1-2 Grow Tropica"},"content":{"rendered":"<p>O Pogostemon deccanensis indiano (anteriormente conhecido como Pogostemon erectus) forma grupos compactos de caules verdes brilhantes, semelhantes a con\u00edferas, com 15 a 40 cm de altura e 1 a 3 cm de largura.<\/p>\n<p>O Pogostemon erectus \u00e9 adequado como planta de fundo e cria um ponto focal maravilhoso em grupos mais pequenos e maiores. A luz intensa ajuda a planta a manter-se compacta durante mais tempo. Crescimento moderado e ra\u00edzes vigorosas. As plantas precisar\u00e3o de podas frequentes, e os rebentos cortados come\u00e7ar\u00e3o a crescer facilmente quando plantados.<\/p>\n<p>Informa\u00e7\u00f5es da planta:<\/p>\n<p>Tipo: Haste<br \/>\nOrigem: \u00c1sia<br \/>\nTaxa de crescimento: M\u00e9dia<br \/>\nAltura: 15 &#8211; 30+<\/p>","protected":false},"excerpt":{"rendered":"<p>O Pogostemon deccanensis indiano (anteriormente conhecido como Pogostemon erectus) forma grupos compactos de caules verdes brilhantes, semelhantes a con\u00edferas, com 15 a 40 cm de altura e 1 a 3 cm de largura. O Pogostemon erectus \u00e9 adequado como planta de fundo e cria um ponto focal maravilhoso em grupos mais pequenos e maiores. A &hellip;<\/p>\n<p class=\"read-more\"> <a class=\"\" href=\"https:\/\/pfkeepers.com\/english\/product\/pogostemon-deccanensis-1-2-grow-tropica\/\"> <span class=\"screen-reader-text\">Pogostemon deccanensis 1-2 Grow Tropica<\/span> Read More &raquo;<\/a><\/p>","protected":false},"featured_media":357226,"template":"","meta":{"site-sidebar-layout":"default","site-content-layout":"","ast-site-content-layout":"default","site-content-style":"default","site-sidebar-style":"default","ast-global-header-display":"","ast-banner-title-visibility":"","ast-main-header-display":"","ast-hfb-above-header-display":"","ast-hfb-below-header-display":"","ast-hfb-mobile-header-display":"","site-post-title":"","ast-breadcrumbs-content":"","ast-featured-img":"","footer-sml-layout":"","theme-transparent-header-meta":"default","adv-header-id-meta":"","stick-header-meta":"","header-above-stick-meta":"","header-main-stick-meta":"","header-below-stick-meta":"","astra-migrate-meta-layouts":"set"},"product_cat":[1513],"product_tag":[1064],"_links":{"self":[{"href":"https:\/\/pfkeepers.com\/english\/wp-json\/wp\/v2\/product\/357225"}],"collection":[{"href":"https:\/\/pfkeepers.com\/english\/wp-json\/wp\/v2\/product"}],"about":[{"href":"https:\/\/pfkeepers.com\/english\/wp-json\/wp\/v2\/types\/product"}],"wp:featuredmedia":[{"embeddable":true,"href":"https:\/\/pfkeepers.com\/english\/wp-json\/wp\/v2\/media\/357226"}],"wp:attachment":[{"href":"https:\/\/pfkeepers.com\/english\/wp-json\/wp\/v2\/media?parent=357225"}],"wp:term":[{"taxonomy":"product_cat","embeddable":true,"href":"https:\/\/pfkeepers.com\/english\/wp-json\/wp\/v2\/product_cat?post=357225"},{"taxonomy":"product_tag","embeddable":true,"href":"https:\/\/pfkeepers.com\/english\/wp-json\/wp\/v2\/product_tag?post=357225"}],"curies":[{"name":"wp","href":"https:\/\/api.w.org\/{rel}","templated":true}]}}