{"id":357223,"date":"2025-01-15T20:34:52","date_gmt":"2025-01-15T20:34:52","guid":{"rendered":"https:\/\/pfkeepers.com\/produto\/helanthium-tenellum-green-1-2-grow-tropica\/"},"modified":"2026-04-19T00:58:55","modified_gmt":"2026-04-19T00:58:55","slug":"helanthium-tenellum-green-1-2-grow-tropica","status":"publish","type":"product","link":"https:\/\/pfkeepers.com\/english\/product\/helanthium-tenellum-green-1-2-grow-tropica\/","title":{"rendered":"Helanthium tenellum &#8216;Green&#8217; 1-2 Grow Tropica"},"content":{"rendered":"<p>Anteriormente chamado Echinodorus tenellus &#8216;Verde&#8217;.<\/p>\n<p>Anteriormente chamado Echinodorus tenellus &#8216;Verde&#8217;.<br \/>\nEsta pequena planta semelhante a uma rosa formar\u00e1 facilmente um tapete de 5 a 10 cm de altura quando a luz for boa e a camada inferior for nutritiva. Mesmo em n\u00edveis de luz intensos, esta variedade mant\u00e9m-se verde e fresca, ao contr\u00e1rio do Helanthium tenellum, que \u00e9 mais avermelhado.<br \/>\nUma planta de primeiro plano f\u00e1cil e pouco exigente.<\/p>\n<p>Informa\u00e7\u00f5es da planta:<\/p>\n<p>Tipo: Alcatifa<br \/>\nOrigem: Cultivar<br \/>\nTaxa de crescimento:<br \/>\nAltura: 5 &#8211; 15+<\/p>","protected":false},"excerpt":{"rendered":"<p>Anteriormente chamado Echinodorus tenellus &#8216;Verde&#8217;. Anteriormente chamado Echinodorus tenellus &#8216;Verde&#8217;. Esta pequena planta semelhante a uma rosa formar\u00e1 facilmente um tapete de 5 a 10 cm de altura quando a luz for boa e a camada inferior for nutritiva. Mesmo em n\u00edveis de luz intensos, esta variedade mant\u00e9m-se verde e fresca, ao contr\u00e1rio do Helanthium &hellip;<\/p>\n<p class=\"read-more\"> <a class=\"\" href=\"https:\/\/pfkeepers.com\/english\/product\/helanthium-tenellum-green-1-2-grow-tropica\/\"> <span class=\"screen-reader-text\">Helanthium tenellum &#8216;Green&#8217; 1-2 Grow Tropica<\/span> Read More &raquo;<\/a><\/p>","protected":false},"featured_media":357224,"template":"","meta":{"site-sidebar-layout":"default","site-content-layout":"","ast-site-content-layout":"default","site-content-style":"default","site-sidebar-style":"default","ast-global-header-display":"","ast-banner-title-visibility":"","ast-main-header-display":"","ast-hfb-above-header-display":"","ast-hfb-below-header-display":"","ast-hfb-mobile-header-display":"","site-post-title":"","ast-breadcrumbs-content":"","ast-featured-img":"","footer-sml-layout":"","theme-transparent-header-meta":"default","adv-header-id-meta":"","stick-header-meta":"","header-above-stick-meta":"","header-main-stick-meta":"","header-below-stick-meta":"","astra-migrate-meta-layouts":"set"},"product_cat":[1513],"product_tag":[1064],"_links":{"self":[{"href":"https:\/\/pfkeepers.com\/english\/wp-json\/wp\/v2\/product\/357223"}],"collection":[{"href":"https:\/\/pfkeepers.com\/english\/wp-json\/wp\/v2\/product"}],"about":[{"href":"https:\/\/pfkeepers.com\/english\/wp-json\/wp\/v2\/types\/product"}],"wp:featuredmedia":[{"embeddable":true,"href":"https:\/\/pfkeepers.com\/english\/wp-json\/wp\/v2\/media\/357224"}],"wp:attachment":[{"href":"https:\/\/pfkeepers.com\/english\/wp-json\/wp\/v2\/media?parent=357223"}],"wp:term":[{"taxonomy":"product_cat","embeddable":true,"href":"https:\/\/pfkeepers.com\/english\/wp-json\/wp\/v2\/product_cat?post=357223"},{"taxonomy":"product_tag","embeddable":true,"href":"https:\/\/pfkeepers.com\/english\/wp-json\/wp\/v2\/product_tag?post=357223"}],"curies":[{"name":"wp","href":"https:\/\/api.w.org\/{rel}","templated":true}]}}