{"id":356523,"date":"2024-12-06T16:51:45","date_gmt":"2024-12-06T16:51:45","guid":{"rendered":"https:\/\/pfkeepers.com\/produto\/new-life-spectrum-ick-shield-powder-bath-solution-50g\/"},"modified":"2025-02-25T10:38:21","modified_gmt":"2025-02-25T10:38:21","slug":"new-life-spectrum-ick-shield-powder-bath-solution-50g__trashed","status":"publish","type":"product","link":"https:\/\/pfkeepers.com\/english\/product\/new-life-spectrum-ick-shield-powder-bath-solution-50g__trashed\/","title":{"rendered":"New Life Spectrum ICK-Shield Powder\/Bath Solution 50g"},"content":{"rendered":"<p>New Life Spectrum Ick Shield Powder \u00e9 extremamente eficaz no combate a ectoparasitas como Ich (Cryptocaryon irritans), Marine Velvet Disease (Amyloodinium), Brooklynella hostilis e Uronema marinum. Ao contr\u00e1rio dos tratamentos com cobre, o Ick Shield Powder na dosagem recomendada n\u00e3o causa estresse ou perda de apetite. Para efic\u00e1cia m\u00e1xima, esta solu\u00e7\u00e3o de banho facilmente administrada combate os est\u00e1gios infeccioso (tomita) e alimenta\u00e7\u00e3o (trofonte) dos ciclos de vida do ectoparasita. Ick Shield Powder \u00e9 ideal para tratar peixes doentes que s\u00e3o menos inclinados a comer devido \u00e0 diminui\u00e7\u00e3o do apetite. Trata uma grande variedade de peixes de \u00e1gua doce e marinhos (incluindo esp\u00e9cies sem escamas). Uma garrafa de Ick-Shield Powder pode tratar 1600 gal\u00f5es de volume de \u00e1gua.<\/p>\n<p>Cuidado: Apenas para uso em aqu\u00e1rios! Para uso apenas com peixes ornamentais de aqu\u00e1rio! N\u00e3o deve ser usado em alimentos para peixes. Ick Shield Powder N\u00c3O deve ser usado com an\u00eamonas ou corais, mas n\u00e3o ir\u00e1 prejudicar outros invertebrados nas dosagens recomendadas. Ideal para uso em tanques de hospital \/ quarentena.<\/p>\n<p>N\u00c3O EXPONHA A CORAIS OU AN\u00caMONAS!<\/p>\n<p>Prepara\u00e7\u00e3o do aqu\u00e1rio:<\/p>\n<p>Para uso em tanques hospitalares ou de quarentena.<br \/>\nSem rochas ou leitos de areia profundos no tanque.<br \/>\nSem luzes UV \/ Recife. Eles ir\u00e3o decompor o ingrediente ativo.<br \/>\nRemova todos os meios de filtra\u00e7\u00e3o e desligue os skimmers de prote\u00edna<br \/>\nA filtra\u00e7\u00e3o biol\u00f3gica (biofiltros \u00famidos \/ secos) \u00e9 necess\u00e1ria para aqu\u00e1rios marinhos.<br \/>\nN\u00e3o deve ser usado com an\u00eamonas ou coral<br \/>\nTratamento e dura\u00e7\u00e3o:<\/p>\n<p>Consulte as instru\u00e7\u00f5es inclu\u00eddas para obter mais detalhes e exemplos de dosagem.<br \/>\nSistemas Marinhos: Trate 1 dose por 21 dias.<br \/>\nSistemas de \u00e1gua doce: tratar 1 dose por 14 dias.<br \/>\nManter a solu\u00e7\u00e3o do banho em \u00e1gua durante todo o per\u00edodo de tratamento.<br \/>\nSe for necess\u00e1ria uma troca de \u00e1gua, d prepare uma nova \u00e1gua com a dose de 8 ppm antes de introduzir a nova \u00e1gua no tanque.<br \/>\nAp\u00f3s o tratamento, fa\u00e7a uma troca completa da \u00e1gua e troque o meio filtrante para garantir que n\u00e3o haja res\u00edduos do tratamento.<br \/>\nO banho de tratamento ir\u00e1 limpar as algas. Isso pode causar um aumento nos n\u00edveis de am\u00f4nia nos primeiros dias!<\/p>","protected":false},"excerpt":{"rendered":"<p>New Life Spectrum Ick Shield Powder \u00e9 extremamente eficaz no combate a ectoparasitas como Ich (Cryptocaryon irritans), Marine Velvet Disease (Amyloodinium), Brooklynella hostilis e Uronema marinum. Ao contr\u00e1rio dos tratamentos com cobre, o Ick Shield Powder na dosagem recomendada n\u00e3o causa estresse ou perda de apetite. Para efic\u00e1cia m\u00e1xima, esta solu\u00e7\u00e3o de banho facilmente administrada &hellip;<\/p>\n<p class=\"read-more\"> <a class=\"\" href=\"https:\/\/pfkeepers.com\/english\/product\/new-life-spectrum-ick-shield-powder-bath-solution-50g__trashed\/\"> <span class=\"screen-reader-text\">New Life Spectrum ICK-Shield Powder\/Bath Solution 50g<\/span> Read More &raquo;<\/a><\/p>","protected":false},"featured_media":356524,"template":"","meta":{"site-sidebar-layout":"default","site-content-layout":"","ast-site-content-layout":"","site-content-style":"default","site-sidebar-style":"default","ast-global-header-display":"","ast-banner-title-visibility":"","ast-main-header-display":"","ast-hfb-above-header-display":"","ast-hfb-below-header-display":"","ast-hfb-mobile-header-display":"","site-post-title":"","ast-breadcrumbs-content":"","ast-featured-img":"","footer-sml-layout":"","theme-transparent-header-meta":"","adv-header-id-meta":"","stick-header-meta":"","header-above-stick-meta":"","header-main-stick-meta":"","header-below-stick-meta":"","astra-migrate-meta-layouts":""},"product_cat":[1394],"product_tag":[972],"_links":{"self":[{"href":"https:\/\/pfkeepers.com\/english\/wp-json\/wp\/v2\/product\/356523"}],"collection":[{"href":"https:\/\/pfkeepers.com\/english\/wp-json\/wp\/v2\/product"}],"about":[{"href":"https:\/\/pfkeepers.com\/english\/wp-json\/wp\/v2\/types\/product"}],"wp:featuredmedia":[{"embeddable":true,"href":"https:\/\/pfkeepers.com\/english\/wp-json\/wp\/v2\/media\/356524"}],"wp:attachment":[{"href":"https:\/\/pfkeepers.com\/english\/wp-json\/wp\/v2\/media?parent=356523"}],"wp:term":[{"taxonomy":"product_cat","embeddable":true,"href":"https:\/\/pfkeepers.com\/english\/wp-json\/wp\/v2\/product_cat?post=356523"},{"taxonomy":"product_tag","embeddable":true,"href":"https:\/\/pfkeepers.com\/english\/wp-json\/wp\/v2\/product_tag?post=356523"}],"curies":[{"name":"wp","href":"https:\/\/api.w.org\/{rel}","templated":true}]}}