{"id":342474,"date":"2024-11-27T01:40:02","date_gmt":"2024-11-27T01:40:02","guid":{"rendered":"https:\/\/pfkeepers.com\/produto\/microsorum-pteropus-nano-wood-tropica\/"},"modified":"2026-04-19T00:58:43","modified_gmt":"2026-04-19T00:58:43","slug":"microsorum-pteropus-nano-wood-tropica","status":"publish","type":"product","link":"https:\/\/pfkeepers.com\/english\/product\/microsorum-pteropus-nano-wood-tropica\/","title":{"rendered":"Microsorum pteropus nano wood Tropica"},"content":{"rendered":"<p>A Microsorum pteropus, vulgarmente conhecida como Feto de Java, \u00e9 uma planta resistete, f\u00e1cil de manter e com crescimento lento. Neste formato fornecida completamente enraizada num peda\u00e7o de madeira. Perfeito para aqu\u00e1rios pequenos.<\/p>\n<p>Tamanho da pe\u00e7a entre 12 a 15cm. <\/p>","protected":false},"excerpt":{"rendered":"<p>A Microsorum pteropus, vulgarmente conhecida como Feto de Java, \u00e9 uma planta resistete, f\u00e1cil de manter e com crescimento lento. Neste formato fornecida completamente enraizada num peda\u00e7o de madeira. Perfeito para aqu\u00e1rios pequenos. Tamanho da pe\u00e7a entre 12 a 15cm.<\/p>","protected":false},"featured_media":342475,"template":"","meta":{"site-sidebar-layout":"default","site-content-layout":"","ast-site-content-layout":"","site-content-style":"default","site-sidebar-style":"default","ast-global-header-display":"","ast-banner-title-visibility":"","ast-main-header-display":"","ast-hfb-above-header-display":"","ast-hfb-below-header-display":"","ast-hfb-mobile-header-display":"","site-post-title":"","ast-breadcrumbs-content":"","ast-featured-img":"","footer-sml-layout":"","theme-transparent-header-meta":"","adv-header-id-meta":"","stick-header-meta":"","header-above-stick-meta":"","header-main-stick-meta":"","header-below-stick-meta":"","astra-migrate-meta-layouts":""},"product_cat":[1517],"product_tag":[1064],"_links":{"self":[{"href":"https:\/\/pfkeepers.com\/english\/wp-json\/wp\/v2\/product\/342474"}],"collection":[{"href":"https:\/\/pfkeepers.com\/english\/wp-json\/wp\/v2\/product"}],"about":[{"href":"https:\/\/pfkeepers.com\/english\/wp-json\/wp\/v2\/types\/product"}],"wp:featuredmedia":[{"embeddable":true,"href":"https:\/\/pfkeepers.com\/english\/wp-json\/wp\/v2\/media\/342475"}],"wp:attachment":[{"href":"https:\/\/pfkeepers.com\/english\/wp-json\/wp\/v2\/media?parent=342474"}],"wp:term":[{"taxonomy":"product_cat","embeddable":true,"href":"https:\/\/pfkeepers.com\/english\/wp-json\/wp\/v2\/product_cat?post=342474"},{"taxonomy":"product_tag","embeddable":true,"href":"https:\/\/pfkeepers.com\/english\/wp-json\/wp\/v2\/product_tag?post=342474"}],"curies":[{"name":"wp","href":"https:\/\/api.w.org\/{rel}","templated":true}]}}