{"id":322179,"date":"2024-11-19T19:51:27","date_gmt":"2024-11-19T19:51:27","guid":{"rendered":"https:\/\/pfkeepers.com\/produto\/aquael-fish-net-4\/"},"modified":"2026-04-18T02:30:49","modified_gmt":"2026-04-18T02:30:49","slug":"aquael-fish-net-4","status":"publish","type":"product","link":"https:\/\/pfkeepers.com\/english\/product\/aquael-fish-net-4\/","title":{"rendered":"AquaEl Fish Net 4&#8221;"},"content":{"rendered":"<p>Redes universais projetadas para a captura segura de peixes em aqu\u00e1rios de \u00e1gua doce e salgada. As redes s\u00e3o feitas de malha macia para proteger a pele sens\u00edvel do peixe contra danos mec\u00e2nicos. Gra\u00e7as \u00e0 forma retangular das redes, os peixes podem ser capturados mesmo nos cantos do tanque. A ampla gama de tamanhos permite escolher uma rede adequada ao tamanho dos habitantes do aqu\u00e1rio.<\/p>","protected":false},"excerpt":{"rendered":"<p>Redes universais projetadas para a captura segura de peixes em aqu\u00e1rios de \u00e1gua doce e salgada. As redes s\u00e3o feitas de malha macia para proteger a pele sens\u00edvel do peixe contra danos mec\u00e2nicos. Gra\u00e7as \u00e0 forma retangular das redes, os peixes podem ser capturados mesmo nos cantos do tanque. A ampla gama de tamanhos permite &hellip;<\/p>\n<p class=\"read-more\"> <a class=\"\" href=\"https:\/\/pfkeepers.com\/english\/product\/aquael-fish-net-4\/\"> <span class=\"screen-reader-text\">AquaEl Fish Net 4&#8221;<\/span> Read More &raquo;<\/a><\/p>","protected":false},"featured_media":322180,"template":"","meta":{"site-sidebar-layout":"default","site-content-layout":"","ast-site-content-layout":"default","site-content-style":"default","site-sidebar-style":"default","ast-global-header-display":"","ast-banner-title-visibility":"","ast-main-header-display":"","ast-hfb-above-header-display":"","ast-hfb-below-header-display":"","ast-hfb-mobile-header-display":"","site-post-title":"","ast-breadcrumbs-content":"","ast-featured-img":"","footer-sml-layout":"","theme-transparent-header-meta":"default","adv-header-id-meta":"","stick-header-meta":"","header-above-stick-meta":"","header-main-stick-meta":"","header-below-stick-meta":"","astra-migrate-meta-layouts":"set"},"product_cat":[1570],"product_tag":[767],"_links":{"self":[{"href":"https:\/\/pfkeepers.com\/english\/wp-json\/wp\/v2\/product\/322179"}],"collection":[{"href":"https:\/\/pfkeepers.com\/english\/wp-json\/wp\/v2\/product"}],"about":[{"href":"https:\/\/pfkeepers.com\/english\/wp-json\/wp\/v2\/types\/product"}],"wp:featuredmedia":[{"embeddable":true,"href":"https:\/\/pfkeepers.com\/english\/wp-json\/wp\/v2\/media\/322180"}],"wp:attachment":[{"href":"https:\/\/pfkeepers.com\/english\/wp-json\/wp\/v2\/media?parent=322179"}],"wp:term":[{"taxonomy":"product_cat","embeddable":true,"href":"https:\/\/pfkeepers.com\/english\/wp-json\/wp\/v2\/product_cat?post=322179"},{"taxonomy":"product_tag","embeddable":true,"href":"https:\/\/pfkeepers.com\/english\/wp-json\/wp\/v2\/product_tag?post=322179"}],"curies":[{"name":"wp","href":"https:\/\/api.w.org\/{rel}","templated":true}]}}