{"id":301568,"date":"2024-11-06T02:51:33","date_gmt":"2024-11-06T02:51:33","guid":{"rendered":"https:\/\/pfkeepers.com\/produto\/tetra-fantasma-negro-megalamphodus-megalopte\/"},"modified":"2026-04-19T00:58:31","modified_gmt":"2026-04-19T00:58:31","slug":"tetra-fantasma-negro-megalamphodus-megalopte","status":"publish","type":"product","link":"https:\/\/pfkeepers.com\/english\/product\/tetra-fantasma-negro-megalamphodus-megalopte\/","title":{"rendered":"Tetra Fantasma Negro &#8211; Megalamphodus megalopte"},"content":{"rendered":"<p>Esp\u00e9cie: Hyphessobrycon megalopterus<\/p>\n<p>Nome comum: Tetra Fantasma Negro<\/p>\n<p>Tamanho dispon\u00edvel: 2.0 &#8211; 2.5 cm<\/p>\n<p>Tamanho m\u00e1ximo: 3 cm<\/p>\n<p>pH: 5.0 &#8211; 7.0<\/p>\n<p>Dureza: 1 &#8211; 18\u00ba \/  18 &#8211; 215 ppm<\/p>\n<p>Temperatura: 22 &#8211; 28\u00baC<\/p>\n<p>Alimenta\u00e7\u00e3o: Omn\u00edvoro. No ambiente natural alimentam-se de invertebrados, crust\u00e1ceos, e mais raramente alga filamentosa. Em aqu\u00e1rio come comida seca, mas como a maioria dos peixes d\u00e1-se melhor com um menu variado devendo tambem conter comida viva e congelada como larva de mosquito, daphnia, art\u00e9mia, tubifex.<\/p>\n<p>Comportamento: Pac\u00edfico. Peixe de cardume, manter no m\u00ednimo 6 indiv\u00edduos.<\/p>\n<p>Dimorfismo sexual: Machos adultos possuem corpo retil\u00edneo e barbatanas p\u00e9lvica, dorsal e anal maiores e de cor mais negra. As f\u00eameas possuem barbatanas p\u00e9lvicas, anal e adiposas mais vermelhas.<\/p>\n<p>Reprodu\u00e7\u00e3o: Ov\u00edparo.<\/p>\n<p>Tamanho m\u00ednimo de aqu\u00e1rio: 55L<\/p>\n<p>Origem: Am\u00e9rica do Sul, alto da Bacia do Paraguai e Bacia Guapor\u00e9<\/p>","protected":false},"excerpt":{"rendered":"<p>Esp\u00e9cie: Hyphessobrycon megalopterus Nome comum: Tetra Fantasma Negro Tamanho dispon\u00edvel: 2.0 &#8211; 2.5 cm Tamanho m\u00e1ximo: 3 cm pH: 5.0 &#8211; 7.0 Dureza: 1 &#8211; 18\u00ba \/ 18 &#8211; 215 ppm Temperatura: 22 &#8211; 28\u00baC Alimenta\u00e7\u00e3o: Omn\u00edvoro. No ambiente natural alimentam-se de invertebrados, crust\u00e1ceos, e mais raramente alga filamentosa. Em aqu\u00e1rio come comida seca, mas &hellip;<\/p>\n<p class=\"read-more\"> <a class=\"\" href=\"https:\/\/pfkeepers.com\/english\/product\/tetra-fantasma-negro-megalamphodus-megalopte\/\"> <span class=\"screen-reader-text\">Tetra Fantasma Negro &#8211; Megalamphodus megalopte<\/span> Read More &raquo;<\/a><\/p>","protected":false},"featured_media":301569,"template":"","meta":{"site-sidebar-layout":"default","site-content-layout":"","ast-site-content-layout":"","site-content-style":"default","site-sidebar-style":"default","ast-global-header-display":"","ast-banner-title-visibility":"","ast-main-header-display":"","ast-hfb-above-header-display":"","ast-hfb-below-header-display":"","ast-hfb-mobile-header-display":"","site-post-title":"","ast-breadcrumbs-content":"","ast-featured-img":"","footer-sml-layout":"","theme-transparent-header-meta":"","adv-header-id-meta":"","stick-header-meta":"","header-above-stick-meta":"","header-main-stick-meta":"","header-below-stick-meta":"","astra-migrate-meta-layouts":""},"product_cat":[1354],"product_tag":[],"_links":{"self":[{"href":"https:\/\/pfkeepers.com\/english\/wp-json\/wp\/v2\/product\/301568"}],"collection":[{"href":"https:\/\/pfkeepers.com\/english\/wp-json\/wp\/v2\/product"}],"about":[{"href":"https:\/\/pfkeepers.com\/english\/wp-json\/wp\/v2\/types\/product"}],"wp:featuredmedia":[{"embeddable":true,"href":"https:\/\/pfkeepers.com\/english\/wp-json\/wp\/v2\/media\/301569"}],"wp:attachment":[{"href":"https:\/\/pfkeepers.com\/english\/wp-json\/wp\/v2\/media?parent=301568"}],"wp:term":[{"taxonomy":"product_cat","embeddable":true,"href":"https:\/\/pfkeepers.com\/english\/wp-json\/wp\/v2\/product_cat?post=301568"},{"taxonomy":"product_tag","embeddable":true,"href":"https:\/\/pfkeepers.com\/english\/wp-json\/wp\/v2\/product_tag?post=301568"}],"curies":[{"name":"wp","href":"https:\/\/api.w.org\/{rel}","templated":true}]}}