{"id":298547,"date":"2024-11-05T19:02:09","date_gmt":"2024-11-05T19:02:09","guid":{"rendered":"https:\/\/pfkeepers.com\/produto\/aquael-aquarium-set-leddy-mini-30-17l-preto\/"},"modified":"2026-04-12T16:17:05","modified_gmt":"2026-04-12T16:17:05","slug":"aquael-aquarium-set-leddy-mini-30-17l-preto","status":"publish","type":"product","link":"https:\/\/pfkeepers.com\/english\/product\/aquael-aquarium-set-leddy-mini-30-17l-preto\/","title":{"rendered":"AquaEl Aquarium Set LEDDY MINI 30 (13L) Black"},"content":{"rendered":"<p>CONJUNTO CRIATIVO MINI LEDDY<br \/>\nVENHA PINTAR O SEU MUNDO!<\/p>\n<p>DESCRI\u00c7\u00c3O DO PRODUTO<\/p>\n<p>O conjunto Leddy Mini foi criado para aquaristas iniciantes, especialmente crian\u00e7as \u2013 o aqu\u00e1rio \u00e9 pequeno \u2013 e encaixa perfeitamente na decora\u00e7\u00e3o do quarto de uma crian\u00e7a pequena.<\/p>\n<p>O vidro FLOAT dur\u00e1vel e uma moldura que protege o fundo garantem uma utiliza\u00e7\u00e3o segura, enquanto o Turbo Mini Filter cuida da pureza da \u00e1gua.<\/p>\n<p>O bonito cen\u00e1rio autodecor\u00e1vel garante divers\u00e3o criativa e permite criar um mundo subaqu\u00e1tico colorido.<\/p>\n<p>Conjunto criativo Leddy Mini<\/p>\n<p>\u2013 Tampa com sistema Smart Open \u2013 abertura pr\u00e1tica sem salpicos de \u00e1gua, abertura com aba para alimenta\u00e7\u00e3o de peixes<br \/>\n\u2013 Furo com aba para alimenta\u00e7\u00e3o de peixes\/camar\u00f5es<br \/>\n\u2013 Estrutura inferior \u2013 prote\u00e7\u00e3o do fundo do aqu\u00e1rio<br \/>\n\u2013 Filtro Turbo Mini \u2013 capacidade: 320 l\/h, regula\u00e7\u00e3o do caudal, aera\u00e7\u00e3o e dire\u00e7\u00e3o do jato de \u00e1gua<br \/>\n\u2013 Fundo dupla face \u2013 livro de colorir para colar no vidro traseiro: ilustra\u00e7\u00e3o da artista Anna Jankiewicz<br \/>\n\u2013 Ecol\u00f3gico \u2013 na vers\u00e3o preta, a tampa e a estrutura s\u00e3o feitas de materiais reciclados<br \/>\n\u2013 Embalagem original com pega pr\u00e1tica \u2013 ideal para oferta<br \/>\n\u2013 Suporte de luz AQUAEL na tampa<br \/>\n\u2013 Fabricado na Pol\u00f3nia<\/p>\n<p>Dimensions [cm] (width x depth x height)<\/p>\n<p>28x15x30<\/p>","protected":false},"excerpt":{"rendered":"<p>CONJUNTO CRIATIVO MINI LEDDY VENHA PINTAR O SEU MUNDO! DESCRI\u00c7\u00c3O DO PRODUTO O conjunto Leddy Mini foi criado para aquaristas iniciantes, especialmente crian\u00e7as \u2013 o aqu\u00e1rio \u00e9 pequeno \u2013 e encaixa perfeitamente na decora\u00e7\u00e3o do quarto de uma crian\u00e7a pequena. O vidro FLOAT dur\u00e1vel e uma moldura que protege o fundo garantem uma utiliza\u00e7\u00e3o segura, &hellip;<\/p>\n<p class=\"read-more\"> <a class=\"\" href=\"https:\/\/pfkeepers.com\/english\/product\/aquael-aquarium-set-leddy-mini-30-17l-preto\/\"> <span class=\"screen-reader-text\">AquaEl Aquarium Set LEDDY MINI 30 (13L) Black<\/span> Read More &raquo;<\/a><\/p>","protected":false},"featured_media":298548,"template":"","meta":{"site-sidebar-layout":"default","site-content-layout":"","ast-site-content-layout":"","site-content-style":"default","site-sidebar-style":"default","ast-global-header-display":"","ast-banner-title-visibility":"","ast-main-header-display":"","ast-hfb-above-header-display":"","ast-hfb-below-header-display":"","ast-hfb-mobile-header-display":"","site-post-title":"","ast-breadcrumbs-content":"","ast-featured-img":"","footer-sml-layout":"","theme-transparent-header-meta":"","adv-header-id-meta":"","stick-header-meta":"","header-above-stick-meta":"","header-main-stick-meta":"","header-below-stick-meta":"","astra-migrate-meta-layouts":""},"product_cat":[1389],"product_tag":[767],"_links":{"self":[{"href":"https:\/\/pfkeepers.com\/english\/wp-json\/wp\/v2\/product\/298547"}],"collection":[{"href":"https:\/\/pfkeepers.com\/english\/wp-json\/wp\/v2\/product"}],"about":[{"href":"https:\/\/pfkeepers.com\/english\/wp-json\/wp\/v2\/types\/product"}],"wp:featuredmedia":[{"embeddable":true,"href":"https:\/\/pfkeepers.com\/english\/wp-json\/wp\/v2\/media\/298548"}],"wp:attachment":[{"href":"https:\/\/pfkeepers.com\/english\/wp-json\/wp\/v2\/media?parent=298547"}],"wp:term":[{"taxonomy":"product_cat","embeddable":true,"href":"https:\/\/pfkeepers.com\/english\/wp-json\/wp\/v2\/product_cat?post=298547"},{"taxonomy":"product_tag","embeddable":true,"href":"https:\/\/pfkeepers.com\/english\/wp-json\/wp\/v2\/product_tag?post=298547"}],"curies":[{"name":"wp","href":"https:\/\/api.w.org\/{rel}","templated":true}]}}