{"id":291607,"date":"2024-10-26T17:01:17","date_gmt":"2024-10-26T17:01:17","guid":{"rendered":"https:\/\/pfkeepers.com\/produto\/hyperion-25w-ultra-hight-performance-quartz-uvc-lamp-t8-linear\/"},"modified":"2025-02-27T22:06:37","modified_gmt":"2025-02-27T22:06:37","slug":"hyperion-25w-ultra-hight-performance-quartz-uvc-lamp-t8-linear","status":"publish","type":"product","link":"https:\/\/pfkeepers.com\/english\/product\/hyperion-25w-ultra-hight-performance-quartz-uvc-lamp-t8-linear\/","title":{"rendered":"Hyperion 25w &#8211; Ultra Hight Performance Quartz UVC Lamp T8 Linear"},"content":{"rendered":"<p>TMC Hyperion L\u00e2mpada UV-C de quartzo de alta performance. Melhores niveis de transmiss\u00e3o e manuten\u00e7\u00e3o UV-C para utiiza\u00e7\u00e3o em TODAS AS MARCAS de clarificadores UV para lagos e esterilizadores UVc para aqu\u00e1rios<\/p>\n<p>The next evolution of UV-C lamp technology in the aquatics hobby<\/p>\n<p>Manufactured under the strictest quality control conditions<\/p>\n<p>Robust lamp ends<\/p>\n<p>Last 50% longer than the standard lamps<\/p>\n<p>Improved UV-C transmittance<\/p>\n<p>Maintained output for up to 12000 hours (85% output)<\/p>\n<p>Ideal for all models of POND CLARIFIERS and UV aquarium sterilisers<\/p>","protected":false},"excerpt":{"rendered":"<p>TMC Hyperion L\u00e2mpada UV-C de quartzo de alta performance. Melhores niveis de transmiss\u00e3o e manuten\u00e7\u00e3o UV-C para utiiza\u00e7\u00e3o em TODAS AS MARCAS de clarificadores UV para lagos e esterilizadores UVc para aqu\u00e1rios The next evolution of UV-C lamp technology in the aquatics hobby Manufactured under the strictest quality control conditions Robust lamp ends Last 50% &hellip;<\/p>\n<p class=\"read-more\"> <a class=\"\" href=\"https:\/\/pfkeepers.com\/english\/product\/hyperion-25w-ultra-hight-performance-quartz-uvc-lamp-t8-linear\/\"> <span class=\"screen-reader-text\">Hyperion 25w &#8211; Ultra Hight Performance Quartz UVC Lamp T8 Linear<\/span> Read More &raquo;<\/a><\/p>","protected":false},"featured_media":304741,"template":"","meta":{"site-sidebar-layout":"default","site-content-layout":"","ast-site-content-layout":"default","site-content-style":"default","site-sidebar-style":"default","ast-global-header-display":"","ast-banner-title-visibility":"","ast-main-header-display":"","ast-hfb-above-header-display":"","ast-hfb-below-header-display":"","ast-hfb-mobile-header-display":"","site-post-title":"","ast-breadcrumbs-content":"","ast-featured-img":"","footer-sml-layout":"","theme-transparent-header-meta":"default","adv-header-id-meta":"","stick-header-meta":"","header-above-stick-meta":"","header-main-stick-meta":"","header-below-stick-meta":"","astra-migrate-meta-layouts":"set"},"product_cat":[1418],"product_tag":[1058],"_links":{"self":[{"href":"https:\/\/pfkeepers.com\/english\/wp-json\/wp\/v2\/product\/291607"}],"collection":[{"href":"https:\/\/pfkeepers.com\/english\/wp-json\/wp\/v2\/product"}],"about":[{"href":"https:\/\/pfkeepers.com\/english\/wp-json\/wp\/v2\/types\/product"}],"wp:featuredmedia":[{"embeddable":true,"href":"https:\/\/pfkeepers.com\/english\/wp-json\/wp\/v2\/media\/304741"}],"wp:attachment":[{"href":"https:\/\/pfkeepers.com\/english\/wp-json\/wp\/v2\/media?parent=291607"}],"wp:term":[{"taxonomy":"product_cat","embeddable":true,"href":"https:\/\/pfkeepers.com\/english\/wp-json\/wp\/v2\/product_cat?post=291607"},{"taxonomy":"product_tag","embeddable":true,"href":"https:\/\/pfkeepers.com\/english\/wp-json\/wp\/v2\/product_tag?post=291607"}],"curies":[{"name":"wp","href":"https:\/\/api.w.org\/{rel}","templated":true}]}}