{"id":285748,"date":"2024-10-22T00:00:34","date_gmt":"2024-10-22T00:00:34","guid":{"rendered":"https:\/\/pfkeepers.com\/produto\/cryptocoryne-usteriana-pot-tropica\/"},"modified":"2026-04-19T00:58:14","modified_gmt":"2026-04-19T00:58:14","slug":"cryptocoryne-usteriana-pot-tropica","status":"publish","type":"product","link":"https:\/\/pfkeepers.com\/english\/product\/cryptocoryne-usteriana-pot-tropica\/","title":{"rendered":"Cryptocoryne usteriana pot Tropica"},"content":{"rendered":"<p>Cryptocoryne usteriana \u00e9 uma das criptocorynes mais altas e \u00e9 muito f\u00e1cil de crescer.<\/p>\n<p>As folhas t\u00eam de 3 a 5 cm de largura com uma superf\u00edcie em relevo; eles podem facilmente atingir mais de 50 cm de comprimento.<\/p>\n<p>Com boa luz e fertiliza\u00e7\u00e3o, o lado superior das folhas obter\u00e1 uma cor verde escuro ou verde-bronze, enquanto a parte de tr\u00e1s das folhas ficar\u00e1 vermelha borgonha.<\/p>\n<p>A propaga\u00e7\u00e3o \u00e9 por corredores longos, e a planta tolera bastante \u00e1gua alcalina muito bem.<\/p>\n<p>Informa\u00e7\u00f5es da planta:<\/p>\n<p>Tipo: Rosulate<br \/>\nOrigem: \u00c1sia<br \/>\nTaxa de crescimento: Lento<br \/>\nAltura: 20 &#8211; 30+<br \/>\nDemanda leve: Baixo<br \/>\nCO2 : Baixo <\/p>","protected":false},"excerpt":{"rendered":"<p>Cryptocoryne usteriana \u00e9 uma das criptocorynes mais altas e \u00e9 muito f\u00e1cil de crescer. As folhas t\u00eam de 3 a 5 cm de largura com uma superf\u00edcie em relevo; eles podem facilmente atingir mais de 50 cm de comprimento. Com boa luz e fertiliza\u00e7\u00e3o, o lado superior das folhas obter\u00e1 uma cor verde escuro ou &hellip;<\/p>\n<p class=\"read-more\"> <a class=\"\" href=\"https:\/\/pfkeepers.com\/english\/product\/cryptocoryne-usteriana-pot-tropica\/\"> <span class=\"screen-reader-text\">Cryptocoryne usteriana pot Tropica<\/span> Read More &raquo;<\/a><\/p>","protected":false},"featured_media":285749,"template":"","meta":{"site-sidebar-layout":"default","site-content-layout":"","ast-site-content-layout":"","site-content-style":"default","site-sidebar-style":"default","ast-global-header-display":"","ast-banner-title-visibility":"","ast-main-header-display":"","ast-hfb-above-header-display":"","ast-hfb-below-header-display":"","ast-hfb-mobile-header-display":"","site-post-title":"","ast-breadcrumbs-content":"","ast-featured-img":"","footer-sml-layout":"","theme-transparent-header-meta":"","adv-header-id-meta":"","stick-header-meta":"","header-above-stick-meta":"","header-main-stick-meta":"","header-below-stick-meta":"","astra-migrate-meta-layouts":""},"product_cat":[1511],"product_tag":[1064],"_links":{"self":[{"href":"https:\/\/pfkeepers.com\/english\/wp-json\/wp\/v2\/product\/285748"}],"collection":[{"href":"https:\/\/pfkeepers.com\/english\/wp-json\/wp\/v2\/product"}],"about":[{"href":"https:\/\/pfkeepers.com\/english\/wp-json\/wp\/v2\/types\/product"}],"wp:featuredmedia":[{"embeddable":true,"href":"https:\/\/pfkeepers.com\/english\/wp-json\/wp\/v2\/media\/285749"}],"wp:attachment":[{"href":"https:\/\/pfkeepers.com\/english\/wp-json\/wp\/v2\/media?parent=285748"}],"wp:term":[{"taxonomy":"product_cat","embeddable":true,"href":"https:\/\/pfkeepers.com\/english\/wp-json\/wp\/v2\/product_cat?post=285748"},{"taxonomy":"product_tag","embeddable":true,"href":"https:\/\/pfkeepers.com\/english\/wp-json\/wp\/v2\/product_tag?post=285748"}],"curies":[{"name":"wp","href":"https:\/\/api.w.org\/{rel}","templated":true}]}}