{"id":285742,"date":"2024-10-22T00:00:23","date_gmt":"2024-10-22T00:00:23","guid":{"rendered":"https:\/\/pfkeepers.com\/produto\/rotala-rotundifolia-green-1-2-grow-tropica\/"},"modified":"2026-04-19T00:57:56","modified_gmt":"2026-04-19T00:57:56","slug":"rotala-rotundifolia-green-1-2-grow-tropica","status":"publish","type":"product","link":"https:\/\/pfkeepers.com\/english\/product\/rotala-rotundifolia-green-1-2-grow-tropica\/","title":{"rendered":"Rotala rotundifolia \u00b4Green&#8217; 1-2 Grow Tropica"},"content":{"rendered":"<p>Rotala Rotundifolia Green 1-2-Grow<br \/>\nA Rotala asi\u00e1tica sp. &#8216;Verde&#8217; \u00e9 muito semelhante \u00e0 Rotala rotundifolia, mas suas folhas permanecem frescas e verdes brilhantes, mesmo com luz intensa. Os caules t\u00eam 40-50 cm de comprimento e 2-3 cm de largura. A planta forma muitos brotos laterais de boa vontade e obt\u00e9m um crescimento bonito, espesso e &#8220;pendurado&#8221;. Pod\u00e1-lo com frequ\u00eancia para manter um crescimento saud\u00e1vel. Uma planta inicial ideal que fica melhor quando plantada em grandes grupos. <\/p>\n<p>Informa\u00e7\u00f5es da planta<br \/>\nTipo: Tronco<br \/>\nOrigem: \u00c1sia<br \/>\nTaxa de crescimento: Alto<br \/>\nAltura: 20 &#8211; 30+<br \/>\nDemanda leve: M\u00e9dio<br \/>\nCO2: M\u00e9dio <\/p>","protected":false},"excerpt":{"rendered":"<p>Rotala Rotundifolia Green 1-2-Grow A Rotala asi\u00e1tica sp. &#8216;Verde&#8217; \u00e9 muito semelhante \u00e0 Rotala rotundifolia, mas suas folhas permanecem frescas e verdes brilhantes, mesmo com luz intensa. Os caules t\u00eam 40-50 cm de comprimento e 2-3 cm de largura. A planta forma muitos brotos laterais de boa vontade e obt\u00e9m um crescimento bonito, espesso e &hellip;<\/p>\n<p class=\"read-more\"> <a class=\"\" href=\"https:\/\/pfkeepers.com\/english\/product\/rotala-rotundifolia-green-1-2-grow-tropica\/\"> <span class=\"screen-reader-text\">Rotala rotundifolia \u00b4Green&#8217; 1-2 Grow Tropica<\/span> Read More &raquo;<\/a><\/p>","protected":false},"featured_media":285743,"template":"","meta":{"site-sidebar-layout":"default","site-content-layout":"","ast-site-content-layout":"","site-content-style":"default","site-sidebar-style":"default","ast-global-header-display":"","ast-banner-title-visibility":"","ast-main-header-display":"","ast-hfb-above-header-display":"","ast-hfb-below-header-display":"","ast-hfb-mobile-header-display":"","site-post-title":"","ast-breadcrumbs-content":"","ast-featured-img":"","footer-sml-layout":"","theme-transparent-header-meta":"","adv-header-id-meta":"","stick-header-meta":"","header-above-stick-meta":"","header-main-stick-meta":"","header-below-stick-meta":"","astra-migrate-meta-layouts":""},"product_cat":[1513],"product_tag":[1064],"_links":{"self":[{"href":"https:\/\/pfkeepers.com\/english\/wp-json\/wp\/v2\/product\/285742"}],"collection":[{"href":"https:\/\/pfkeepers.com\/english\/wp-json\/wp\/v2\/product"}],"about":[{"href":"https:\/\/pfkeepers.com\/english\/wp-json\/wp\/v2\/types\/product"}],"wp:featuredmedia":[{"embeddable":true,"href":"https:\/\/pfkeepers.com\/english\/wp-json\/wp\/v2\/media\/285743"}],"wp:attachment":[{"href":"https:\/\/pfkeepers.com\/english\/wp-json\/wp\/v2\/media?parent=285742"}],"wp:term":[{"taxonomy":"product_cat","embeddable":true,"href":"https:\/\/pfkeepers.com\/english\/wp-json\/wp\/v2\/product_cat?post=285742"},{"taxonomy":"product_tag","embeddable":true,"href":"https:\/\/pfkeepers.com\/english\/wp-json\/wp\/v2\/product_tag?post=285742"}],"curies":[{"name":"wp","href":"https:\/\/api.w.org\/{rel}","templated":true}]}}