{"id":277545,"date":"2024-10-12T04:12:46","date_gmt":"2024-10-12T04:12:46","guid":{"rendered":"https:\/\/pfkeepers.com\/produto\/seachem-flourish-advance-500ml\/"},"modified":"2025-02-27T22:05:02","modified_gmt":"2025-02-27T22:05:02","slug":"seachem-flourish-advance-500ml","status":"publish","type":"product","link":"https:\/\/pfkeepers.com\/english\/product\/seachem-flourish-advance-500ml\/","title":{"rendered":"Seachem Flourish Advance 500ml"},"content":{"rendered":"<p>Flourish Advance \u2122 \u00e9 um potenciador natural de crescimento biol\u00f3gico para as plantas aqu\u00e1ticas. Sua f\u00f3rmula avan\u00e7ada cont\u00e9m fitorm\u00f4nios, minerais e nutrientes que estimulam drasticamente o crescimento de ra\u00edzes e plantas aqu\u00e1ticas. Fitorm\u00f4nios s\u00e3o um grupo de compostos de ocorr\u00eancia natural que desempenham um papel crucial na regula\u00e7\u00e3o do crescimento de plantas em uma ampla gama de processos de desenvolvimento, incluindo a divis\u00e3o celular, a forma\u00e7\u00e3o e a atividade de meristemas de rebentos, a indu\u00e7\u00e3o da express\u00e3o do gene da fotoss\u00edntese, senesc\u00eancia das folhas, a mobiliza\u00e7\u00e3o de nutrientes, a germina\u00e7\u00e3o das sementes, crescimento das ra\u00edzes e resposta ao estresse. Se habitualmente utilizado, tamb\u00e9m melhora a absor\u00e7\u00e3o de minerais e a resist\u00eancia \u00e0 doen\u00e7a. \u00c9 n\u00e3o-t\u00f3xico e completamente seguro para todas as variedades de plantas, bem como para peixes e organismos aqu\u00e1ticos.<\/p>\n<p>Durante os primeiros dez a quatorze dias ap\u00f3s a aplica\u00e7\u00e3o, Flourish Advance \u2122 trabalha para estimular o crescimento da raiz abaixo da superf\u00edcie. Ap\u00f3s este per\u00edodo de indu\u00e7\u00e3o inicial, ir\u00e1 ocorrer o aumento significativo do crescimento nas folhas e nos caules das plantas.<\/p>\n<p>Instru\u00e7\u00f5es<\/p>\n<p>Agitar antes de usar. Utilize 1 tampinha (5 ml) para cada 80 L (20 gal\u00f5es americanos). Dose di\u00e1ria ou como necess\u00e1rio para manter o crescimento da planta.<\/p>\n<p>An\u00e1lise Garantida<\/p>\n<p>Pent\u00f3xido de F\u00f3sforo (P2O5) 0.04%<\/p>\n<p>\u00d3xido de Pot\u00e1ssio (K2O) 0.45%<\/p>\n<p>C\u00e1lcio (Ca) 0.04%<\/p>\n<p>Magn\u00e9sio (Mg) 0.04%<\/p>\n<p>CONT\u00c9M INGREDIENTES N\u00c3O VEGETAIS:<\/p>\n<p>Alanina 0.06%<\/p>\n<p>\u00c1cido Aminobut\u00edrico 0.15%<\/p>\n<p>\u00c1cido Glut\u00e2mico 0.04%<\/p>\n<p>Manitol 0.14%<\/p>\n<p>\u00c1cido Asc\u00f3rbico 0.14%<\/p>\n<p>Fitorm\u00f4nios 0.0003%<\/p>\n<p>Derivado de: Cloreto de Pot\u00e1ssio, Fosfato de Pot\u00e1ssio, Fosfato de s\u00f3dio, cloreto de c\u00e1lcio, cloreto de magn\u00e9sio, \u00e1cidos aminados, \u00e1cido asc\u00f3rbico, \u00e1lcoois de a\u00e7\u00facar, fitorm\u00f4nios.<\/p>","protected":false},"excerpt":{"rendered":"<p>Flourish Advance \u2122 \u00e9 um potenciador natural de crescimento biol\u00f3gico para as plantas aqu\u00e1ticas. Sua f\u00f3rmula avan\u00e7ada cont\u00e9m fitorm\u00f4nios, minerais e nutrientes que estimulam drasticamente o crescimento de ra\u00edzes e plantas aqu\u00e1ticas. Fitorm\u00f4nios s\u00e3o um grupo de compostos de ocorr\u00eancia natural que desempenham um papel crucial na regula\u00e7\u00e3o do crescimento de plantas em uma ampla &hellip;<\/p>\n<p class=\"read-more\"> <a class=\"\" href=\"https:\/\/pfkeepers.com\/english\/product\/seachem-flourish-advance-500ml\/\"> <span class=\"screen-reader-text\">Seachem Flourish Advance 500ml<\/span> Read More &raquo;<\/a><\/p>","protected":false},"featured_media":353454,"template":"","meta":{"site-sidebar-layout":"default","site-content-layout":"","ast-site-content-layout":"","site-content-style":"default","site-sidebar-style":"default","ast-global-header-display":"","ast-banner-title-visibility":"","ast-main-header-display":"","ast-hfb-above-header-display":"","ast-hfb-below-header-display":"","ast-hfb-mobile-header-display":"","site-post-title":"","ast-breadcrumbs-content":"","ast-featured-img":"","footer-sml-layout":"","theme-transparent-header-meta":"","adv-header-id-meta":"","stick-header-meta":"","header-above-stick-meta":"","header-main-stick-meta":"","header-below-stick-meta":"","astra-migrate-meta-layouts":""},"product_cat":[1395],"product_tag":[1037],"_links":{"self":[{"href":"https:\/\/pfkeepers.com\/english\/wp-json\/wp\/v2\/product\/277545"}],"collection":[{"href":"https:\/\/pfkeepers.com\/english\/wp-json\/wp\/v2\/product"}],"about":[{"href":"https:\/\/pfkeepers.com\/english\/wp-json\/wp\/v2\/types\/product"}],"wp:featuredmedia":[{"embeddable":true,"href":"https:\/\/pfkeepers.com\/english\/wp-json\/wp\/v2\/media\/353454"}],"wp:attachment":[{"href":"https:\/\/pfkeepers.com\/english\/wp-json\/wp\/v2\/media?parent=277545"}],"wp:term":[{"taxonomy":"product_cat","embeddable":true,"href":"https:\/\/pfkeepers.com\/english\/wp-json\/wp\/v2\/product_cat?post=277545"},{"taxonomy":"product_tag","embeddable":true,"href":"https:\/\/pfkeepers.com\/english\/wp-json\/wp\/v2\/product_tag?post=277545"}],"curies":[{"name":"wp","href":"https:\/\/api.w.org\/{rel}","templated":true}]}}